{"id":15652,"date":"2021-03-28T15:07:10","date_gmt":"2021-03-28T18:07:10","guid":{"rendered":"http:\/\/www.drink.com.ar\/wordpress\/?post_type=product&#038;p=15652"},"modified":"2021-09-05T10:57:41","modified_gmt":"2021-09-05T13:57:41","slug":"capsulas-de-cafe-romagnoli-ristretto-10-unidades-x-caja","status":"publish","type":"product","link":"http:\/\/www.drink.com.ar\/wordpress\/index.php\/product\/capsulas-de-cafe-romagnoli-ristretto-10-unidades-x-caja\/","title":{"rendered":"Caf\u00e9 en Capsulas Romagnoli, Ristretto 10 unidades x caja"},"content":{"rendered":"<h2 class=\"ui-pdp-specs__title\">Caracter\u00edsticas principales<\/h2>\n<div class=\"ui-pdp-specs__table\">\n<table class=\"andes-table\">\n<tbody class=\"andes-table__body\">\n<tr class=\"andes-table__row\">\n<th class=\"andes-table__header andes-table__header--left ui-pdp-specs__table__column ui-pdp-specs__table__column-title\">Marca<\/th>\n<td class=\"andes-table__column andes-table__column--left ui-pdp-specs__table__column\"><span class=\"andes-table__column--value\">Romagnoli<\/span><\/td>\n<\/tr>\n<tr class=\"andes-table__row\">\n<th class=\"andes-table__header andes-table__header--left ui-pdp-specs__table__column ui-pdp-specs__table__column-title\">Variedad<\/th>\n<td class=\"andes-table__column andes-table__column--left ui-pdp-specs__table__column\">Caf\u00e9<\/td>\n<\/tr>\n<tr class=\"andes-table__row\">\n<th class=\"andes-table__header andes-table__header--left ui-pdp-specs__table__column ui-pdp-specs__table__column-title\">Formato de venta<\/th>\n<td class=\"andes-table__column andes-table__column--left ui-pdp-specs__table__column\">Unidad<\/td>\n<\/tr>\n<tr class=\"andes-table__row\">\n<th class=\"andes-table__header andes-table__header--left ui-pdp-specs__table__column ui-pdp-specs__table__column-title\">Unidades por envase<\/th>\n<td class=\"andes-table__column andes-table__column--left ui-pdp-specs__table__column\">10<\/td>\n<\/tr>\n<tr class=\"andes-table__row\">\n<th class=\"andes-table__header andes-table__header--left ui-pdp-specs__table__column ui-pdp-specs__table__column-title\"><\/th>\n<td class=\"andes-table__column andes-table__column--left ui-pdp-specs__table__column\"><\/td>\n<\/tr>\n<\/tbody>\n<\/table>\n<\/div>\n","protected":false},"excerpt":{"rendered":"<p>Caracter\u00edsticas principales Marca Romagnoli Variedad Caf\u00e9 Formato de venta Unidad Unidades por envase 10<\/p>\n","protected":false},"featured_media":15643,"comment_status":"open","ping_status":"closed","template":"","meta":{"jetpack_post_was_ever_published":false,"jetpack_publicize_message":"","jetpack_publicize_feature_enabled":true,"jetpack_social_post_already_shared":true,"jetpack_social_options":{"image_generator_settings":{"template":"highway","enabled":false},"version":2}},"class_list":["post-15652","product","type-product","status-publish","has-post-thumbnail","hentry","product_cat-cafe"],"jetpack_publicize_connections":[],"brands":[],"yoast_head":"<!-- This site is optimized with the Yoast SEO plugin v24.7 - https:\/\/yoast.com\/wordpress\/plugins\/seo\/ -->\n<title>Caf\u00e9 en Capsulas Romagnoli, Ristretto 10 unidades x caja - Drink.com<\/title>\n<meta name=\"robots\" content=\"index, follow, max-snippet:-1, max-image-preview:large, max-video-preview:-1\" \/>\n<link rel=\"canonical\" href=\"http:\/\/www.drink.com.ar\/wordpress\/index.php\/product\/capsulas-de-cafe-romagnoli-ristretto-10-unidades-x-caja\/\" \/>\n<meta property=\"og:locale\" content=\"es_ES\" \/>\n<meta property=\"og:type\" content=\"article\" \/>\n<meta property=\"og:title\" content=\"Caf\u00e9 en Capsulas Romagnoli, Ristretto 10 unidades x caja - Drink.com\" \/>\n<meta property=\"og:description\" content=\"Caracter\u00edsticas principales Marca Romagnoli Variedad Caf\u00e9 Formato de venta Unidad Unidades por envase 10\" \/>\n<meta property=\"og:url\" content=\"http:\/\/www.drink.com.ar\/wordpress\/index.php\/product\/capsulas-de-cafe-romagnoli-ristretto-10-unidades-x-caja\/\" \/>\n<meta property=\"og:site_name\" content=\"Drink.com\" \/>\n<meta property=\"article:modified_time\" content=\"2021-09-05T13:57:41+00:00\" \/>\n<meta property=\"og:image\" content=\"http:\/\/www.drink.com.ar\/wordpress\/wp-content\/uploads\/2021\/03\/WhatsApp-Image-2020-11-03-at-22.29.29.jpeg\" \/>\n\t<meta property=\"og:image:width\" content=\"720\" \/>\n\t<meta property=\"og:image:height\" content=\"916\" \/>\n\t<meta property=\"og:image:type\" content=\"image\/jpeg\" \/>\n<meta name=\"twitter:card\" content=\"summary_large_image\" \/>\n<script type=\"application\/ld+json\" class=\"yoast-schema-graph\">{\"@context\":\"https:\/\/schema.org\",\"@graph\":[{\"@type\":\"WebPage\",\"@id\":\"http:\/\/www.drink.com.ar\/wordpress\/index.php\/product\/capsulas-de-cafe-romagnoli-ristretto-10-unidades-x-caja\/\",\"url\":\"http:\/\/www.drink.com.ar\/wordpress\/index.php\/product\/capsulas-de-cafe-romagnoli-ristretto-10-unidades-x-caja\/\",\"name\":\"Caf\u00e9 en Capsulas Romagnoli, Ristretto 10 unidades x caja - Drink.com\",\"isPartOf\":{\"@id\":\"http:\/\/www.drink.com.ar\/wordpress\/#website\"},\"primaryImageOfPage\":{\"@id\":\"http:\/\/www.drink.com.ar\/wordpress\/index.php\/product\/capsulas-de-cafe-romagnoli-ristretto-10-unidades-x-caja\/#primaryimage\"},\"image\":{\"@id\":\"http:\/\/www.drink.com.ar\/wordpress\/index.php\/product\/capsulas-de-cafe-romagnoli-ristretto-10-unidades-x-caja\/#primaryimage\"},\"thumbnailUrl\":\"http:\/\/www.drink.com.ar\/wordpress\/wp-content\/uploads\/2021\/03\/WhatsApp-Image-2020-11-03-at-22.29.29.jpeg\",\"datePublished\":\"2021-03-28T18:07:10+00:00\",\"dateModified\":\"2021-09-05T13:57:41+00:00\",\"breadcrumb\":{\"@id\":\"http:\/\/www.drink.com.ar\/wordpress\/index.php\/product\/capsulas-de-cafe-romagnoli-ristretto-10-unidades-x-caja\/#breadcrumb\"},\"inLanguage\":\"es-AR\",\"potentialAction\":[{\"@type\":\"ReadAction\",\"target\":[\"http:\/\/www.drink.com.ar\/wordpress\/index.php\/product\/capsulas-de-cafe-romagnoli-ristretto-10-unidades-x-caja\/\"]}]},{\"@type\":\"ImageObject\",\"inLanguage\":\"es-AR\",\"@id\":\"http:\/\/www.drink.com.ar\/wordpress\/index.php\/product\/capsulas-de-cafe-romagnoli-ristretto-10-unidades-x-caja\/#primaryimage\",\"url\":\"http:\/\/www.drink.com.ar\/wordpress\/wp-content\/uploads\/2021\/03\/WhatsApp-Image-2020-11-03-at-22.29.29.jpeg\",\"contentUrl\":\"http:\/\/www.drink.com.ar\/wordpress\/wp-content\/uploads\/2021\/03\/WhatsApp-Image-2020-11-03-at-22.29.29.jpeg\",\"width\":720,\"height\":916},{\"@type\":\"BreadcrumbList\",\"@id\":\"http:\/\/www.drink.com.ar\/wordpress\/index.php\/product\/capsulas-de-cafe-romagnoli-ristretto-10-unidades-x-caja\/#breadcrumb\",\"itemListElement\":[{\"@type\":\"ListItem\",\"position\":1,\"name\":\"Inicio\",\"item\":\"http:\/\/www.drink.com.ar\/wordpress\/\"},{\"@type\":\"ListItem\",\"position\":2,\"name\":\"Nuestra tienda\",\"item\":\"http:\/\/www.drink.com.ar\/wordpress\/\"},{\"@type\":\"ListItem\",\"position\":3,\"name\":\"Caf\u00e9 en Capsulas Romagnoli, Ristretto 10 unidades x caja\"}]},{\"@type\":\"WebSite\",\"@id\":\"http:\/\/www.drink.com.ar\/wordpress\/#website\",\"url\":\"http:\/\/www.drink.com.ar\/wordpress\/\",\"name\":\"Drink &amp; Co\",\"description\":\"No tomar\u00e1s en vano, inventa siempre un pretexto\",\"publisher\":{\"@id\":\"http:\/\/www.drink.com.ar\/wordpress\/#organization\"},\"potentialAction\":[{\"@type\":\"SearchAction\",\"target\":{\"@type\":\"EntryPoint\",\"urlTemplate\":\"http:\/\/www.drink.com.ar\/wordpress\/?s={search_term_string}\"},\"query-input\":{\"@type\":\"PropertyValueSpecification\",\"valueRequired\":true,\"valueName\":\"search_term_string\"}}],\"inLanguage\":\"es-AR\"},{\"@type\":\"Organization\",\"@id\":\"http:\/\/www.drink.com.ar\/wordpress\/#organization\",\"name\":\"Drink & Co\",\"url\":\"http:\/\/www.drink.com.ar\/wordpress\/\",\"logo\":{\"@type\":\"ImageObject\",\"inLanguage\":\"es-AR\",\"@id\":\"http:\/\/www.drink.com.ar\/wordpress\/#\/schema\/logo\/image\/\",\"url\":\"http:\/\/www.drink.com.ar\/wordpress\/wp-content\/uploads\/2019\/03\/otro-logo2-scaled.png\",\"contentUrl\":\"http:\/\/www.drink.com.ar\/wordpress\/wp-content\/uploads\/2019\/03\/otro-logo2-scaled.png\",\"width\":2560,\"height\":477,\"caption\":\"Drink & Co\"},\"image\":{\"@id\":\"http:\/\/www.drink.com.ar\/wordpress\/#\/schema\/logo\/image\/\"}}]}<\/script>\n<!-- \/ Yoast SEO plugin. -->","yoast_head_json":{"title":"Caf\u00e9 en Capsulas Romagnoli, Ristretto 10 unidades x caja - Drink.com","robots":{"index":"index","follow":"follow","max-snippet":"max-snippet:-1","max-image-preview":"max-image-preview:large","max-video-preview":"max-video-preview:-1"},"canonical":"http:\/\/www.drink.com.ar\/wordpress\/index.php\/product\/capsulas-de-cafe-romagnoli-ristretto-10-unidades-x-caja\/","og_locale":"es_ES","og_type":"article","og_title":"Caf\u00e9 en Capsulas Romagnoli, Ristretto 10 unidades x caja - Drink.com","og_description":"Caracter\u00edsticas principales Marca Romagnoli Variedad Caf\u00e9 Formato de venta Unidad Unidades por envase 10","og_url":"http:\/\/www.drink.com.ar\/wordpress\/index.php\/product\/capsulas-de-cafe-romagnoli-ristretto-10-unidades-x-caja\/","og_site_name":"Drink.com","article_modified_time":"2021-09-05T13:57:41+00:00","og_image":[{"width":720,"height":916,"url":"http:\/\/www.drink.com.ar\/wordpress\/wp-content\/uploads\/2021\/03\/WhatsApp-Image-2020-11-03-at-22.29.29.jpeg","type":"image\/jpeg"}],"twitter_card":"summary_large_image","schema":{"@context":"https:\/\/schema.org","@graph":[{"@type":"WebPage","@id":"http:\/\/www.drink.com.ar\/wordpress\/index.php\/product\/capsulas-de-cafe-romagnoli-ristretto-10-unidades-x-caja\/","url":"http:\/\/www.drink.com.ar\/wordpress\/index.php\/product\/capsulas-de-cafe-romagnoli-ristretto-10-unidades-x-caja\/","name":"Caf\u00e9 en Capsulas Romagnoli, Ristretto 10 unidades x caja - Drink.com","isPartOf":{"@id":"http:\/\/www.drink.com.ar\/wordpress\/#website"},"primaryImageOfPage":{"@id":"http:\/\/www.drink.com.ar\/wordpress\/index.php\/product\/capsulas-de-cafe-romagnoli-ristretto-10-unidades-x-caja\/#primaryimage"},"image":{"@id":"http:\/\/www.drink.com.ar\/wordpress\/index.php\/product\/capsulas-de-cafe-romagnoli-ristretto-10-unidades-x-caja\/#primaryimage"},"thumbnailUrl":"http:\/\/www.drink.com.ar\/wordpress\/wp-content\/uploads\/2021\/03\/WhatsApp-Image-2020-11-03-at-22.29.29.jpeg","datePublished":"2021-03-28T18:07:10+00:00","dateModified":"2021-09-05T13:57:41+00:00","breadcrumb":{"@id":"http:\/\/www.drink.com.ar\/wordpress\/index.php\/product\/capsulas-de-cafe-romagnoli-ristretto-10-unidades-x-caja\/#breadcrumb"},"inLanguage":"es-AR","potentialAction":[{"@type":"ReadAction","target":["http:\/\/www.drink.com.ar\/wordpress\/index.php\/product\/capsulas-de-cafe-romagnoli-ristretto-10-unidades-x-caja\/"]}]},{"@type":"ImageObject","inLanguage":"es-AR","@id":"http:\/\/www.drink.com.ar\/wordpress\/index.php\/product\/capsulas-de-cafe-romagnoli-ristretto-10-unidades-x-caja\/#primaryimage","url":"http:\/\/www.drink.com.ar\/wordpress\/wp-content\/uploads\/2021\/03\/WhatsApp-Image-2020-11-03-at-22.29.29.jpeg","contentUrl":"http:\/\/www.drink.com.ar\/wordpress\/wp-content\/uploads\/2021\/03\/WhatsApp-Image-2020-11-03-at-22.29.29.jpeg","width":720,"height":916},{"@type":"BreadcrumbList","@id":"http:\/\/www.drink.com.ar\/wordpress\/index.php\/product\/capsulas-de-cafe-romagnoli-ristretto-10-unidades-x-caja\/#breadcrumb","itemListElement":[{"@type":"ListItem","position":1,"name":"Inicio","item":"http:\/\/www.drink.com.ar\/wordpress\/"},{"@type":"ListItem","position":2,"name":"Nuestra tienda","item":"http:\/\/www.drink.com.ar\/wordpress\/"},{"@type":"ListItem","position":3,"name":"Caf\u00e9 en Capsulas Romagnoli, Ristretto 10 unidades x caja"}]},{"@type":"WebSite","@id":"http:\/\/www.drink.com.ar\/wordpress\/#website","url":"http:\/\/www.drink.com.ar\/wordpress\/","name":"Drink &amp; Co","description":"No tomar\u00e1s en vano, inventa siempre un pretexto","publisher":{"@id":"http:\/\/www.drink.com.ar\/wordpress\/#organization"},"potentialAction":[{"@type":"SearchAction","target":{"@type":"EntryPoint","urlTemplate":"http:\/\/www.drink.com.ar\/wordpress\/?s={search_term_string}"},"query-input":{"@type":"PropertyValueSpecification","valueRequired":true,"valueName":"search_term_string"}}],"inLanguage":"es-AR"},{"@type":"Organization","@id":"http:\/\/www.drink.com.ar\/wordpress\/#organization","name":"Drink & Co","url":"http:\/\/www.drink.com.ar\/wordpress\/","logo":{"@type":"ImageObject","inLanguage":"es-AR","@id":"http:\/\/www.drink.com.ar\/wordpress\/#\/schema\/logo\/image\/","url":"http:\/\/www.drink.com.ar\/wordpress\/wp-content\/uploads\/2019\/03\/otro-logo2-scaled.png","contentUrl":"http:\/\/www.drink.com.ar\/wordpress\/wp-content\/uploads\/2019\/03\/otro-logo2-scaled.png","width":2560,"height":477,"caption":"Drink & Co"},"image":{"@id":"http:\/\/www.drink.com.ar\/wordpress\/#\/schema\/logo\/image\/"}}]}},"jetpack_sharing_enabled":true,"_links":{"self":[{"href":"http:\/\/www.drink.com.ar\/wordpress\/index.php\/wp-json\/wp\/v2\/product\/15652","targetHints":{"allow":["GET"]}}],"collection":[{"href":"http:\/\/www.drink.com.ar\/wordpress\/index.php\/wp-json\/wp\/v2\/product"}],"about":[{"href":"http:\/\/www.drink.com.ar\/wordpress\/index.php\/wp-json\/wp\/v2\/types\/product"}],"replies":[{"embeddable":true,"href":"http:\/\/www.drink.com.ar\/wordpress\/index.php\/wp-json\/wp\/v2\/comments?post=15652"}],"wp:featuredmedia":[{"embeddable":true,"href":"http:\/\/www.drink.com.ar\/wordpress\/index.php\/wp-json\/wp\/v2\/media\/15643"}],"wp:attachment":[{"href":"http:\/\/www.drink.com.ar\/wordpress\/index.php\/wp-json\/wp\/v2\/media?parent=15652"}],"curies":[{"name":"wp","href":"https:\/\/api.w.org\/{rel}","templated":true}]}}