{"id":2348,"date":"2019-04-27T19:44:22","date_gmt":"2019-04-27T22:44:22","guid":{"rendered":"http:\/\/www.drink.com.ar\/wordpress\/?post_type=product&#038;p=2348"},"modified":"2025-11-04T11:40:25","modified_gmt":"2025-11-04T14:40:25","slug":"animal-syrah-organico-750-cc-x-06-unidades","status":"publish","type":"product","link":"http:\/\/www.drink.com.ar\/wordpress\/index.php\/product\/animal-syrah-organico-750-cc-x-06-unidades\/","title":{"rendered":"Animal Syrah Organico 750 CC, x 06 unidades."},"content":{"rendered":"<p>Ernesto Catena se convirti\u00f3 en referente de los vinos org\u00e1nicos locales y con este nuevo varietal invita a experimentar la categor\u00eda m\u00e1s all\u00e1 del Malbec. Elaborado con uvas de su finca de Vista Flores, Valle de Uco, resulta un tinto de rica tipicidad en la que se aprecian los tonos bals\u00e1micos, terroso y frutales mientras que en boca es ligero, equilibrado, de cuerpo medio y sabroso. Final largo que imprime un regusto herbal refrescante. Son pocos botellas, a no dormirse.<\/p>\n<p>&nbsp;<\/p>\n<p>&nbsp;<\/p>\n","protected":false},"excerpt":{"rendered":"<p>Ernesto Catena se convirti\u00f3 en referente de los vinos org\u00e1nicos locales y con este nuevo varietal invita a experimentar la categor\u00eda m\u00e1s all\u00e1 del Malbec. Elaborado con uvas de su finca de Vista Flores, Valle de Uco, resulta un tinto de rica tipicidad en la que se aprecian los tonos bals\u00e1micos, terroso y frutales mientras [&hellip;]<\/p>\n","protected":false},"featured_media":2351,"comment_status":"open","ping_status":"closed","template":"","meta":{"jetpack_post_was_ever_published":false,"jetpack_publicize_message":"","jetpack_publicize_feature_enabled":true,"jetpack_social_post_already_shared":true,"jetpack_social_options":{"image_generator_settings":{"template":"highway","enabled":false},"version":2}},"class_list":["post-2348","product","type-product","status-publish","has-post-thumbnail","hentry","product_cat-syrah","product_cat-vinos","product_cat-tintos"],"jetpack_publicize_connections":[],"brands":[],"yoast_head":"<!-- This site is optimized with the Yoast SEO plugin v24.7 - https:\/\/yoast.com\/wordpress\/plugins\/seo\/ -->\n<title>Animal Syrah Organico 750 CC, x 06 unidades. - Drink.com<\/title>\n<meta name=\"robots\" content=\"index, follow, max-snippet:-1, max-image-preview:large, max-video-preview:-1\" \/>\n<link rel=\"canonical\" href=\"http:\/\/www.drink.com.ar\/wordpress\/index.php\/product\/animal-syrah-organico-750-cc-x-06-unidades\/\" \/>\n<meta property=\"og:locale\" content=\"es_ES\" \/>\n<meta property=\"og:type\" content=\"article\" \/>\n<meta property=\"og:title\" content=\"Animal Syrah Organico 750 CC, x 06 unidades. - Drink.com\" \/>\n<meta property=\"og:description\" content=\"Ernesto Catena se convirti\u00f3 en referente de los vinos org\u00e1nicos locales y con este nuevo varietal invita a experimentar la categor\u00eda m\u00e1s all\u00e1 del Malbec. Elaborado con uvas de su finca de Vista Flores, Valle de Uco, resulta un tinto de rica tipicidad en la que se aprecian los tonos bals\u00e1micos, terroso y frutales mientras [&hellip;]\" \/>\n<meta property=\"og:url\" content=\"http:\/\/www.drink.com.ar\/wordpress\/index.php\/product\/animal-syrah-organico-750-cc-x-06-unidades\/\" \/>\n<meta property=\"og:site_name\" content=\"Drink.com\" \/>\n<meta property=\"article:modified_time\" content=\"2025-11-04T14:40:25+00:00\" \/>\n<meta property=\"og:image\" content=\"http:\/\/www.drink.com.ar\/wordpress\/wp-content\/uploads\/2019\/04\/vino-animal-syrah-organico-x750cc-ernesto-catena-caja-x6-D_NQ_NP_881872-MLA27348517880_052018-F.jpg\" \/>\n\t<meta property=\"og:image:width\" content=\"745\" \/>\n\t<meta property=\"og:image:height\" content=\"723\" \/>\n\t<meta property=\"og:image:type\" content=\"image\/jpeg\" \/>\n<meta name=\"twitter:card\" content=\"summary_large_image\" \/>\n<script type=\"application\/ld+json\" class=\"yoast-schema-graph\">{\"@context\":\"https:\/\/schema.org\",\"@graph\":[{\"@type\":\"WebPage\",\"@id\":\"http:\/\/www.drink.com.ar\/wordpress\/index.php\/product\/animal-syrah-organico-750-cc-x-06-unidades\/\",\"url\":\"http:\/\/www.drink.com.ar\/wordpress\/index.php\/product\/animal-syrah-organico-750-cc-x-06-unidades\/\",\"name\":\"Animal Syrah Organico 750 CC, x 06 unidades. - Drink.com\",\"isPartOf\":{\"@id\":\"http:\/\/www.drink.com.ar\/wordpress\/#website\"},\"primaryImageOfPage\":{\"@id\":\"http:\/\/www.drink.com.ar\/wordpress\/index.php\/product\/animal-syrah-organico-750-cc-x-06-unidades\/#primaryimage\"},\"image\":{\"@id\":\"http:\/\/www.drink.com.ar\/wordpress\/index.php\/product\/animal-syrah-organico-750-cc-x-06-unidades\/#primaryimage\"},\"thumbnailUrl\":\"http:\/\/www.drink.com.ar\/wordpress\/wp-content\/uploads\/2019\/04\/vino-animal-syrah-organico-x750cc-ernesto-catena-caja-x6-D_NQ_NP_881872-MLA27348517880_052018-F.jpg\",\"datePublished\":\"2019-04-27T22:44:22+00:00\",\"dateModified\":\"2025-11-04T14:40:25+00:00\",\"breadcrumb\":{\"@id\":\"http:\/\/www.drink.com.ar\/wordpress\/index.php\/product\/animal-syrah-organico-750-cc-x-06-unidades\/#breadcrumb\"},\"inLanguage\":\"es-AR\",\"potentialAction\":[{\"@type\":\"ReadAction\",\"target\":[\"http:\/\/www.drink.com.ar\/wordpress\/index.php\/product\/animal-syrah-organico-750-cc-x-06-unidades\/\"]}]},{\"@type\":\"ImageObject\",\"inLanguage\":\"es-AR\",\"@id\":\"http:\/\/www.drink.com.ar\/wordpress\/index.php\/product\/animal-syrah-organico-750-cc-x-06-unidades\/#primaryimage\",\"url\":\"http:\/\/www.drink.com.ar\/wordpress\/wp-content\/uploads\/2019\/04\/vino-animal-syrah-organico-x750cc-ernesto-catena-caja-x6-D_NQ_NP_881872-MLA27348517880_052018-F.jpg\",\"contentUrl\":\"http:\/\/www.drink.com.ar\/wordpress\/wp-content\/uploads\/2019\/04\/vino-animal-syrah-organico-x750cc-ernesto-catena-caja-x6-D_NQ_NP_881872-MLA27348517880_052018-F.jpg\",\"width\":745,\"height\":723},{\"@type\":\"BreadcrumbList\",\"@id\":\"http:\/\/www.drink.com.ar\/wordpress\/index.php\/product\/animal-syrah-organico-750-cc-x-06-unidades\/#breadcrumb\",\"itemListElement\":[{\"@type\":\"ListItem\",\"position\":1,\"name\":\"Inicio\",\"item\":\"http:\/\/www.drink.com.ar\/wordpress\/\"},{\"@type\":\"ListItem\",\"position\":2,\"name\":\"Nuestra tienda\",\"item\":\"http:\/\/www.drink.com.ar\/wordpress\/\"},{\"@type\":\"ListItem\",\"position\":3,\"name\":\"Animal Syrah Organico 750 CC, x 06 unidades.\"}]},{\"@type\":\"WebSite\",\"@id\":\"http:\/\/www.drink.com.ar\/wordpress\/#website\",\"url\":\"http:\/\/www.drink.com.ar\/wordpress\/\",\"name\":\"Drink &amp; Co\",\"description\":\"No tomar\u00e1s en vano, inventa siempre un pretexto\",\"publisher\":{\"@id\":\"http:\/\/www.drink.com.ar\/wordpress\/#organization\"},\"potentialAction\":[{\"@type\":\"SearchAction\",\"target\":{\"@type\":\"EntryPoint\",\"urlTemplate\":\"http:\/\/www.drink.com.ar\/wordpress\/?s={search_term_string}\"},\"query-input\":{\"@type\":\"PropertyValueSpecification\",\"valueRequired\":true,\"valueName\":\"search_term_string\"}}],\"inLanguage\":\"es-AR\"},{\"@type\":\"Organization\",\"@id\":\"http:\/\/www.drink.com.ar\/wordpress\/#organization\",\"name\":\"Drink & Co\",\"url\":\"http:\/\/www.drink.com.ar\/wordpress\/\",\"logo\":{\"@type\":\"ImageObject\",\"inLanguage\":\"es-AR\",\"@id\":\"http:\/\/www.drink.com.ar\/wordpress\/#\/schema\/logo\/image\/\",\"url\":\"http:\/\/www.drink.com.ar\/wordpress\/wp-content\/uploads\/2019\/03\/otro-logo2-scaled.png\",\"contentUrl\":\"http:\/\/www.drink.com.ar\/wordpress\/wp-content\/uploads\/2019\/03\/otro-logo2-scaled.png\",\"width\":2560,\"height\":477,\"caption\":\"Drink & Co\"},\"image\":{\"@id\":\"http:\/\/www.drink.com.ar\/wordpress\/#\/schema\/logo\/image\/\"}}]}<\/script>\n<!-- \/ Yoast SEO plugin. -->","yoast_head_json":{"title":"Animal Syrah Organico 750 CC, x 06 unidades. - Drink.com","robots":{"index":"index","follow":"follow","max-snippet":"max-snippet:-1","max-image-preview":"max-image-preview:large","max-video-preview":"max-video-preview:-1"},"canonical":"http:\/\/www.drink.com.ar\/wordpress\/index.php\/product\/animal-syrah-organico-750-cc-x-06-unidades\/","og_locale":"es_ES","og_type":"article","og_title":"Animal Syrah Organico 750 CC, x 06 unidades. - Drink.com","og_description":"Ernesto Catena se convirti\u00f3 en referente de los vinos org\u00e1nicos locales y con este nuevo varietal invita a experimentar la categor\u00eda m\u00e1s all\u00e1 del Malbec. Elaborado con uvas de su finca de Vista Flores, Valle de Uco, resulta un tinto de rica tipicidad en la que se aprecian los tonos bals\u00e1micos, terroso y frutales mientras [&hellip;]","og_url":"http:\/\/www.drink.com.ar\/wordpress\/index.php\/product\/animal-syrah-organico-750-cc-x-06-unidades\/","og_site_name":"Drink.com","article_modified_time":"2025-11-04T14:40:25+00:00","og_image":[{"width":745,"height":723,"url":"http:\/\/www.drink.com.ar\/wordpress\/wp-content\/uploads\/2019\/04\/vino-animal-syrah-organico-x750cc-ernesto-catena-caja-x6-D_NQ_NP_881872-MLA27348517880_052018-F.jpg","type":"image\/jpeg"}],"twitter_card":"summary_large_image","schema":{"@context":"https:\/\/schema.org","@graph":[{"@type":"WebPage","@id":"http:\/\/www.drink.com.ar\/wordpress\/index.php\/product\/animal-syrah-organico-750-cc-x-06-unidades\/","url":"http:\/\/www.drink.com.ar\/wordpress\/index.php\/product\/animal-syrah-organico-750-cc-x-06-unidades\/","name":"Animal Syrah Organico 750 CC, x 06 unidades. - Drink.com","isPartOf":{"@id":"http:\/\/www.drink.com.ar\/wordpress\/#website"},"primaryImageOfPage":{"@id":"http:\/\/www.drink.com.ar\/wordpress\/index.php\/product\/animal-syrah-organico-750-cc-x-06-unidades\/#primaryimage"},"image":{"@id":"http:\/\/www.drink.com.ar\/wordpress\/index.php\/product\/animal-syrah-organico-750-cc-x-06-unidades\/#primaryimage"},"thumbnailUrl":"http:\/\/www.drink.com.ar\/wordpress\/wp-content\/uploads\/2019\/04\/vino-animal-syrah-organico-x750cc-ernesto-catena-caja-x6-D_NQ_NP_881872-MLA27348517880_052018-F.jpg","datePublished":"2019-04-27T22:44:22+00:00","dateModified":"2025-11-04T14:40:25+00:00","breadcrumb":{"@id":"http:\/\/www.drink.com.ar\/wordpress\/index.php\/product\/animal-syrah-organico-750-cc-x-06-unidades\/#breadcrumb"},"inLanguage":"es-AR","potentialAction":[{"@type":"ReadAction","target":["http:\/\/www.drink.com.ar\/wordpress\/index.php\/product\/animal-syrah-organico-750-cc-x-06-unidades\/"]}]},{"@type":"ImageObject","inLanguage":"es-AR","@id":"http:\/\/www.drink.com.ar\/wordpress\/index.php\/product\/animal-syrah-organico-750-cc-x-06-unidades\/#primaryimage","url":"http:\/\/www.drink.com.ar\/wordpress\/wp-content\/uploads\/2019\/04\/vino-animal-syrah-organico-x750cc-ernesto-catena-caja-x6-D_NQ_NP_881872-MLA27348517880_052018-F.jpg","contentUrl":"http:\/\/www.drink.com.ar\/wordpress\/wp-content\/uploads\/2019\/04\/vino-animal-syrah-organico-x750cc-ernesto-catena-caja-x6-D_NQ_NP_881872-MLA27348517880_052018-F.jpg","width":745,"height":723},{"@type":"BreadcrumbList","@id":"http:\/\/www.drink.com.ar\/wordpress\/index.php\/product\/animal-syrah-organico-750-cc-x-06-unidades\/#breadcrumb","itemListElement":[{"@type":"ListItem","position":1,"name":"Inicio","item":"http:\/\/www.drink.com.ar\/wordpress\/"},{"@type":"ListItem","position":2,"name":"Nuestra tienda","item":"http:\/\/www.drink.com.ar\/wordpress\/"},{"@type":"ListItem","position":3,"name":"Animal Syrah Organico 750 CC, x 06 unidades."}]},{"@type":"WebSite","@id":"http:\/\/www.drink.com.ar\/wordpress\/#website","url":"http:\/\/www.drink.com.ar\/wordpress\/","name":"Drink &amp; Co","description":"No tomar\u00e1s en vano, inventa siempre un pretexto","publisher":{"@id":"http:\/\/www.drink.com.ar\/wordpress\/#organization"},"potentialAction":[{"@type":"SearchAction","target":{"@type":"EntryPoint","urlTemplate":"http:\/\/www.drink.com.ar\/wordpress\/?s={search_term_string}"},"query-input":{"@type":"PropertyValueSpecification","valueRequired":true,"valueName":"search_term_string"}}],"inLanguage":"es-AR"},{"@type":"Organization","@id":"http:\/\/www.drink.com.ar\/wordpress\/#organization","name":"Drink & Co","url":"http:\/\/www.drink.com.ar\/wordpress\/","logo":{"@type":"ImageObject","inLanguage":"es-AR","@id":"http:\/\/www.drink.com.ar\/wordpress\/#\/schema\/logo\/image\/","url":"http:\/\/www.drink.com.ar\/wordpress\/wp-content\/uploads\/2019\/03\/otro-logo2-scaled.png","contentUrl":"http:\/\/www.drink.com.ar\/wordpress\/wp-content\/uploads\/2019\/03\/otro-logo2-scaled.png","width":2560,"height":477,"caption":"Drink & Co"},"image":{"@id":"http:\/\/www.drink.com.ar\/wordpress\/#\/schema\/logo\/image\/"}}]}},"jetpack_sharing_enabled":true,"_links":{"self":[{"href":"http:\/\/www.drink.com.ar\/wordpress\/index.php\/wp-json\/wp\/v2\/product\/2348","targetHints":{"allow":["GET"]}}],"collection":[{"href":"http:\/\/www.drink.com.ar\/wordpress\/index.php\/wp-json\/wp\/v2\/product"}],"about":[{"href":"http:\/\/www.drink.com.ar\/wordpress\/index.php\/wp-json\/wp\/v2\/types\/product"}],"replies":[{"embeddable":true,"href":"http:\/\/www.drink.com.ar\/wordpress\/index.php\/wp-json\/wp\/v2\/comments?post=2348"}],"wp:featuredmedia":[{"embeddable":true,"href":"http:\/\/www.drink.com.ar\/wordpress\/index.php\/wp-json\/wp\/v2\/media\/2351"}],"wp:attachment":[{"href":"http:\/\/www.drink.com.ar\/wordpress\/index.php\/wp-json\/wp\/v2\/media?parent=2348"}],"curies":[{"name":"wp","href":"https:\/\/api.w.org\/{rel}","templated":true}]}}