{"id":326,"date":"2019-03-20T00:39:48","date_gmt":"2019-03-20T03:39:48","guid":{"rendered":"http:\/\/www.drink.com.ar\/wordpress\/index.php\/product\/montchenot-blanco\/"},"modified":"2022-05-15T14:27:56","modified_gmt":"2022-05-15T17:27:56","slug":"montchenot-blanco","status":"publish","type":"product","link":"http:\/\/www.drink.com.ar\/wordpress\/index.php\/product\/montchenot-blanco\/","title":{"rendered":"Montchenot Blanco 750 CC, x 06 unidades."},"content":{"rendered":"<table border=\"0\" cellspacing=\"10\" cellpadding=\"0\">\n<tbody>\n<tr>\n<td>FICHA T\u00c9CNICA<\/p>\n<ul>\n<li>Bodega: Lopez<\/li>\n<li>Tipo: Blanco<\/li>\n<li>Variedad: Chenin Blanc<\/li>\n<li>Corte: Chenin Blanc 100 %<\/li>\n<li>Alcohol: 12,1 %<\/li>\n<\/ul>\n<\/td>\n<\/tr>\n<tr>\n<td scope=\"col\"><a href=\"https:\/\/i0.wp.com\/cepadevinos.com\/wp-content\/uploads\/2014\/12\/ubicacion.png?ssl=1\"><img loading=\"lazy\" decoding=\"async\" class=\"alignnone wp-image-98 size-full\" src=\"https:\/\/i0.wp.com\/cepadevinos.com\/wp-content\/uploads\/2014\/12\/ubicacion.png?resize=100%2C100&amp;ssl=1\" alt=\"\" width=\"80\" height=\"80\" \/><\/a><\/td>\n<td>UBICACI\u00d3N \/ ORIGEN<\/p>\n<p>Finca La Marthita, Cruz de Piedra (Alto Valle del R\u00edo Mendoza), departamento de Maip\u00fa. Provincia de Mendoza, Argentina.<\/td>\n<\/tr>\n<tr>\n<td scope=\"col\"><img loading=\"lazy\" decoding=\"async\" class=\"alignnone wp-image-101 size-full\" src=\"https:\/\/i2.wp.com\/cepadevinos.com\/wp-content\/uploads\/2014\/12\/crianza1.jpg?resize=100%2C100&amp;ssl=1\" alt=\"\" width=\"80\" height=\"80\" \/><\/td>\n<td>CRIANZA \/ BARRICADO\u00a0 \u00a0 \u00a0 \u00a0 \u00a0 \u00a0 \u00a0 \u00a0 \u00a0 \u00a0 \u00a0 \u00a0 \u00a0 \u00a0 \u00a0 \u00a0 \u00a0 \u00a0 \u00a0 \u00a0 \u00a0 \u00a0 \u00a0 \u00a0 \u00a0 \u00a0 \u00a0 \u00a0 \u00a0\u00a0Cosecha. Se realiza en forma manual con el objeto de mantener la integridad de las uvas, seleccionando los mejores racimos, con el fin de contar para su elaboraci\u00f3n con las uvas de mayor calidad. Elaboraci\u00f3n se establece un contacto \u00edntimo con los hollejos, en tanques de acero inoxidable, donde se produce la denominada maceraci\u00f3n pelicular a baja temperatura (8\u00baC durante 24 horas), con el objeto de conseguir mayor concentraci\u00f3n de aromas y sabores caracter\u00edsticos de la variedad. Posteriormente, los mostos, escurren por gravedad sin presi\u00f3n externa, plenos en aromas, liberados de los hollejos, fermentan en tanques de acero inoxidable a baja temperatura (15\u00baC). Terminada la fermentaci\u00f3n, clarifica, estabiliza a temperaturas de (-2\u00baC) y se filtra. La conservaci\u00f3n se realiza en tanques de acero inoxidable.<\/td>\n<\/tr>\n<tr>\n<td scope=\"col\"><img loading=\"lazy\" decoding=\"async\" class=\"alignnone wp-image-102 size-full\" src=\"https:\/\/i1.wp.com\/cepadevinos.com\/wp-content\/uploads\/2014\/12\/CATA.jpg?resize=100%2C100&amp;ssl=1\" alt=\"\" width=\"80\" height=\"80\" \/><\/td>\n<td>CATA \u00a0 \u00a0 \u00a0 \u00a0 \u00a0 \u00a0 \u00a0 \u00a0 \u00a0 \u00a0 \u00a0 \u00a0 \u00a0 \u00a0 \u00a0 \u00a0 \u00a0 \u00a0 \u00a0 \u00a0 \u00a0 \u00a0 \u00a0 \u00a0 \u00a0 \u00a0 \u00a0 \u00a0 \u00a0 \u00a0 \u00a0 \u00a0 \u00a0 \u00a0 \u00a0 \u00a0 \u00a0 \u00a0 \u00a0 \u00a0 \u00a0 \u00a0 \u00a0 \u00a0 \u00a0 \u00a0 \u00a0 \u00a0 \u00a0 \u00a0\u00a0\u00a0Presenta un color amarillo p\u00e1lido con reflejos verdosos, aromas c\u00edtricos, delicados y elegantes. En boca se revela con un gran equilibrio y largo final.<\/td>\n<\/tr>\n<tr>\n<td scope=\"col\"><img loading=\"lazy\" decoding=\"async\" class=\"alignnone wp-image-96 size-full\" src=\"https:\/\/i1.wp.com\/cepadevinos.com\/wp-content\/uploads\/2014\/12\/ficha02.jpg?resize=100%2C100&amp;ssl=1\" alt=\"\" width=\"80\" height=\"80\" \/><\/td>\n<td>DESCRIPCI\u00d3N<\/p>\n<p>Temperatura de servicio para este vino es entre 8\u00ba y 10\u00ba C, Potencial de guarda un a\u00f1o. Conservar en lugar fresco, oscuro, y sin vibraciones. Ideal para acompa\u00f1ar Brotola frita con tomates e hinojos con sambayon de lim\u00f3n.<\/td>\n<\/tr>\n<\/tbody>\n<\/table>\n","protected":false},"excerpt":{"rendered":"<p>FICHA T\u00c9CNICA Bodega: Lopez Tipo: Blanco Variedad: Chenin Blanc Corte: Chenin Blanc 100 % Alcohol: 12,1 % UBICACI\u00d3N \/ ORIGEN Finca La Marthita, Cruz de Piedra (Alto Valle del R\u00edo Mendoza), departamento de Maip\u00fa. Provincia de Mendoza, Argentina. CRIANZA \/ BARRICADO\u00a0 \u00a0 \u00a0 \u00a0 \u00a0 \u00a0 \u00a0 \u00a0 \u00a0 \u00a0 \u00a0 \u00a0 \u00a0 \u00a0 \u00a0 [&hellip;]<\/p>\n","protected":false},"featured_media":1313,"comment_status":"open","ping_status":"closed","template":"","meta":{"jetpack_post_was_ever_published":false,"jetpack_publicize_message":"","jetpack_publicize_feature_enabled":true,"jetpack_social_post_already_shared":true,"jetpack_social_options":{"image_generator_settings":{"template":"highway","enabled":false},"version":2}},"class_list":["post-326","product","type-product","status-publish","has-post-thumbnail","hentry","pwb-brand-bodegas-lopez","product_cat-vinos","product_cat-blancos"],"jetpack_publicize_connections":[],"brands":[{"id":63,"name":"Bodegas Lopez","slug":"bodegas-lopez"}],"yoast_head":"<!-- This site is optimized with the Yoast SEO plugin v24.7 - https:\/\/yoast.com\/wordpress\/plugins\/seo\/ -->\n<title>Montchenot Blanco 750 CC, x 06 unidades. - Drink.com<\/title>\n<meta name=\"robots\" content=\"index, follow, max-snippet:-1, max-image-preview:large, max-video-preview:-1\" \/>\n<link rel=\"canonical\" href=\"http:\/\/www.drink.com.ar\/wordpress\/index.php\/product\/montchenot-blanco\/\" \/>\n<meta property=\"og:locale\" content=\"es_ES\" \/>\n<meta property=\"og:type\" content=\"article\" \/>\n<meta property=\"og:title\" content=\"Montchenot Blanco 750 CC, x 06 unidades. - Drink.com\" \/>\n<meta property=\"og:description\" content=\"FICHA T\u00c9CNICA Bodega: Lopez Tipo: Blanco Variedad: Chenin Blanc Corte: Chenin Blanc 100 % Alcohol: 12,1 % UBICACI\u00d3N \/ ORIGEN Finca La Marthita, Cruz de Piedra (Alto Valle del R\u00edo Mendoza), departamento de Maip\u00fa. Provincia de Mendoza, Argentina. CRIANZA \/ BARRICADO\u00a0 \u00a0 \u00a0 \u00a0 \u00a0 \u00a0 \u00a0 \u00a0 \u00a0 \u00a0 \u00a0 \u00a0 \u00a0 \u00a0 \u00a0 [&hellip;]\" \/>\n<meta property=\"og:url\" content=\"http:\/\/www.drink.com.ar\/wordpress\/index.php\/product\/montchenot-blanco\/\" \/>\n<meta property=\"og:site_name\" content=\"Drink.com\" \/>\n<meta property=\"article:modified_time\" content=\"2022-05-15T17:27:56+00:00\" \/>\n<meta property=\"og:image\" content=\"http:\/\/www.drink.com.ar\/wordpress\/wp-content\/uploads\/2019\/03\/Montchenot_Blanco_i24n9s.jpg\" \/>\n\t<meta property=\"og:image:width\" content=\"1000\" \/>\n\t<meta property=\"og:image:height\" content=\"1000\" \/>\n\t<meta property=\"og:image:type\" content=\"image\/jpeg\" \/>\n<meta name=\"twitter:card\" content=\"summary_large_image\" \/>\n<meta name=\"twitter:label1\" content=\"Tiempo de lectura\" \/>\n\t<meta name=\"twitter:data1\" content=\"1 minuto\" \/>\n<script type=\"application\/ld+json\" class=\"yoast-schema-graph\">{\"@context\":\"https:\/\/schema.org\",\"@graph\":[{\"@type\":\"WebPage\",\"@id\":\"http:\/\/www.drink.com.ar\/wordpress\/index.php\/product\/montchenot-blanco\/\",\"url\":\"http:\/\/www.drink.com.ar\/wordpress\/index.php\/product\/montchenot-blanco\/\",\"name\":\"Montchenot Blanco 750 CC, x 06 unidades. - Drink.com\",\"isPartOf\":{\"@id\":\"http:\/\/www.drink.com.ar\/wordpress\/#website\"},\"primaryImageOfPage\":{\"@id\":\"http:\/\/www.drink.com.ar\/wordpress\/index.php\/product\/montchenot-blanco\/#primaryimage\"},\"image\":{\"@id\":\"http:\/\/www.drink.com.ar\/wordpress\/index.php\/product\/montchenot-blanco\/#primaryimage\"},\"thumbnailUrl\":\"http:\/\/www.drink.com.ar\/wordpress\/wp-content\/uploads\/2019\/03\/Montchenot_Blanco_i24n9s.jpg\",\"datePublished\":\"2019-03-20T03:39:48+00:00\",\"dateModified\":\"2022-05-15T17:27:56+00:00\",\"breadcrumb\":{\"@id\":\"http:\/\/www.drink.com.ar\/wordpress\/index.php\/product\/montchenot-blanco\/#breadcrumb\"},\"inLanguage\":\"es-AR\",\"potentialAction\":[{\"@type\":\"ReadAction\",\"target\":[\"http:\/\/www.drink.com.ar\/wordpress\/index.php\/product\/montchenot-blanco\/\"]}]},{\"@type\":\"ImageObject\",\"inLanguage\":\"es-AR\",\"@id\":\"http:\/\/www.drink.com.ar\/wordpress\/index.php\/product\/montchenot-blanco\/#primaryimage\",\"url\":\"http:\/\/www.drink.com.ar\/wordpress\/wp-content\/uploads\/2019\/03\/Montchenot_Blanco_i24n9s.jpg\",\"contentUrl\":\"http:\/\/www.drink.com.ar\/wordpress\/wp-content\/uploads\/2019\/03\/Montchenot_Blanco_i24n9s.jpg\",\"width\":1000,\"height\":1000},{\"@type\":\"BreadcrumbList\",\"@id\":\"http:\/\/www.drink.com.ar\/wordpress\/index.php\/product\/montchenot-blanco\/#breadcrumb\",\"itemListElement\":[{\"@type\":\"ListItem\",\"position\":1,\"name\":\"Inicio\",\"item\":\"http:\/\/www.drink.com.ar\/wordpress\/\"},{\"@type\":\"ListItem\",\"position\":2,\"name\":\"Nuestra tienda\",\"item\":\"http:\/\/www.drink.com.ar\/wordpress\/\"},{\"@type\":\"ListItem\",\"position\":3,\"name\":\"Montchenot Blanco 750 CC, x 06 unidades.\"}]},{\"@type\":\"WebSite\",\"@id\":\"http:\/\/www.drink.com.ar\/wordpress\/#website\",\"url\":\"http:\/\/www.drink.com.ar\/wordpress\/\",\"name\":\"Drink &amp; Co\",\"description\":\"No tomar\u00e1s en vano, inventa siempre un pretexto\",\"publisher\":{\"@id\":\"http:\/\/www.drink.com.ar\/wordpress\/#organization\"},\"potentialAction\":[{\"@type\":\"SearchAction\",\"target\":{\"@type\":\"EntryPoint\",\"urlTemplate\":\"http:\/\/www.drink.com.ar\/wordpress\/?s={search_term_string}\"},\"query-input\":{\"@type\":\"PropertyValueSpecification\",\"valueRequired\":true,\"valueName\":\"search_term_string\"}}],\"inLanguage\":\"es-AR\"},{\"@type\":\"Organization\",\"@id\":\"http:\/\/www.drink.com.ar\/wordpress\/#organization\",\"name\":\"Drink & Co\",\"url\":\"http:\/\/www.drink.com.ar\/wordpress\/\",\"logo\":{\"@type\":\"ImageObject\",\"inLanguage\":\"es-AR\",\"@id\":\"http:\/\/www.drink.com.ar\/wordpress\/#\/schema\/logo\/image\/\",\"url\":\"http:\/\/www.drink.com.ar\/wordpress\/wp-content\/uploads\/2019\/03\/otro-logo2-scaled.png\",\"contentUrl\":\"http:\/\/www.drink.com.ar\/wordpress\/wp-content\/uploads\/2019\/03\/otro-logo2-scaled.png\",\"width\":2560,\"height\":477,\"caption\":\"Drink & Co\"},\"image\":{\"@id\":\"http:\/\/www.drink.com.ar\/wordpress\/#\/schema\/logo\/image\/\"}}]}<\/script>\n<!-- \/ Yoast SEO plugin. -->","yoast_head_json":{"title":"Montchenot Blanco 750 CC, x 06 unidades. - Drink.com","robots":{"index":"index","follow":"follow","max-snippet":"max-snippet:-1","max-image-preview":"max-image-preview:large","max-video-preview":"max-video-preview:-1"},"canonical":"http:\/\/www.drink.com.ar\/wordpress\/index.php\/product\/montchenot-blanco\/","og_locale":"es_ES","og_type":"article","og_title":"Montchenot Blanco 750 CC, x 06 unidades. - Drink.com","og_description":"FICHA T\u00c9CNICA Bodega: Lopez Tipo: Blanco Variedad: Chenin Blanc Corte: Chenin Blanc 100 % Alcohol: 12,1 % UBICACI\u00d3N \/ ORIGEN Finca La Marthita, Cruz de Piedra (Alto Valle del R\u00edo Mendoza), departamento de Maip\u00fa. Provincia de Mendoza, Argentina. CRIANZA \/ BARRICADO\u00a0 \u00a0 \u00a0 \u00a0 \u00a0 \u00a0 \u00a0 \u00a0 \u00a0 \u00a0 \u00a0 \u00a0 \u00a0 \u00a0 \u00a0 [&hellip;]","og_url":"http:\/\/www.drink.com.ar\/wordpress\/index.php\/product\/montchenot-blanco\/","og_site_name":"Drink.com","article_modified_time":"2022-05-15T17:27:56+00:00","og_image":[{"width":1000,"height":1000,"url":"http:\/\/www.drink.com.ar\/wordpress\/wp-content\/uploads\/2019\/03\/Montchenot_Blanco_i24n9s.jpg","type":"image\/jpeg"}],"twitter_card":"summary_large_image","twitter_misc":{"Tiempo de lectura":"1 minuto"},"schema":{"@context":"https:\/\/schema.org","@graph":[{"@type":"WebPage","@id":"http:\/\/www.drink.com.ar\/wordpress\/index.php\/product\/montchenot-blanco\/","url":"http:\/\/www.drink.com.ar\/wordpress\/index.php\/product\/montchenot-blanco\/","name":"Montchenot Blanco 750 CC, x 06 unidades. - Drink.com","isPartOf":{"@id":"http:\/\/www.drink.com.ar\/wordpress\/#website"},"primaryImageOfPage":{"@id":"http:\/\/www.drink.com.ar\/wordpress\/index.php\/product\/montchenot-blanco\/#primaryimage"},"image":{"@id":"http:\/\/www.drink.com.ar\/wordpress\/index.php\/product\/montchenot-blanco\/#primaryimage"},"thumbnailUrl":"http:\/\/www.drink.com.ar\/wordpress\/wp-content\/uploads\/2019\/03\/Montchenot_Blanco_i24n9s.jpg","datePublished":"2019-03-20T03:39:48+00:00","dateModified":"2022-05-15T17:27:56+00:00","breadcrumb":{"@id":"http:\/\/www.drink.com.ar\/wordpress\/index.php\/product\/montchenot-blanco\/#breadcrumb"},"inLanguage":"es-AR","potentialAction":[{"@type":"ReadAction","target":["http:\/\/www.drink.com.ar\/wordpress\/index.php\/product\/montchenot-blanco\/"]}]},{"@type":"ImageObject","inLanguage":"es-AR","@id":"http:\/\/www.drink.com.ar\/wordpress\/index.php\/product\/montchenot-blanco\/#primaryimage","url":"http:\/\/www.drink.com.ar\/wordpress\/wp-content\/uploads\/2019\/03\/Montchenot_Blanco_i24n9s.jpg","contentUrl":"http:\/\/www.drink.com.ar\/wordpress\/wp-content\/uploads\/2019\/03\/Montchenot_Blanco_i24n9s.jpg","width":1000,"height":1000},{"@type":"BreadcrumbList","@id":"http:\/\/www.drink.com.ar\/wordpress\/index.php\/product\/montchenot-blanco\/#breadcrumb","itemListElement":[{"@type":"ListItem","position":1,"name":"Inicio","item":"http:\/\/www.drink.com.ar\/wordpress\/"},{"@type":"ListItem","position":2,"name":"Nuestra tienda","item":"http:\/\/www.drink.com.ar\/wordpress\/"},{"@type":"ListItem","position":3,"name":"Montchenot Blanco 750 CC, x 06 unidades."}]},{"@type":"WebSite","@id":"http:\/\/www.drink.com.ar\/wordpress\/#website","url":"http:\/\/www.drink.com.ar\/wordpress\/","name":"Drink &amp; Co","description":"No tomar\u00e1s en vano, inventa siempre un pretexto","publisher":{"@id":"http:\/\/www.drink.com.ar\/wordpress\/#organization"},"potentialAction":[{"@type":"SearchAction","target":{"@type":"EntryPoint","urlTemplate":"http:\/\/www.drink.com.ar\/wordpress\/?s={search_term_string}"},"query-input":{"@type":"PropertyValueSpecification","valueRequired":true,"valueName":"search_term_string"}}],"inLanguage":"es-AR"},{"@type":"Organization","@id":"http:\/\/www.drink.com.ar\/wordpress\/#organization","name":"Drink & Co","url":"http:\/\/www.drink.com.ar\/wordpress\/","logo":{"@type":"ImageObject","inLanguage":"es-AR","@id":"http:\/\/www.drink.com.ar\/wordpress\/#\/schema\/logo\/image\/","url":"http:\/\/www.drink.com.ar\/wordpress\/wp-content\/uploads\/2019\/03\/otro-logo2-scaled.png","contentUrl":"http:\/\/www.drink.com.ar\/wordpress\/wp-content\/uploads\/2019\/03\/otro-logo2-scaled.png","width":2560,"height":477,"caption":"Drink & Co"},"image":{"@id":"http:\/\/www.drink.com.ar\/wordpress\/#\/schema\/logo\/image\/"}}]}},"jetpack_sharing_enabled":true,"_links":{"self":[{"href":"http:\/\/www.drink.com.ar\/wordpress\/index.php\/wp-json\/wp\/v2\/product\/326","targetHints":{"allow":["GET"]}}],"collection":[{"href":"http:\/\/www.drink.com.ar\/wordpress\/index.php\/wp-json\/wp\/v2\/product"}],"about":[{"href":"http:\/\/www.drink.com.ar\/wordpress\/index.php\/wp-json\/wp\/v2\/types\/product"}],"replies":[{"embeddable":true,"href":"http:\/\/www.drink.com.ar\/wordpress\/index.php\/wp-json\/wp\/v2\/comments?post=326"}],"wp:featuredmedia":[{"embeddable":true,"href":"http:\/\/www.drink.com.ar\/wordpress\/index.php\/wp-json\/wp\/v2\/media\/1313"}],"wp:attachment":[{"href":"http:\/\/www.drink.com.ar\/wordpress\/index.php\/wp-json\/wp\/v2\/media?parent=326"}],"curies":[{"name":"wp","href":"https:\/\/api.w.org\/{rel}","templated":true}]}}