{"id":416,"date":"2019-03-20T00:41:46","date_gmt":"2019-03-20T03:41:46","guid":{"rendered":"http:\/\/www.drink.com.ar\/wordpress\/index.php\/product\/altos-las-hormigas\/"},"modified":"2025-11-04T11:32:30","modified_gmt":"2025-11-04T14:32:30","slug":"altos-las-hormigas","status":"publish","type":"product","link":"http:\/\/www.drink.com.ar\/wordpress\/index.php\/product\/altos-las-hormigas\/","title":{"rendered":"Vino Altos Las Hormigas Malbec 750 cc x 06 unidades"},"content":{"rendered":"<table border=\"0\" cellspacing=\"10\" cellpadding=\"0\">\n<tbody>\n<tr>\n<td>FICHA T\u00c9CNICA<\/p>\n<ul>\n<li>Bodega: Altos Las Hormigas<\/li>\n<li>Tipo: Tinto<\/li>\n<li>Variedad: Malbec<\/li>\n<li>Corte: Malbec \u00a0100 %<\/li>\n<li>Alcohol: 13,9 %<\/li>\n<\/ul>\n<\/td>\n<\/tr>\n<tr>\n<td scope=\"col\"><img loading=\"lazy\" decoding=\"async\" class=\"aligncenter wp-image-98 size-full\" src=\"https:\/\/i0.wp.com\/cepadevinos.com\/wp-content\/uploads\/2014\/12\/ubicacion.png?resize=100%2C100\" alt=\"\" width=\"80\" height=\"80\" \/><\/td>\n<td>UBICACI\u00d3N \/ ORIGEN<\/p>\n<p>Valle de Uco, Vista Flores, Eugenio Bustos y La Consulta y Luj\u00e1n de Cuyo, Perdriel, Agrelo y Vistalba. Provincia de Mendoza, Argentina.<\/td>\n<\/tr>\n<tr>\n<td scope=\"col\"><img loading=\"lazy\" decoding=\"async\" class=\"aligncenter wp-image-101 size-full\" src=\"https:\/\/i2.wp.com\/cepadevinos.com\/wp-content\/uploads\/2014\/12\/crianza1.jpg?resize=100%2C100\" alt=\"\" width=\"80\" height=\"80\" \/><\/td>\n<td>CRIANZA \/ BARRICADO<\/p>\n<p>Las uvas de diferentes vi\u00f1edos se vinifican por separado antes del blend final. Cuidadosamente seleccionadas, se pasan por una suave molienda a rodillo, y se fermentan con levaduras ind\u00edgenas en tanques de acero inoxidable entre 24\u00b0 C y 28\u00ba C para favorecer la maceraci\u00f3n.<\/p>\n<p>Durante el proceso de fermentaci\u00f3n se realizan 3 remontajes diarios para una buena extracci\u00f3n y 2 delestages, uno al principio y otro al final del proceso completo.\u00a0La crianza se realiza en nuevas barricas de roble franc\u00e9s y americano.<\/td>\n<\/tr>\n<tr>\n<td scope=\"col\"><img loading=\"lazy\" decoding=\"async\" class=\"aligncenter wp-image-102 size-full\" src=\"https:\/\/i1.wp.com\/cepadevinos.com\/wp-content\/uploads\/2014\/12\/CATA.jpg?resize=100%2C100\" alt=\"\" width=\"80\" height=\"80\" \/><\/td>\n<td>CATA<\/p>\n<p>Profundo, con matices purpuras rojos , hace alusi\u00f3n a un Cl\u00e1sico Malbec de Mendoza.<\/p>\n<p>Delicados aromas de grosella negra fresca, mora silvestre y notas de vainilla suave mezclada con un sutil tostado de roble.<\/p>\n<p>En boca muestra las caracter\u00edsticas de la excelente a\u00f1ada 2011: jugoso, fruta elegante, taninos suaves y una estructura equilibrada. El resultado es un autentico Malbec muy persistente.<\/td>\n<\/tr>\n<tr>\n<td scope=\"col\"><img loading=\"lazy\" decoding=\"async\" class=\"aligncenter wp-image-96 size-full\" src=\"https:\/\/i1.wp.com\/cepadevinos.com\/wp-content\/uploads\/2014\/12\/ficha02.jpg?resize=100%2C100\" alt=\"\" width=\"80\" height=\"80\" \/><\/td>\n<td>DESCRIPCI\u00d3N<\/p>\n<p>Servir a una temperatura de entre 16\u00ba y 18\u00ba C.\u00a0El tiempo de guarda potencial para este vino es de 5 a\u00f1os. Decantar por espacio de una hora antes de beberlo. La pizza con queso de cabra y rucula \u00a0cocida en una parrilla tiene m\u00e1s sabor, con toques de carb\u00f3n y humo y necesita un vino complejo. El queso de cabra es fuerte y necesita un vino con fruta madura y la r\u00facula ofrece frescura, que se complementa con el \u00e1cido bien equilibrado de este \u00a0vino.<\/td>\n<\/tr>\n<\/tbody>\n<\/table>\n","protected":false},"excerpt":{"rendered":"<p>FICHA T\u00c9CNICA Bodega: Altos Las Hormigas Tipo: Tinto Variedad: Malbec Corte: Malbec \u00a0100 % Alcohol: 13,9 % UBICACI\u00d3N \/ ORIGEN Valle de Uco, Vista Flores, Eugenio Bustos y La Consulta y Luj\u00e1n de Cuyo, Perdriel, Agrelo y Vistalba. Provincia de Mendoza, Argentina. CRIANZA \/ BARRICADO Las uvas de diferentes vi\u00f1edos se vinifican por separado antes [&hellip;]<\/p>\n","protected":false},"featured_media":1257,"comment_status":"open","ping_status":"closed","template":"","meta":{"jetpack_post_was_ever_published":false,"jetpack_publicize_message":"","jetpack_publicize_feature_enabled":true,"jetpack_social_post_already_shared":true,"jetpack_social_options":{"image_generator_settings":{"template":"highway","enabled":false},"version":2}},"class_list":["post-416","product","type-product","status-publish","has-post-thumbnail","hentry","product_cat-vinos","product_cat-malbec","product_cat-tintos"],"jetpack_publicize_connections":[],"brands":[],"yoast_head":"<!-- This site is optimized with the Yoast SEO plugin v24.7 - https:\/\/yoast.com\/wordpress\/plugins\/seo\/ -->\n<title>Vino Altos Las Hormigas Malbec 750 cc x 06 unidades - Drink.com<\/title>\n<meta name=\"robots\" content=\"index, follow, max-snippet:-1, max-image-preview:large, max-video-preview:-1\" \/>\n<link rel=\"canonical\" href=\"http:\/\/www.drink.com.ar\/wordpress\/index.php\/product\/altos-las-hormigas\/\" \/>\n<meta property=\"og:locale\" content=\"es_ES\" \/>\n<meta property=\"og:type\" content=\"article\" \/>\n<meta property=\"og:title\" content=\"Vino Altos Las Hormigas Malbec 750 cc x 06 unidades - Drink.com\" \/>\n<meta property=\"og:description\" content=\"FICHA T\u00c9CNICA Bodega: Altos Las Hormigas Tipo: Tinto Variedad: Malbec Corte: Malbec \u00a0100 % Alcohol: 13,9 % UBICACI\u00d3N \/ ORIGEN Valle de Uco, Vista Flores, Eugenio Bustos y La Consulta y Luj\u00e1n de Cuyo, Perdriel, Agrelo y Vistalba. Provincia de Mendoza, Argentina. CRIANZA \/ BARRICADO Las uvas de diferentes vi\u00f1edos se vinifican por separado antes [&hellip;]\" \/>\n<meta property=\"og:url\" content=\"http:\/\/www.drink.com.ar\/wordpress\/index.php\/product\/altos-las-hormigas\/\" \/>\n<meta property=\"og:site_name\" content=\"Drink.com\" \/>\n<meta property=\"article:modified_time\" content=\"2025-11-04T14:32:30+00:00\" \/>\n<meta property=\"og:image\" content=\"http:\/\/www.drink.com.ar\/wordpress\/wp-content\/uploads\/2019\/03\/Alto_las_hormigas_malbec_owwuok.jpg\" \/>\n\t<meta property=\"og:image:width\" content=\"1000\" \/>\n\t<meta property=\"og:image:height\" content=\"1000\" \/>\n\t<meta property=\"og:image:type\" content=\"image\/jpeg\" \/>\n<meta name=\"twitter:card\" content=\"summary_large_image\" \/>\n<meta name=\"twitter:label1\" content=\"Tiempo de lectura\" \/>\n\t<meta name=\"twitter:data1\" content=\"1 minuto\" \/>\n<script type=\"application\/ld+json\" class=\"yoast-schema-graph\">{\"@context\":\"https:\/\/schema.org\",\"@graph\":[{\"@type\":\"WebPage\",\"@id\":\"http:\/\/www.drink.com.ar\/wordpress\/index.php\/product\/altos-las-hormigas\/\",\"url\":\"http:\/\/www.drink.com.ar\/wordpress\/index.php\/product\/altos-las-hormigas\/\",\"name\":\"Vino Altos Las Hormigas Malbec 750 cc x 06 unidades - Drink.com\",\"isPartOf\":{\"@id\":\"http:\/\/www.drink.com.ar\/wordpress\/#website\"},\"primaryImageOfPage\":{\"@id\":\"http:\/\/www.drink.com.ar\/wordpress\/index.php\/product\/altos-las-hormigas\/#primaryimage\"},\"image\":{\"@id\":\"http:\/\/www.drink.com.ar\/wordpress\/index.php\/product\/altos-las-hormigas\/#primaryimage\"},\"thumbnailUrl\":\"http:\/\/www.drink.com.ar\/wordpress\/wp-content\/uploads\/2019\/03\/Alto_las_hormigas_malbec_owwuok.jpg\",\"datePublished\":\"2019-03-20T03:41:46+00:00\",\"dateModified\":\"2025-11-04T14:32:30+00:00\",\"breadcrumb\":{\"@id\":\"http:\/\/www.drink.com.ar\/wordpress\/index.php\/product\/altos-las-hormigas\/#breadcrumb\"},\"inLanguage\":\"es-AR\",\"potentialAction\":[{\"@type\":\"ReadAction\",\"target\":[\"http:\/\/www.drink.com.ar\/wordpress\/index.php\/product\/altos-las-hormigas\/\"]}]},{\"@type\":\"ImageObject\",\"inLanguage\":\"es-AR\",\"@id\":\"http:\/\/www.drink.com.ar\/wordpress\/index.php\/product\/altos-las-hormigas\/#primaryimage\",\"url\":\"http:\/\/www.drink.com.ar\/wordpress\/wp-content\/uploads\/2019\/03\/Alto_las_hormigas_malbec_owwuok.jpg\",\"contentUrl\":\"http:\/\/www.drink.com.ar\/wordpress\/wp-content\/uploads\/2019\/03\/Alto_las_hormigas_malbec_owwuok.jpg\",\"width\":1000,\"height\":1000},{\"@type\":\"BreadcrumbList\",\"@id\":\"http:\/\/www.drink.com.ar\/wordpress\/index.php\/product\/altos-las-hormigas\/#breadcrumb\",\"itemListElement\":[{\"@type\":\"ListItem\",\"position\":1,\"name\":\"Inicio\",\"item\":\"http:\/\/www.drink.com.ar\/wordpress\/\"},{\"@type\":\"ListItem\",\"position\":2,\"name\":\"Nuestra tienda\",\"item\":\"http:\/\/www.drink.com.ar\/wordpress\/\"},{\"@type\":\"ListItem\",\"position\":3,\"name\":\"Vino Altos Las Hormigas Malbec 750 cc x 06 unidades\"}]},{\"@type\":\"WebSite\",\"@id\":\"http:\/\/www.drink.com.ar\/wordpress\/#website\",\"url\":\"http:\/\/www.drink.com.ar\/wordpress\/\",\"name\":\"Drink &amp; Co\",\"description\":\"No tomar\u00e1s en vano, inventa siempre un pretexto\",\"publisher\":{\"@id\":\"http:\/\/www.drink.com.ar\/wordpress\/#organization\"},\"potentialAction\":[{\"@type\":\"SearchAction\",\"target\":{\"@type\":\"EntryPoint\",\"urlTemplate\":\"http:\/\/www.drink.com.ar\/wordpress\/?s={search_term_string}\"},\"query-input\":{\"@type\":\"PropertyValueSpecification\",\"valueRequired\":true,\"valueName\":\"search_term_string\"}}],\"inLanguage\":\"es-AR\"},{\"@type\":\"Organization\",\"@id\":\"http:\/\/www.drink.com.ar\/wordpress\/#organization\",\"name\":\"Drink & Co\",\"url\":\"http:\/\/www.drink.com.ar\/wordpress\/\",\"logo\":{\"@type\":\"ImageObject\",\"inLanguage\":\"es-AR\",\"@id\":\"http:\/\/www.drink.com.ar\/wordpress\/#\/schema\/logo\/image\/\",\"url\":\"http:\/\/www.drink.com.ar\/wordpress\/wp-content\/uploads\/2019\/03\/otro-logo2-scaled.png\",\"contentUrl\":\"http:\/\/www.drink.com.ar\/wordpress\/wp-content\/uploads\/2019\/03\/otro-logo2-scaled.png\",\"width\":2560,\"height\":477,\"caption\":\"Drink & Co\"},\"image\":{\"@id\":\"http:\/\/www.drink.com.ar\/wordpress\/#\/schema\/logo\/image\/\"}}]}<\/script>\n<!-- \/ Yoast SEO plugin. -->","yoast_head_json":{"title":"Vino Altos Las Hormigas Malbec 750 cc x 06 unidades - Drink.com","robots":{"index":"index","follow":"follow","max-snippet":"max-snippet:-1","max-image-preview":"max-image-preview:large","max-video-preview":"max-video-preview:-1"},"canonical":"http:\/\/www.drink.com.ar\/wordpress\/index.php\/product\/altos-las-hormigas\/","og_locale":"es_ES","og_type":"article","og_title":"Vino Altos Las Hormigas Malbec 750 cc x 06 unidades - Drink.com","og_description":"FICHA T\u00c9CNICA Bodega: Altos Las Hormigas Tipo: Tinto Variedad: Malbec Corte: Malbec \u00a0100 % Alcohol: 13,9 % UBICACI\u00d3N \/ ORIGEN Valle de Uco, Vista Flores, Eugenio Bustos y La Consulta y Luj\u00e1n de Cuyo, Perdriel, Agrelo y Vistalba. Provincia de Mendoza, Argentina. CRIANZA \/ BARRICADO Las uvas de diferentes vi\u00f1edos se vinifican por separado antes [&hellip;]","og_url":"http:\/\/www.drink.com.ar\/wordpress\/index.php\/product\/altos-las-hormigas\/","og_site_name":"Drink.com","article_modified_time":"2025-11-04T14:32:30+00:00","og_image":[{"width":1000,"height":1000,"url":"http:\/\/www.drink.com.ar\/wordpress\/wp-content\/uploads\/2019\/03\/Alto_las_hormigas_malbec_owwuok.jpg","type":"image\/jpeg"}],"twitter_card":"summary_large_image","twitter_misc":{"Tiempo de lectura":"1 minuto"},"schema":{"@context":"https:\/\/schema.org","@graph":[{"@type":"WebPage","@id":"http:\/\/www.drink.com.ar\/wordpress\/index.php\/product\/altos-las-hormigas\/","url":"http:\/\/www.drink.com.ar\/wordpress\/index.php\/product\/altos-las-hormigas\/","name":"Vino Altos Las Hormigas Malbec 750 cc x 06 unidades - Drink.com","isPartOf":{"@id":"http:\/\/www.drink.com.ar\/wordpress\/#website"},"primaryImageOfPage":{"@id":"http:\/\/www.drink.com.ar\/wordpress\/index.php\/product\/altos-las-hormigas\/#primaryimage"},"image":{"@id":"http:\/\/www.drink.com.ar\/wordpress\/index.php\/product\/altos-las-hormigas\/#primaryimage"},"thumbnailUrl":"http:\/\/www.drink.com.ar\/wordpress\/wp-content\/uploads\/2019\/03\/Alto_las_hormigas_malbec_owwuok.jpg","datePublished":"2019-03-20T03:41:46+00:00","dateModified":"2025-11-04T14:32:30+00:00","breadcrumb":{"@id":"http:\/\/www.drink.com.ar\/wordpress\/index.php\/product\/altos-las-hormigas\/#breadcrumb"},"inLanguage":"es-AR","potentialAction":[{"@type":"ReadAction","target":["http:\/\/www.drink.com.ar\/wordpress\/index.php\/product\/altos-las-hormigas\/"]}]},{"@type":"ImageObject","inLanguage":"es-AR","@id":"http:\/\/www.drink.com.ar\/wordpress\/index.php\/product\/altos-las-hormigas\/#primaryimage","url":"http:\/\/www.drink.com.ar\/wordpress\/wp-content\/uploads\/2019\/03\/Alto_las_hormigas_malbec_owwuok.jpg","contentUrl":"http:\/\/www.drink.com.ar\/wordpress\/wp-content\/uploads\/2019\/03\/Alto_las_hormigas_malbec_owwuok.jpg","width":1000,"height":1000},{"@type":"BreadcrumbList","@id":"http:\/\/www.drink.com.ar\/wordpress\/index.php\/product\/altos-las-hormigas\/#breadcrumb","itemListElement":[{"@type":"ListItem","position":1,"name":"Inicio","item":"http:\/\/www.drink.com.ar\/wordpress\/"},{"@type":"ListItem","position":2,"name":"Nuestra tienda","item":"http:\/\/www.drink.com.ar\/wordpress\/"},{"@type":"ListItem","position":3,"name":"Vino Altos Las Hormigas Malbec 750 cc x 06 unidades"}]},{"@type":"WebSite","@id":"http:\/\/www.drink.com.ar\/wordpress\/#website","url":"http:\/\/www.drink.com.ar\/wordpress\/","name":"Drink &amp; Co","description":"No tomar\u00e1s en vano, inventa siempre un pretexto","publisher":{"@id":"http:\/\/www.drink.com.ar\/wordpress\/#organization"},"potentialAction":[{"@type":"SearchAction","target":{"@type":"EntryPoint","urlTemplate":"http:\/\/www.drink.com.ar\/wordpress\/?s={search_term_string}"},"query-input":{"@type":"PropertyValueSpecification","valueRequired":true,"valueName":"search_term_string"}}],"inLanguage":"es-AR"},{"@type":"Organization","@id":"http:\/\/www.drink.com.ar\/wordpress\/#organization","name":"Drink & Co","url":"http:\/\/www.drink.com.ar\/wordpress\/","logo":{"@type":"ImageObject","inLanguage":"es-AR","@id":"http:\/\/www.drink.com.ar\/wordpress\/#\/schema\/logo\/image\/","url":"http:\/\/www.drink.com.ar\/wordpress\/wp-content\/uploads\/2019\/03\/otro-logo2-scaled.png","contentUrl":"http:\/\/www.drink.com.ar\/wordpress\/wp-content\/uploads\/2019\/03\/otro-logo2-scaled.png","width":2560,"height":477,"caption":"Drink & Co"},"image":{"@id":"http:\/\/www.drink.com.ar\/wordpress\/#\/schema\/logo\/image\/"}}]}},"jetpack_sharing_enabled":true,"_links":{"self":[{"href":"http:\/\/www.drink.com.ar\/wordpress\/index.php\/wp-json\/wp\/v2\/product\/416","targetHints":{"allow":["GET"]}}],"collection":[{"href":"http:\/\/www.drink.com.ar\/wordpress\/index.php\/wp-json\/wp\/v2\/product"}],"about":[{"href":"http:\/\/www.drink.com.ar\/wordpress\/index.php\/wp-json\/wp\/v2\/types\/product"}],"replies":[{"embeddable":true,"href":"http:\/\/www.drink.com.ar\/wordpress\/index.php\/wp-json\/wp\/v2\/comments?post=416"}],"wp:featuredmedia":[{"embeddable":true,"href":"http:\/\/www.drink.com.ar\/wordpress\/index.php\/wp-json\/wp\/v2\/media\/1257"}],"wp:attachment":[{"href":"http:\/\/www.drink.com.ar\/wordpress\/index.php\/wp-json\/wp\/v2\/media?parent=416"}],"curies":[{"name":"wp","href":"https:\/\/api.w.org\/{rel}","templated":true}]}}