{"id":431,"date":"2019-03-20T00:41:59","date_gmt":"2019-03-20T03:41:59","guid":{"rendered":"http:\/\/www.drink.com.ar\/wordpress\/index.php\/product\/collovati-reserva-malbec\/"},"modified":"2025-06-16T10:00:28","modified_gmt":"2025-06-16T13:00:28","slug":"collovati-reserva-malbec","status":"publish","type":"product","link":"http:\/\/www.drink.com.ar\/wordpress\/index.php\/product\/collovati-reserva-malbec\/","title":{"rendered":"Collovati Reserva Malbec 750 CC, x 06 unidades."},"content":{"rendered":"<table border=\"0\" cellspacing=\"10\" cellpadding=\"0\">\n<tbody>\n<tr>\n<td>FICHA T\u00c9CNICA<\/p>\n<ul>\n<li>Bodega: Javier Collovati Vineyards<\/li>\n<li>Tipo: Tinto<\/li>\n<li>Variedad: Malbec<\/li>\n<li>Corte: Malbec 100 %<\/li>\n<li>Alcohol: 13,6<\/li>\n<\/ul>\n<\/td>\n<\/tr>\n<tr>\n<td scope=\"col\"><a href=\"https:\/\/i0.wp.com\/cepadevinos.com\/wp-content\/uploads\/2014\/12\/ubicacion.png?ssl=1\"><img loading=\"lazy\" decoding=\"async\" class=\"alignnone wp-image-98 size-full\" src=\"https:\/\/i0.wp.com\/cepadevinos.com\/wp-content\/uploads\/2014\/12\/ubicacion.png?resize=100%2C100&amp;ssl=1\" alt=\"\" width=\"80\" height=\"80\" \/><\/a><\/td>\n<td>UBICACI\u00d3N \/ ORIGEN<\/p>\n<p>Sa\u00f1ogasta, Valle de Famatina. Provincia de La Rioja, Argentina.<\/td>\n<\/tr>\n<tr>\n<td scope=\"col\"><img loading=\"lazy\" decoding=\"async\" class=\"alignnone wp-image-101 size-full\" src=\"https:\/\/i2.wp.com\/cepadevinos.com\/wp-content\/uploads\/2014\/12\/crianza1.jpg?resize=100%2C100&amp;ssl=1\" alt=\"\" width=\"80\" height=\"80\" \/><\/td>\n<td>CRIANZA \/ BARRICADO<\/p>\n<p>M\u00e9todo de cosecha: Manual, segunda semana de marzo. Maceraci\u00f3n y Fermentaci\u00f3n: Maceraci\u00f3n en fr\u00edo a 6\u00ba C durante 4 d\u00edas, maceraci\u00f3n total 16 d\u00edas; fermentaci\u00f3n alcoh\u00f3lica con levaduras seleccionadas durante 6 d\u00edas a 25\u00ba C. Fermentaci\u00f3n Malol\u00e1ctica: en barrica durante 4 meses. Crianza\u00a012 meses en barricas de roble franc\u00e9s y de roble americano. 12 meses de estiba en botella.<\/td>\n<\/tr>\n<tr>\n<td scope=\"col\"><img loading=\"lazy\" decoding=\"async\" class=\"alignnone wp-image-102 size-full\" src=\"https:\/\/i1.wp.com\/cepadevinos.com\/wp-content\/uploads\/2014\/12\/CATA.jpg?resize=100%2C100&amp;ssl=1\" alt=\"\" width=\"80\" height=\"80\" \/><\/td>\n<td>CATA\u00a0 \u00a0 \u00a0 \u00a0 \u00a0 \u00a0 \u00a0 \u00a0 \u00a0 \u00a0 \u00a0 \u00a0 \u00a0 \u00a0 \u00a0 \u00a0 \u00a0 \u00a0 \u00a0 \u00a0 \u00a0 \u00a0 \u00a0 \u00a0 \u00a0 \u00a0 \u00a0 \u00a0 \u00a0 \u00a0 \u00a0 \u00a0 \u00a0 \u00a0 \u00a0 \u00a0 \u00a0 \u00a0 \u00a0 \u00a0 \u00a0 \u00a0 \u00a0 \u00a0 \u00a0 \u00a0 \u00a0 \u00a0 \u00a0 \u00a0 \u00a0 \u00a0 \u00a0 \u00a0 De color rojo intenso, con reflejos azules. Aroma potente y complejo. Se revelan notas de frutos rojos maduros, con toques de vainilla y chocolates. Este vino destaca su terru\u00f1o con sutiles aromas mentolados propios de la zona. Sus taninos bien presentes le dar car\u00e1cter y viveza. Su final graso y redondo hacen de \u00e9l un vino amable.<\/td>\n<\/tr>\n<tr>\n<td scope=\"col\"><img loading=\"lazy\" decoding=\"async\" class=\"alignnone wp-image-96 size-full\" src=\"https:\/\/i1.wp.com\/cepadevinos.com\/wp-content\/uploads\/2014\/12\/ficha02.jpg?resize=100%2C100&amp;ssl=1\" alt=\"\" width=\"80\" height=\"80\" \/><\/td>\n<td>DESCRIPCI\u00d3N \u00a0 \u00a0 \u00a0 \u00a0 \u00a0 \u00a0 \u00a0 \u00a0 \u00a0 \u00a0 \u00a0 \u00a0 \u00a0 \u00a0 \u00a0 \u00a0 \u00a0 \u00a0 \u00a0 \u00a0 \u00a0 \u00a0 \u00a0 \u00a0 \u00a0 \u00a0 \u00a0 \u00a0 \u00a0 \u00a0 \u00a0 \u00a0 \u00a0 \u00a0 \u00a0 \u00a0 \u00a0 \u00a0 \u00a0 \u00a0 \u00a0 \u00a0 \u00a0\u00a0Apto para guarda de 5 a\u00f1os. La temperatura adecuada para su consumo es entre 16\u00ba y 18\u00ba C. Mantener en lugar fresco y sin luz ni vibraciones. \u00a0Ideal para acompa\u00f1as carnes rojas a la parrilla.<\/td>\n<\/tr>\n<\/tbody>\n<\/table>\n","protected":false},"excerpt":{"rendered":"<p>FICHA T\u00c9CNICA Bodega: Javier Collovati Vineyards Tipo: Tinto Variedad: Malbec Corte: Malbec 100 % Alcohol: 13,6 UBICACI\u00d3N \/ ORIGEN Sa\u00f1ogasta, Valle de Famatina. Provincia de La Rioja, Argentina. CRIANZA \/ BARRICADO M\u00e9todo de cosecha: Manual, segunda semana de marzo. Maceraci\u00f3n y Fermentaci\u00f3n: Maceraci\u00f3n en fr\u00edo a 6\u00ba C durante 4 d\u00edas, maceraci\u00f3n total 16 d\u00edas; [&hellip;]<\/p>\n","protected":false},"featured_media":1247,"comment_status":"open","ping_status":"closed","template":"","meta":{"jetpack_post_was_ever_published":false,"jetpack_publicize_message":"","jetpack_publicize_feature_enabled":true,"jetpack_social_post_already_shared":true,"jetpack_social_options":{"image_generator_settings":{"template":"highway","enabled":false},"version":2}},"class_list":["post-431","product","type-product","status-publish","has-post-thumbnail","hentry","product_cat-vinos","product_cat-malbec","product_cat-tintos"],"jetpack_publicize_connections":[],"brands":[],"yoast_head":"<!-- This site is optimized with the Yoast SEO plugin v24.7 - https:\/\/yoast.com\/wordpress\/plugins\/seo\/ -->\n<title>Collovati Reserva Malbec 750 CC, x 06 unidades. - Drink.com<\/title>\n<meta name=\"robots\" content=\"index, follow, max-snippet:-1, max-image-preview:large, max-video-preview:-1\" \/>\n<link rel=\"canonical\" href=\"http:\/\/www.drink.com.ar\/wordpress\/index.php\/product\/collovati-reserva-malbec\/\" \/>\n<meta property=\"og:locale\" content=\"es_ES\" \/>\n<meta property=\"og:type\" content=\"article\" \/>\n<meta property=\"og:title\" content=\"Collovati Reserva Malbec 750 CC, x 06 unidades. - Drink.com\" \/>\n<meta property=\"og:description\" content=\"FICHA T\u00c9CNICA Bodega: Javier Collovati Vineyards Tipo: Tinto Variedad: Malbec Corte: Malbec 100 % Alcohol: 13,6 UBICACI\u00d3N \/ ORIGEN Sa\u00f1ogasta, Valle de Famatina. Provincia de La Rioja, Argentina. CRIANZA \/ BARRICADO M\u00e9todo de cosecha: Manual, segunda semana de marzo. Maceraci\u00f3n y Fermentaci\u00f3n: Maceraci\u00f3n en fr\u00edo a 6\u00ba C durante 4 d\u00edas, maceraci\u00f3n total 16 d\u00edas; [&hellip;]\" \/>\n<meta property=\"og:url\" content=\"http:\/\/www.drink.com.ar\/wordpress\/index.php\/product\/collovati-reserva-malbec\/\" \/>\n<meta property=\"og:site_name\" content=\"Drink.com\" \/>\n<meta property=\"article:modified_time\" content=\"2025-06-16T13:00:28+00:00\" \/>\n<meta property=\"og:image\" content=\"http:\/\/www.drink.com.ar\/wordpress\/wp-content\/uploads\/2019\/03\/Collovati_Reserva_Malbec_t4usug.jpg\" \/>\n\t<meta property=\"og:image:width\" content=\"1000\" \/>\n\t<meta property=\"og:image:height\" content=\"1000\" \/>\n\t<meta property=\"og:image:type\" content=\"image\/jpeg\" \/>\n<meta name=\"twitter:card\" content=\"summary_large_image\" \/>\n<meta name=\"twitter:label1\" content=\"Tiempo de lectura\" \/>\n\t<meta name=\"twitter:data1\" content=\"1 minuto\" \/>\n<script type=\"application\/ld+json\" class=\"yoast-schema-graph\">{\"@context\":\"https:\/\/schema.org\",\"@graph\":[{\"@type\":\"WebPage\",\"@id\":\"http:\/\/www.drink.com.ar\/wordpress\/index.php\/product\/collovati-reserva-malbec\/\",\"url\":\"http:\/\/www.drink.com.ar\/wordpress\/index.php\/product\/collovati-reserva-malbec\/\",\"name\":\"Collovati Reserva Malbec 750 CC, x 06 unidades. - Drink.com\",\"isPartOf\":{\"@id\":\"http:\/\/www.drink.com.ar\/wordpress\/#website\"},\"primaryImageOfPage\":{\"@id\":\"http:\/\/www.drink.com.ar\/wordpress\/index.php\/product\/collovati-reserva-malbec\/#primaryimage\"},\"image\":{\"@id\":\"http:\/\/www.drink.com.ar\/wordpress\/index.php\/product\/collovati-reserva-malbec\/#primaryimage\"},\"thumbnailUrl\":\"http:\/\/www.drink.com.ar\/wordpress\/wp-content\/uploads\/2019\/03\/Collovati_Reserva_Malbec_t4usug.jpg\",\"datePublished\":\"2019-03-20T03:41:59+00:00\",\"dateModified\":\"2025-06-16T13:00:28+00:00\",\"breadcrumb\":{\"@id\":\"http:\/\/www.drink.com.ar\/wordpress\/index.php\/product\/collovati-reserva-malbec\/#breadcrumb\"},\"inLanguage\":\"es-AR\",\"potentialAction\":[{\"@type\":\"ReadAction\",\"target\":[\"http:\/\/www.drink.com.ar\/wordpress\/index.php\/product\/collovati-reserva-malbec\/\"]}]},{\"@type\":\"ImageObject\",\"inLanguage\":\"es-AR\",\"@id\":\"http:\/\/www.drink.com.ar\/wordpress\/index.php\/product\/collovati-reserva-malbec\/#primaryimage\",\"url\":\"http:\/\/www.drink.com.ar\/wordpress\/wp-content\/uploads\/2019\/03\/Collovati_Reserva_Malbec_t4usug.jpg\",\"contentUrl\":\"http:\/\/www.drink.com.ar\/wordpress\/wp-content\/uploads\/2019\/03\/Collovati_Reserva_Malbec_t4usug.jpg\",\"width\":1000,\"height\":1000},{\"@type\":\"BreadcrumbList\",\"@id\":\"http:\/\/www.drink.com.ar\/wordpress\/index.php\/product\/collovati-reserva-malbec\/#breadcrumb\",\"itemListElement\":[{\"@type\":\"ListItem\",\"position\":1,\"name\":\"Inicio\",\"item\":\"http:\/\/www.drink.com.ar\/wordpress\/\"},{\"@type\":\"ListItem\",\"position\":2,\"name\":\"Nuestra tienda\",\"item\":\"http:\/\/www.drink.com.ar\/wordpress\/\"},{\"@type\":\"ListItem\",\"position\":3,\"name\":\"Collovati Reserva Malbec 750 CC, x 06 unidades.\"}]},{\"@type\":\"WebSite\",\"@id\":\"http:\/\/www.drink.com.ar\/wordpress\/#website\",\"url\":\"http:\/\/www.drink.com.ar\/wordpress\/\",\"name\":\"Drink &amp; Co\",\"description\":\"No tomar\u00e1s en vano, inventa siempre un pretexto\",\"publisher\":{\"@id\":\"http:\/\/www.drink.com.ar\/wordpress\/#organization\"},\"potentialAction\":[{\"@type\":\"SearchAction\",\"target\":{\"@type\":\"EntryPoint\",\"urlTemplate\":\"http:\/\/www.drink.com.ar\/wordpress\/?s={search_term_string}\"},\"query-input\":{\"@type\":\"PropertyValueSpecification\",\"valueRequired\":true,\"valueName\":\"search_term_string\"}}],\"inLanguage\":\"es-AR\"},{\"@type\":\"Organization\",\"@id\":\"http:\/\/www.drink.com.ar\/wordpress\/#organization\",\"name\":\"Drink & Co\",\"url\":\"http:\/\/www.drink.com.ar\/wordpress\/\",\"logo\":{\"@type\":\"ImageObject\",\"inLanguage\":\"es-AR\",\"@id\":\"http:\/\/www.drink.com.ar\/wordpress\/#\/schema\/logo\/image\/\",\"url\":\"http:\/\/www.drink.com.ar\/wordpress\/wp-content\/uploads\/2019\/03\/otro-logo2-scaled.png\",\"contentUrl\":\"http:\/\/www.drink.com.ar\/wordpress\/wp-content\/uploads\/2019\/03\/otro-logo2-scaled.png\",\"width\":2560,\"height\":477,\"caption\":\"Drink & Co\"},\"image\":{\"@id\":\"http:\/\/www.drink.com.ar\/wordpress\/#\/schema\/logo\/image\/\"}}]}<\/script>\n<!-- \/ Yoast SEO plugin. -->","yoast_head_json":{"title":"Collovati Reserva Malbec 750 CC, x 06 unidades. - Drink.com","robots":{"index":"index","follow":"follow","max-snippet":"max-snippet:-1","max-image-preview":"max-image-preview:large","max-video-preview":"max-video-preview:-1"},"canonical":"http:\/\/www.drink.com.ar\/wordpress\/index.php\/product\/collovati-reserva-malbec\/","og_locale":"es_ES","og_type":"article","og_title":"Collovati Reserva Malbec 750 CC, x 06 unidades. - Drink.com","og_description":"FICHA T\u00c9CNICA Bodega: Javier Collovati Vineyards Tipo: Tinto Variedad: Malbec Corte: Malbec 100 % Alcohol: 13,6 UBICACI\u00d3N \/ ORIGEN Sa\u00f1ogasta, Valle de Famatina. Provincia de La Rioja, Argentina. CRIANZA \/ BARRICADO M\u00e9todo de cosecha: Manual, segunda semana de marzo. Maceraci\u00f3n y Fermentaci\u00f3n: Maceraci\u00f3n en fr\u00edo a 6\u00ba C durante 4 d\u00edas, maceraci\u00f3n total 16 d\u00edas; [&hellip;]","og_url":"http:\/\/www.drink.com.ar\/wordpress\/index.php\/product\/collovati-reserva-malbec\/","og_site_name":"Drink.com","article_modified_time":"2025-06-16T13:00:28+00:00","og_image":[{"width":1000,"height":1000,"url":"http:\/\/www.drink.com.ar\/wordpress\/wp-content\/uploads\/2019\/03\/Collovati_Reserva_Malbec_t4usug.jpg","type":"image\/jpeg"}],"twitter_card":"summary_large_image","twitter_misc":{"Tiempo de lectura":"1 minuto"},"schema":{"@context":"https:\/\/schema.org","@graph":[{"@type":"WebPage","@id":"http:\/\/www.drink.com.ar\/wordpress\/index.php\/product\/collovati-reserva-malbec\/","url":"http:\/\/www.drink.com.ar\/wordpress\/index.php\/product\/collovati-reserva-malbec\/","name":"Collovati Reserva Malbec 750 CC, x 06 unidades. - Drink.com","isPartOf":{"@id":"http:\/\/www.drink.com.ar\/wordpress\/#website"},"primaryImageOfPage":{"@id":"http:\/\/www.drink.com.ar\/wordpress\/index.php\/product\/collovati-reserva-malbec\/#primaryimage"},"image":{"@id":"http:\/\/www.drink.com.ar\/wordpress\/index.php\/product\/collovati-reserva-malbec\/#primaryimage"},"thumbnailUrl":"http:\/\/www.drink.com.ar\/wordpress\/wp-content\/uploads\/2019\/03\/Collovati_Reserva_Malbec_t4usug.jpg","datePublished":"2019-03-20T03:41:59+00:00","dateModified":"2025-06-16T13:00:28+00:00","breadcrumb":{"@id":"http:\/\/www.drink.com.ar\/wordpress\/index.php\/product\/collovati-reserva-malbec\/#breadcrumb"},"inLanguage":"es-AR","potentialAction":[{"@type":"ReadAction","target":["http:\/\/www.drink.com.ar\/wordpress\/index.php\/product\/collovati-reserva-malbec\/"]}]},{"@type":"ImageObject","inLanguage":"es-AR","@id":"http:\/\/www.drink.com.ar\/wordpress\/index.php\/product\/collovati-reserva-malbec\/#primaryimage","url":"http:\/\/www.drink.com.ar\/wordpress\/wp-content\/uploads\/2019\/03\/Collovati_Reserva_Malbec_t4usug.jpg","contentUrl":"http:\/\/www.drink.com.ar\/wordpress\/wp-content\/uploads\/2019\/03\/Collovati_Reserva_Malbec_t4usug.jpg","width":1000,"height":1000},{"@type":"BreadcrumbList","@id":"http:\/\/www.drink.com.ar\/wordpress\/index.php\/product\/collovati-reserva-malbec\/#breadcrumb","itemListElement":[{"@type":"ListItem","position":1,"name":"Inicio","item":"http:\/\/www.drink.com.ar\/wordpress\/"},{"@type":"ListItem","position":2,"name":"Nuestra tienda","item":"http:\/\/www.drink.com.ar\/wordpress\/"},{"@type":"ListItem","position":3,"name":"Collovati Reserva Malbec 750 CC, x 06 unidades."}]},{"@type":"WebSite","@id":"http:\/\/www.drink.com.ar\/wordpress\/#website","url":"http:\/\/www.drink.com.ar\/wordpress\/","name":"Drink &amp; Co","description":"No tomar\u00e1s en vano, inventa siempre un pretexto","publisher":{"@id":"http:\/\/www.drink.com.ar\/wordpress\/#organization"},"potentialAction":[{"@type":"SearchAction","target":{"@type":"EntryPoint","urlTemplate":"http:\/\/www.drink.com.ar\/wordpress\/?s={search_term_string}"},"query-input":{"@type":"PropertyValueSpecification","valueRequired":true,"valueName":"search_term_string"}}],"inLanguage":"es-AR"},{"@type":"Organization","@id":"http:\/\/www.drink.com.ar\/wordpress\/#organization","name":"Drink & Co","url":"http:\/\/www.drink.com.ar\/wordpress\/","logo":{"@type":"ImageObject","inLanguage":"es-AR","@id":"http:\/\/www.drink.com.ar\/wordpress\/#\/schema\/logo\/image\/","url":"http:\/\/www.drink.com.ar\/wordpress\/wp-content\/uploads\/2019\/03\/otro-logo2-scaled.png","contentUrl":"http:\/\/www.drink.com.ar\/wordpress\/wp-content\/uploads\/2019\/03\/otro-logo2-scaled.png","width":2560,"height":477,"caption":"Drink & Co"},"image":{"@id":"http:\/\/www.drink.com.ar\/wordpress\/#\/schema\/logo\/image\/"}}]}},"jetpack_sharing_enabled":true,"_links":{"self":[{"href":"http:\/\/www.drink.com.ar\/wordpress\/index.php\/wp-json\/wp\/v2\/product\/431","targetHints":{"allow":["GET"]}}],"collection":[{"href":"http:\/\/www.drink.com.ar\/wordpress\/index.php\/wp-json\/wp\/v2\/product"}],"about":[{"href":"http:\/\/www.drink.com.ar\/wordpress\/index.php\/wp-json\/wp\/v2\/types\/product"}],"replies":[{"embeddable":true,"href":"http:\/\/www.drink.com.ar\/wordpress\/index.php\/wp-json\/wp\/v2\/comments?post=431"}],"wp:featuredmedia":[{"embeddable":true,"href":"http:\/\/www.drink.com.ar\/wordpress\/index.php\/wp-json\/wp\/v2\/media\/1247"}],"wp:attachment":[{"href":"http:\/\/www.drink.com.ar\/wordpress\/index.php\/wp-json\/wp\/v2\/media?parent=431"}],"curies":[{"name":"wp","href":"https:\/\/api.w.org\/{rel}","templated":true}]}}