{"id":505,"date":"2019-03-20T00:43:32","date_gmt":"2019-03-20T03:43:32","guid":{"rendered":"http:\/\/www.drink.com.ar\/wordpress\/index.php\/product\/salentein-reserva-cabernet\/"},"modified":"2026-03-30T12:50:09","modified_gmt":"2026-03-30T15:50:09","slug":"salentein-reserva-cabernet","status":"publish","type":"product","link":"http:\/\/www.drink.com.ar\/wordpress\/index.php\/product\/salentein-reserva-cabernet\/","title":{"rendered":"Vino Salentein Reserva Malbec 750 cc x 06 unidades"},"content":{"rendered":"<table border=\"0\" cellspacing=\"10\" cellpadding=\"0\">\n<tbody>\n<tr>\n<td>FICHA T\u00c9CNICA<\/p>\n<ul>\n<li>Bodega: Salentein<\/li>\n<li>Tipo: Tinto<\/li>\n<li>Variedad:\u00a0Cabernet Sauvignon<\/li>\n<li>Corte: Cabernet Sauvignon\u00a0100 %<\/li>\n<li>Alcohol:\u00a014,5 %<\/li>\n<\/ul>\n<\/td>\n<\/tr>\n<tr>\n<td scope=\"col\"><img loading=\"lazy\" decoding=\"async\" class=\"aligncenter wp-image-98 size-full\" src=\"https:\/\/i0.wp.com\/cepadevinos.com\/wp-content\/uploads\/2014\/12\/ubicacion.png?resize=100%2C100\" width=\"80\" height=\"80\" \/><\/td>\n<td>UBICACI\u00d3N \/ ORIGEN<\/p>\n<p>Finca \u201cEl Oasis\u201d, Valle de Uco, Tunuy\u00e1n. Provincia de Mendoza, Argentina.<\/td>\n<\/tr>\n<tr>\n<td scope=\"col\"><img loading=\"lazy\" decoding=\"async\" class=\"aligncenter wp-image-101 size-full\" src=\"https:\/\/i2.wp.com\/cepadevinos.com\/wp-content\/uploads\/2014\/12\/crianza1.jpg?resize=100%2C100\" width=\"80\" height=\"80\" \/><\/td>\n<td>CRIANZA \/ BARRICAD \u00a0 \u00a0 \u00a0 \u00a0 \u00a0 \u00a0 \u00a0 \u00a0 \u00a0 \u00a0 \u00a0 \u00a0 \u00a0 \u00a0 \u00a0 \u00a0 \u00a0 \u00a0 \u00a0 \u00a0 \u00a0 \u00a0 \u00a0 \u00a0 \u00a0 \u00a0 \u00a0 \u00a0 \u00a0 \u00a0 \u00a0 \u00a0 \u00a0 \u00a0 \u00a0 \u00a0\u00a0La uva se cosech\u00f3 de forma manual y se transport\u00f3 en bins de 400 kg, luego se realizo el descobajado y molienda de los frutos. El llenado de los tanques de fermentaci\u00f3n se realizo en forma gravitacional, sin bombas. Se practic\u00f3 maceraci\u00f3n fr\u00eda a 8-10\u00b0C durante 5 d\u00edas. La fermentaci\u00f3n se llev\u00f3 a cabo a temperatura controlada entre 26-28\u00b0C, durante 14 dias, se realizaron trabajos de remontajes. Posteriormente, la maceraci\u00f3n continu\u00f3 por 8 d\u00edas m\u00e1s. Finalizada esta etapa, el vino se descub\u00f3 e inmediatamente fue trasegado a barricas de roble donde se llev\u00f3 a cabo la fermentaci\u00f3n malol\u00e1ctica. El vino fue criado en las barricas por 12 meses.<\/td>\n<\/tr>\n<tr>\n<td scope=\"col\"><img loading=\"lazy\" decoding=\"async\" class=\"aligncenter wp-image-102 size-full\" src=\"https:\/\/i1.wp.com\/cepadevinos.com\/wp-content\/uploads\/2014\/12\/CATA.jpg?resize=100%2C100\" width=\"80\" height=\"80\" \/><\/td>\n<td>CATA<\/p>\n<p>Color rojo rub\u00ed intenso. En la nariz presenta buena expresi\u00f3n y tipicidad varietal, se destacan las notas a pimienta negra y casis. En la boca es carnoso, de estructura t\u00e1nica fina y elegante, final largo y persistente.<\/td>\n<\/tr>\n<tr>\n<td scope=\"col\"><img loading=\"lazy\" decoding=\"async\" class=\"aligncenter wp-image-96 size-full\" src=\"https:\/\/i1.wp.com\/cepadevinos.com\/wp-content\/uploads\/2014\/12\/ficha02.jpg?resize=100%2C100\" width=\"80\" height=\"80\" \/><\/td>\n<td>DESCRIPCI\u00d3N<\/p>\n<p>Temperatura de servicio de este vino es entre 16\u00ba y 18\u00ba C.<\/p>\n<p>Potencial de guarda unos 5 a\u00f1os. Decantar por espacio de una hora antes de beberlo. Conservar en lugar fresco, oscuro, y sin vibraciones. Ideal para maridar con\u00a0Mollejas glaceadas al Oporto.<\/td>\n<\/tr>\n<\/tbody>\n<\/table>\n","protected":false},"excerpt":{"rendered":"<p>FICHA T\u00c9CNICA Bodega: Salentein Tipo: Tinto Variedad:\u00a0Cabernet Sauvignon Corte: Cabernet Sauvignon\u00a0100 % Alcohol:\u00a014,5 % UBICACI\u00d3N \/ ORIGEN Finca \u201cEl Oasis\u201d, Valle de Uco, Tunuy\u00e1n. Provincia de Mendoza, Argentina. CRIANZA \/ BARRICAD \u00a0 \u00a0 \u00a0 \u00a0 \u00a0 \u00a0 \u00a0 \u00a0 \u00a0 \u00a0 \u00a0 \u00a0 \u00a0 \u00a0 \u00a0 \u00a0 \u00a0 \u00a0 \u00a0 \u00a0 \u00a0 \u00a0 \u00a0 \u00a0 [&hellip;]<\/p>\n","protected":false},"featured_media":1201,"comment_status":"open","ping_status":"closed","template":"","meta":{"jetpack_post_was_ever_published":false,"jetpack_publicize_message":"","jetpack_publicize_feature_enabled":true,"jetpack_social_post_already_shared":true,"jetpack_social_options":{"image_generator_settings":{"template":"highway","enabled":false},"version":2}},"class_list":["post-505","product","type-product","status-publish","has-post-thumbnail","hentry","product_cat-vinos","product_cat-blends","product_cat-tintos"],"jetpack_publicize_connections":[],"brands":[],"yoast_head":"<!-- This site is optimized with the Yoast SEO plugin v24.7 - https:\/\/yoast.com\/wordpress\/plugins\/seo\/ -->\n<title>Vino Salentein Reserva Malbec 750 cc x 06 unidades - Drink.com<\/title>\n<meta name=\"robots\" content=\"index, follow, max-snippet:-1, max-image-preview:large, max-video-preview:-1\" \/>\n<link rel=\"canonical\" href=\"http:\/\/www.drink.com.ar\/wordpress\/index.php\/product\/salentein-reserva-cabernet\/\" \/>\n<meta property=\"og:locale\" content=\"es_ES\" \/>\n<meta property=\"og:type\" content=\"article\" \/>\n<meta property=\"og:title\" content=\"Vino Salentein Reserva Malbec 750 cc x 06 unidades - Drink.com\" \/>\n<meta property=\"og:description\" content=\"FICHA T\u00c9CNICA Bodega: Salentein Tipo: Tinto Variedad:\u00a0Cabernet Sauvignon Corte: Cabernet Sauvignon\u00a0100 % Alcohol:\u00a014,5 % UBICACI\u00d3N \/ ORIGEN Finca \u201cEl Oasis\u201d, Valle de Uco, Tunuy\u00e1n. Provincia de Mendoza, Argentina. CRIANZA \/ BARRICAD \u00a0 \u00a0 \u00a0 \u00a0 \u00a0 \u00a0 \u00a0 \u00a0 \u00a0 \u00a0 \u00a0 \u00a0 \u00a0 \u00a0 \u00a0 \u00a0 \u00a0 \u00a0 \u00a0 \u00a0 \u00a0 \u00a0 \u00a0 \u00a0 [&hellip;]\" \/>\n<meta property=\"og:url\" content=\"http:\/\/www.drink.com.ar\/wordpress\/index.php\/product\/salentein-reserva-cabernet\/\" \/>\n<meta property=\"og:site_name\" content=\"Drink.com\" \/>\n<meta property=\"article:modified_time\" content=\"2026-03-30T15:50:09+00:00\" \/>\n<meta property=\"og:image\" content=\"http:\/\/www.drink.com.ar\/wordpress\/wp-content\/uploads\/2019\/03\/Salentein_Reserve_Cabernet_Sauvignon_cmnmwp.jpg\" \/>\n\t<meta property=\"og:image:width\" content=\"1000\" \/>\n\t<meta property=\"og:image:height\" content=\"1000\" \/>\n\t<meta property=\"og:image:type\" content=\"image\/jpeg\" \/>\n<meta name=\"twitter:card\" content=\"summary_large_image\" \/>\n<meta name=\"twitter:label1\" content=\"Tiempo de lectura\" \/>\n\t<meta name=\"twitter:data1\" content=\"1 minuto\" \/>\n<script type=\"application\/ld+json\" class=\"yoast-schema-graph\">{\"@context\":\"https:\/\/schema.org\",\"@graph\":[{\"@type\":\"WebPage\",\"@id\":\"http:\/\/www.drink.com.ar\/wordpress\/index.php\/product\/salentein-reserva-cabernet\/\",\"url\":\"http:\/\/www.drink.com.ar\/wordpress\/index.php\/product\/salentein-reserva-cabernet\/\",\"name\":\"Vino Salentein Reserva Malbec 750 cc x 06 unidades - Drink.com\",\"isPartOf\":{\"@id\":\"http:\/\/www.drink.com.ar\/wordpress\/#website\"},\"primaryImageOfPage\":{\"@id\":\"http:\/\/www.drink.com.ar\/wordpress\/index.php\/product\/salentein-reserva-cabernet\/#primaryimage\"},\"image\":{\"@id\":\"http:\/\/www.drink.com.ar\/wordpress\/index.php\/product\/salentein-reserva-cabernet\/#primaryimage\"},\"thumbnailUrl\":\"http:\/\/www.drink.com.ar\/wordpress\/wp-content\/uploads\/2019\/03\/Salentein_Reserve_Cabernet_Sauvignon_cmnmwp.jpg\",\"datePublished\":\"2019-03-20T03:43:32+00:00\",\"dateModified\":\"2026-03-30T15:50:09+00:00\",\"breadcrumb\":{\"@id\":\"http:\/\/www.drink.com.ar\/wordpress\/index.php\/product\/salentein-reserva-cabernet\/#breadcrumb\"},\"inLanguage\":\"es-AR\",\"potentialAction\":[{\"@type\":\"ReadAction\",\"target\":[\"http:\/\/www.drink.com.ar\/wordpress\/index.php\/product\/salentein-reserva-cabernet\/\"]}]},{\"@type\":\"ImageObject\",\"inLanguage\":\"es-AR\",\"@id\":\"http:\/\/www.drink.com.ar\/wordpress\/index.php\/product\/salentein-reserva-cabernet\/#primaryimage\",\"url\":\"http:\/\/www.drink.com.ar\/wordpress\/wp-content\/uploads\/2019\/03\/Salentein_Reserve_Cabernet_Sauvignon_cmnmwp.jpg\",\"contentUrl\":\"http:\/\/www.drink.com.ar\/wordpress\/wp-content\/uploads\/2019\/03\/Salentein_Reserve_Cabernet_Sauvignon_cmnmwp.jpg\",\"width\":1000,\"height\":1000},{\"@type\":\"BreadcrumbList\",\"@id\":\"http:\/\/www.drink.com.ar\/wordpress\/index.php\/product\/salentein-reserva-cabernet\/#breadcrumb\",\"itemListElement\":[{\"@type\":\"ListItem\",\"position\":1,\"name\":\"Inicio\",\"item\":\"http:\/\/www.drink.com.ar\/wordpress\/\"},{\"@type\":\"ListItem\",\"position\":2,\"name\":\"Nuestra tienda\",\"item\":\"http:\/\/www.drink.com.ar\/wordpress\/\"},{\"@type\":\"ListItem\",\"position\":3,\"name\":\"Vino Salentein Reserva Malbec 750 cc x 06 unidades\"}]},{\"@type\":\"WebSite\",\"@id\":\"http:\/\/www.drink.com.ar\/wordpress\/#website\",\"url\":\"http:\/\/www.drink.com.ar\/wordpress\/\",\"name\":\"Drink &amp; Co\",\"description\":\"No tomar\u00e1s en vano, inventa siempre un pretexto\",\"publisher\":{\"@id\":\"http:\/\/www.drink.com.ar\/wordpress\/#organization\"},\"potentialAction\":[{\"@type\":\"SearchAction\",\"target\":{\"@type\":\"EntryPoint\",\"urlTemplate\":\"http:\/\/www.drink.com.ar\/wordpress\/?s={search_term_string}\"},\"query-input\":{\"@type\":\"PropertyValueSpecification\",\"valueRequired\":true,\"valueName\":\"search_term_string\"}}],\"inLanguage\":\"es-AR\"},{\"@type\":\"Organization\",\"@id\":\"http:\/\/www.drink.com.ar\/wordpress\/#organization\",\"name\":\"Drink & Co\",\"url\":\"http:\/\/www.drink.com.ar\/wordpress\/\",\"logo\":{\"@type\":\"ImageObject\",\"inLanguage\":\"es-AR\",\"@id\":\"http:\/\/www.drink.com.ar\/wordpress\/#\/schema\/logo\/image\/\",\"url\":\"http:\/\/www.drink.com.ar\/wordpress\/wp-content\/uploads\/2019\/03\/otro-logo2-scaled.png\",\"contentUrl\":\"http:\/\/www.drink.com.ar\/wordpress\/wp-content\/uploads\/2019\/03\/otro-logo2-scaled.png\",\"width\":2560,\"height\":477,\"caption\":\"Drink & Co\"},\"image\":{\"@id\":\"http:\/\/www.drink.com.ar\/wordpress\/#\/schema\/logo\/image\/\"}}]}<\/script>\n<!-- \/ Yoast SEO plugin. -->","yoast_head_json":{"title":"Vino Salentein Reserva Malbec 750 cc x 06 unidades - Drink.com","robots":{"index":"index","follow":"follow","max-snippet":"max-snippet:-1","max-image-preview":"max-image-preview:large","max-video-preview":"max-video-preview:-1"},"canonical":"http:\/\/www.drink.com.ar\/wordpress\/index.php\/product\/salentein-reserva-cabernet\/","og_locale":"es_ES","og_type":"article","og_title":"Vino Salentein Reserva Malbec 750 cc x 06 unidades - Drink.com","og_description":"FICHA T\u00c9CNICA Bodega: Salentein Tipo: Tinto Variedad:\u00a0Cabernet Sauvignon Corte: Cabernet Sauvignon\u00a0100 % Alcohol:\u00a014,5 % UBICACI\u00d3N \/ ORIGEN Finca \u201cEl Oasis\u201d, Valle de Uco, Tunuy\u00e1n. Provincia de Mendoza, Argentina. CRIANZA \/ BARRICAD \u00a0 \u00a0 \u00a0 \u00a0 \u00a0 \u00a0 \u00a0 \u00a0 \u00a0 \u00a0 \u00a0 \u00a0 \u00a0 \u00a0 \u00a0 \u00a0 \u00a0 \u00a0 \u00a0 \u00a0 \u00a0 \u00a0 \u00a0 \u00a0 [&hellip;]","og_url":"http:\/\/www.drink.com.ar\/wordpress\/index.php\/product\/salentein-reserva-cabernet\/","og_site_name":"Drink.com","article_modified_time":"2026-03-30T15:50:09+00:00","og_image":[{"width":1000,"height":1000,"url":"http:\/\/www.drink.com.ar\/wordpress\/wp-content\/uploads\/2019\/03\/Salentein_Reserve_Cabernet_Sauvignon_cmnmwp.jpg","type":"image\/jpeg"}],"twitter_card":"summary_large_image","twitter_misc":{"Tiempo de lectura":"1 minuto"},"schema":{"@context":"https:\/\/schema.org","@graph":[{"@type":"WebPage","@id":"http:\/\/www.drink.com.ar\/wordpress\/index.php\/product\/salentein-reserva-cabernet\/","url":"http:\/\/www.drink.com.ar\/wordpress\/index.php\/product\/salentein-reserva-cabernet\/","name":"Vino Salentein Reserva Malbec 750 cc x 06 unidades - Drink.com","isPartOf":{"@id":"http:\/\/www.drink.com.ar\/wordpress\/#website"},"primaryImageOfPage":{"@id":"http:\/\/www.drink.com.ar\/wordpress\/index.php\/product\/salentein-reserva-cabernet\/#primaryimage"},"image":{"@id":"http:\/\/www.drink.com.ar\/wordpress\/index.php\/product\/salentein-reserva-cabernet\/#primaryimage"},"thumbnailUrl":"http:\/\/www.drink.com.ar\/wordpress\/wp-content\/uploads\/2019\/03\/Salentein_Reserve_Cabernet_Sauvignon_cmnmwp.jpg","datePublished":"2019-03-20T03:43:32+00:00","dateModified":"2026-03-30T15:50:09+00:00","breadcrumb":{"@id":"http:\/\/www.drink.com.ar\/wordpress\/index.php\/product\/salentein-reserva-cabernet\/#breadcrumb"},"inLanguage":"es-AR","potentialAction":[{"@type":"ReadAction","target":["http:\/\/www.drink.com.ar\/wordpress\/index.php\/product\/salentein-reserva-cabernet\/"]}]},{"@type":"ImageObject","inLanguage":"es-AR","@id":"http:\/\/www.drink.com.ar\/wordpress\/index.php\/product\/salentein-reserva-cabernet\/#primaryimage","url":"http:\/\/www.drink.com.ar\/wordpress\/wp-content\/uploads\/2019\/03\/Salentein_Reserve_Cabernet_Sauvignon_cmnmwp.jpg","contentUrl":"http:\/\/www.drink.com.ar\/wordpress\/wp-content\/uploads\/2019\/03\/Salentein_Reserve_Cabernet_Sauvignon_cmnmwp.jpg","width":1000,"height":1000},{"@type":"BreadcrumbList","@id":"http:\/\/www.drink.com.ar\/wordpress\/index.php\/product\/salentein-reserva-cabernet\/#breadcrumb","itemListElement":[{"@type":"ListItem","position":1,"name":"Inicio","item":"http:\/\/www.drink.com.ar\/wordpress\/"},{"@type":"ListItem","position":2,"name":"Nuestra tienda","item":"http:\/\/www.drink.com.ar\/wordpress\/"},{"@type":"ListItem","position":3,"name":"Vino Salentein Reserva Malbec 750 cc x 06 unidades"}]},{"@type":"WebSite","@id":"http:\/\/www.drink.com.ar\/wordpress\/#website","url":"http:\/\/www.drink.com.ar\/wordpress\/","name":"Drink &amp; Co","description":"No tomar\u00e1s en vano, inventa siempre un pretexto","publisher":{"@id":"http:\/\/www.drink.com.ar\/wordpress\/#organization"},"potentialAction":[{"@type":"SearchAction","target":{"@type":"EntryPoint","urlTemplate":"http:\/\/www.drink.com.ar\/wordpress\/?s={search_term_string}"},"query-input":{"@type":"PropertyValueSpecification","valueRequired":true,"valueName":"search_term_string"}}],"inLanguage":"es-AR"},{"@type":"Organization","@id":"http:\/\/www.drink.com.ar\/wordpress\/#organization","name":"Drink & Co","url":"http:\/\/www.drink.com.ar\/wordpress\/","logo":{"@type":"ImageObject","inLanguage":"es-AR","@id":"http:\/\/www.drink.com.ar\/wordpress\/#\/schema\/logo\/image\/","url":"http:\/\/www.drink.com.ar\/wordpress\/wp-content\/uploads\/2019\/03\/otro-logo2-scaled.png","contentUrl":"http:\/\/www.drink.com.ar\/wordpress\/wp-content\/uploads\/2019\/03\/otro-logo2-scaled.png","width":2560,"height":477,"caption":"Drink & Co"},"image":{"@id":"http:\/\/www.drink.com.ar\/wordpress\/#\/schema\/logo\/image\/"}}]}},"jetpack_sharing_enabled":true,"_links":{"self":[{"href":"http:\/\/www.drink.com.ar\/wordpress\/index.php\/wp-json\/wp\/v2\/product\/505","targetHints":{"allow":["GET"]}}],"collection":[{"href":"http:\/\/www.drink.com.ar\/wordpress\/index.php\/wp-json\/wp\/v2\/product"}],"about":[{"href":"http:\/\/www.drink.com.ar\/wordpress\/index.php\/wp-json\/wp\/v2\/types\/product"}],"replies":[{"embeddable":true,"href":"http:\/\/www.drink.com.ar\/wordpress\/index.php\/wp-json\/wp\/v2\/comments?post=505"}],"wp:featuredmedia":[{"embeddable":true,"href":"http:\/\/www.drink.com.ar\/wordpress\/index.php\/wp-json\/wp\/v2\/media\/1201"}],"wp:attachment":[{"href":"http:\/\/www.drink.com.ar\/wordpress\/index.php\/wp-json\/wp\/v2\/media?parent=505"}],"curies":[{"name":"wp","href":"https:\/\/api.w.org\/{rel}","templated":true}]}}