{"id":561,"date":"2019-03-20T00:44:31","date_gmt":"2019-03-20T03:44:31","guid":{"rendered":"http:\/\/www.drink.com.ar\/wordpress\/index.php\/product\/whisky-jameson\/"},"modified":"2025-04-09T12:22:36","modified_gmt":"2025-04-09T15:22:36","slug":"whisky-jameson","status":"publish","type":"product","link":"http:\/\/www.drink.com.ar\/wordpress\/index.php\/product\/whisky-jameson\/","title":{"rendered":"Whisky Jameson, 750 CC."},"content":{"rendered":"<div class=\"attribute col-md-4 col-sm-6 col-xs-12\">\n<div class=\"title\">ATEGOR\u00cdA<\/div>\n<div class=\"value\">Whiskys<\/div>\n<\/div>\n<div class=\"attribute col-md-4 col-sm-6 col-xs-12\">\n<div class=\"title\">PRODUCTOR<\/div>\n<div class=\"value\"><a href=\"https:\/\/www.espaciovino.com.ar\/bodegas-ficha\/Jameson\">Jameson<\/a><\/div>\n<\/div>\n<div class=\"attribute col-md-4 col-sm-6 col-xs-12\">\n<div class=\"title\">TIPO<\/div>\n<div class=\"value\">Irish Whiskey<\/div>\n<\/div>\n<div class=\"attribute col-md-4 col-sm-6 col-xs-12\">\n<div class=\"title\">CORTE<\/div>\n<div class=\"value\">Irish Whiskey<\/div>\n<\/div>\n<div class=\"attribute col-md-4 col-sm-6 col-xs-12\">\n<div class=\"title\">ALCOHOL<\/div>\n<div class=\"value\">40%<\/div>\n<\/div>\n<div class=\"attribute col-md-4 col-sm-6 col-xs-12\">\n<div class=\"title\">LUGAR DE ELABORACI\u00d3N<\/div>\n<div class=\"value\">Midleton. Irlanda.<\/div>\n<\/div>\n<div class=\"attribute col-md-4 col-sm-6 col-xs-12\"><\/div>\n<div class=\"attribute col-md-12\">\n<div class=\"title\">ELABORACI\u00d3N<\/div>\n<div class=\"value\">Mezclamos nuestros extraordinarios whiskeys de alambique con un delicado whiskey de grano, los infusionamos en nuestras barricas de jerez impregnadas de sabores a frutos secos y equilibramos sus sabores con la arom\u00e1tica vainilla de los barriles de bourbon. Y, al igual que con todos nuestros whiskeys, Jameson Irish Whiskey se destila tres veces para crear un licor m\u00e1s suave, perfecto para cualquier ocasi\u00f3n.<\/div>\n<\/div>\n<div class=\"attribute col-md-4 col-sm-6 col-xs-12\"><\/div>\n<div class=\"attribute col-md-4 col-sm-6 col-xs-12\">\n<div class=\"title\">PA\u00cdS<\/div>\n<div class=\"value\">\u00a0Irlanda<\/div>\n<\/div>\n","protected":false},"excerpt":{"rendered":"<p>ATEGOR\u00cdA Whiskys PRODUCTOR Jameson TIPO Irish Whiskey CORTE Irish Whiskey ALCOHOL 40% LUGAR DE ELABORACI\u00d3N Midleton. Irlanda. ELABORACI\u00d3N Mezclamos nuestros extraordinarios whiskeys de alambique con un delicado whiskey de grano, los infusionamos en nuestras barricas de jerez impregnadas de sabores a frutos secos y equilibramos sus sabores con la arom\u00e1tica vainilla de los barriles de [&hellip;]<\/p>\n","protected":false},"featured_media":1118,"comment_status":"open","ping_status":"closed","template":"","meta":{"jetpack_post_was_ever_published":false,"jetpack_publicize_message":"","jetpack_publicize_feature_enabled":true,"jetpack_social_post_already_shared":true,"jetpack_social_options":{"image_generator_settings":{"template":"highway","enabled":false},"version":2}},"class_list":["post-561","product","type-product","status-publish","has-post-thumbnail","hentry","product_cat-whisky"],"jetpack_publicize_connections":[],"brands":[],"yoast_head":"<!-- This site is optimized with the Yoast SEO plugin v24.7 - https:\/\/yoast.com\/wordpress\/plugins\/seo\/ -->\n<title>Whisky Jameson, 750 CC. - Drink.com<\/title>\n<meta name=\"robots\" content=\"index, follow, max-snippet:-1, max-image-preview:large, max-video-preview:-1\" \/>\n<link rel=\"canonical\" href=\"http:\/\/www.drink.com.ar\/wordpress\/index.php\/product\/whisky-jameson\/\" \/>\n<meta property=\"og:locale\" content=\"es_ES\" \/>\n<meta property=\"og:type\" content=\"article\" \/>\n<meta property=\"og:title\" content=\"Whisky Jameson, 750 CC. - Drink.com\" \/>\n<meta property=\"og:description\" content=\"ATEGOR\u00cdA Whiskys PRODUCTOR Jameson TIPO Irish Whiskey CORTE Irish Whiskey ALCOHOL 40% LUGAR DE ELABORACI\u00d3N Midleton. Irlanda. ELABORACI\u00d3N Mezclamos nuestros extraordinarios whiskeys de alambique con un delicado whiskey de grano, los infusionamos en nuestras barricas de jerez impregnadas de sabores a frutos secos y equilibramos sus sabores con la arom\u00e1tica vainilla de los barriles de [&hellip;]\" \/>\n<meta property=\"og:url\" content=\"http:\/\/www.drink.com.ar\/wordpress\/index.php\/product\/whisky-jameson\/\" \/>\n<meta property=\"og:site_name\" content=\"Drink.com\" \/>\n<meta property=\"article:modified_time\" content=\"2025-04-09T15:22:36+00:00\" \/>\n<meta property=\"og:image\" content=\"http:\/\/www.drink.com.ar\/wordpress\/wp-content\/uploads\/2019\/03\/thumb_58453_default_medium.jpeg\" \/>\n\t<meta property=\"og:image:width\" content=\"308\" \/>\n\t<meta property=\"og:image:height\" content=\"436\" \/>\n\t<meta property=\"og:image:type\" content=\"image\/jpeg\" \/>\n<meta name=\"twitter:card\" content=\"summary_large_image\" \/>\n<script type=\"application\/ld+json\" class=\"yoast-schema-graph\">{\"@context\":\"https:\/\/schema.org\",\"@graph\":[{\"@type\":\"WebPage\",\"@id\":\"http:\/\/www.drink.com.ar\/wordpress\/index.php\/product\/whisky-jameson\/\",\"url\":\"http:\/\/www.drink.com.ar\/wordpress\/index.php\/product\/whisky-jameson\/\",\"name\":\"Whisky Jameson, 750 CC. - Drink.com\",\"isPartOf\":{\"@id\":\"http:\/\/www.drink.com.ar\/wordpress\/#website\"},\"primaryImageOfPage\":{\"@id\":\"http:\/\/www.drink.com.ar\/wordpress\/index.php\/product\/whisky-jameson\/#primaryimage\"},\"image\":{\"@id\":\"http:\/\/www.drink.com.ar\/wordpress\/index.php\/product\/whisky-jameson\/#primaryimage\"},\"thumbnailUrl\":\"http:\/\/www.drink.com.ar\/wordpress\/wp-content\/uploads\/2019\/03\/thumb_58453_default_medium.jpeg\",\"datePublished\":\"2019-03-20T03:44:31+00:00\",\"dateModified\":\"2025-04-09T15:22:36+00:00\",\"breadcrumb\":{\"@id\":\"http:\/\/www.drink.com.ar\/wordpress\/index.php\/product\/whisky-jameson\/#breadcrumb\"},\"inLanguage\":\"es-AR\",\"potentialAction\":[{\"@type\":\"ReadAction\",\"target\":[\"http:\/\/www.drink.com.ar\/wordpress\/index.php\/product\/whisky-jameson\/\"]}]},{\"@type\":\"ImageObject\",\"inLanguage\":\"es-AR\",\"@id\":\"http:\/\/www.drink.com.ar\/wordpress\/index.php\/product\/whisky-jameson\/#primaryimage\",\"url\":\"http:\/\/www.drink.com.ar\/wordpress\/wp-content\/uploads\/2019\/03\/thumb_58453_default_medium.jpeg\",\"contentUrl\":\"http:\/\/www.drink.com.ar\/wordpress\/wp-content\/uploads\/2019\/03\/thumb_58453_default_medium.jpeg\",\"width\":308,\"height\":436},{\"@type\":\"BreadcrumbList\",\"@id\":\"http:\/\/www.drink.com.ar\/wordpress\/index.php\/product\/whisky-jameson\/#breadcrumb\",\"itemListElement\":[{\"@type\":\"ListItem\",\"position\":1,\"name\":\"Inicio\",\"item\":\"http:\/\/www.drink.com.ar\/wordpress\/\"},{\"@type\":\"ListItem\",\"position\":2,\"name\":\"Nuestra tienda\",\"item\":\"http:\/\/www.drink.com.ar\/wordpress\/\"},{\"@type\":\"ListItem\",\"position\":3,\"name\":\"Whisky Jameson, 750 CC.\"}]},{\"@type\":\"WebSite\",\"@id\":\"http:\/\/www.drink.com.ar\/wordpress\/#website\",\"url\":\"http:\/\/www.drink.com.ar\/wordpress\/\",\"name\":\"Drink &amp; Co\",\"description\":\"No tomar\u00e1s en vano, inventa siempre un pretexto\",\"publisher\":{\"@id\":\"http:\/\/www.drink.com.ar\/wordpress\/#organization\"},\"potentialAction\":[{\"@type\":\"SearchAction\",\"target\":{\"@type\":\"EntryPoint\",\"urlTemplate\":\"http:\/\/www.drink.com.ar\/wordpress\/?s={search_term_string}\"},\"query-input\":{\"@type\":\"PropertyValueSpecification\",\"valueRequired\":true,\"valueName\":\"search_term_string\"}}],\"inLanguage\":\"es-AR\"},{\"@type\":\"Organization\",\"@id\":\"http:\/\/www.drink.com.ar\/wordpress\/#organization\",\"name\":\"Drink & Co\",\"url\":\"http:\/\/www.drink.com.ar\/wordpress\/\",\"logo\":{\"@type\":\"ImageObject\",\"inLanguage\":\"es-AR\",\"@id\":\"http:\/\/www.drink.com.ar\/wordpress\/#\/schema\/logo\/image\/\",\"url\":\"http:\/\/www.drink.com.ar\/wordpress\/wp-content\/uploads\/2019\/03\/otro-logo2-scaled.png\",\"contentUrl\":\"http:\/\/www.drink.com.ar\/wordpress\/wp-content\/uploads\/2019\/03\/otro-logo2-scaled.png\",\"width\":2560,\"height\":477,\"caption\":\"Drink & Co\"},\"image\":{\"@id\":\"http:\/\/www.drink.com.ar\/wordpress\/#\/schema\/logo\/image\/\"}}]}<\/script>\n<!-- \/ Yoast SEO plugin. -->","yoast_head_json":{"title":"Whisky Jameson, 750 CC. - Drink.com","robots":{"index":"index","follow":"follow","max-snippet":"max-snippet:-1","max-image-preview":"max-image-preview:large","max-video-preview":"max-video-preview:-1"},"canonical":"http:\/\/www.drink.com.ar\/wordpress\/index.php\/product\/whisky-jameson\/","og_locale":"es_ES","og_type":"article","og_title":"Whisky Jameson, 750 CC. - Drink.com","og_description":"ATEGOR\u00cdA Whiskys PRODUCTOR Jameson TIPO Irish Whiskey CORTE Irish Whiskey ALCOHOL 40% LUGAR DE ELABORACI\u00d3N Midleton. Irlanda. ELABORACI\u00d3N Mezclamos nuestros extraordinarios whiskeys de alambique con un delicado whiskey de grano, los infusionamos en nuestras barricas de jerez impregnadas de sabores a frutos secos y equilibramos sus sabores con la arom\u00e1tica vainilla de los barriles de [&hellip;]","og_url":"http:\/\/www.drink.com.ar\/wordpress\/index.php\/product\/whisky-jameson\/","og_site_name":"Drink.com","article_modified_time":"2025-04-09T15:22:36+00:00","og_image":[{"width":308,"height":436,"url":"http:\/\/www.drink.com.ar\/wordpress\/wp-content\/uploads\/2019\/03\/thumb_58453_default_medium.jpeg","type":"image\/jpeg"}],"twitter_card":"summary_large_image","schema":{"@context":"https:\/\/schema.org","@graph":[{"@type":"WebPage","@id":"http:\/\/www.drink.com.ar\/wordpress\/index.php\/product\/whisky-jameson\/","url":"http:\/\/www.drink.com.ar\/wordpress\/index.php\/product\/whisky-jameson\/","name":"Whisky Jameson, 750 CC. - Drink.com","isPartOf":{"@id":"http:\/\/www.drink.com.ar\/wordpress\/#website"},"primaryImageOfPage":{"@id":"http:\/\/www.drink.com.ar\/wordpress\/index.php\/product\/whisky-jameson\/#primaryimage"},"image":{"@id":"http:\/\/www.drink.com.ar\/wordpress\/index.php\/product\/whisky-jameson\/#primaryimage"},"thumbnailUrl":"http:\/\/www.drink.com.ar\/wordpress\/wp-content\/uploads\/2019\/03\/thumb_58453_default_medium.jpeg","datePublished":"2019-03-20T03:44:31+00:00","dateModified":"2025-04-09T15:22:36+00:00","breadcrumb":{"@id":"http:\/\/www.drink.com.ar\/wordpress\/index.php\/product\/whisky-jameson\/#breadcrumb"},"inLanguage":"es-AR","potentialAction":[{"@type":"ReadAction","target":["http:\/\/www.drink.com.ar\/wordpress\/index.php\/product\/whisky-jameson\/"]}]},{"@type":"ImageObject","inLanguage":"es-AR","@id":"http:\/\/www.drink.com.ar\/wordpress\/index.php\/product\/whisky-jameson\/#primaryimage","url":"http:\/\/www.drink.com.ar\/wordpress\/wp-content\/uploads\/2019\/03\/thumb_58453_default_medium.jpeg","contentUrl":"http:\/\/www.drink.com.ar\/wordpress\/wp-content\/uploads\/2019\/03\/thumb_58453_default_medium.jpeg","width":308,"height":436},{"@type":"BreadcrumbList","@id":"http:\/\/www.drink.com.ar\/wordpress\/index.php\/product\/whisky-jameson\/#breadcrumb","itemListElement":[{"@type":"ListItem","position":1,"name":"Inicio","item":"http:\/\/www.drink.com.ar\/wordpress\/"},{"@type":"ListItem","position":2,"name":"Nuestra tienda","item":"http:\/\/www.drink.com.ar\/wordpress\/"},{"@type":"ListItem","position":3,"name":"Whisky Jameson, 750 CC."}]},{"@type":"WebSite","@id":"http:\/\/www.drink.com.ar\/wordpress\/#website","url":"http:\/\/www.drink.com.ar\/wordpress\/","name":"Drink &amp; Co","description":"No tomar\u00e1s en vano, inventa siempre un pretexto","publisher":{"@id":"http:\/\/www.drink.com.ar\/wordpress\/#organization"},"potentialAction":[{"@type":"SearchAction","target":{"@type":"EntryPoint","urlTemplate":"http:\/\/www.drink.com.ar\/wordpress\/?s={search_term_string}"},"query-input":{"@type":"PropertyValueSpecification","valueRequired":true,"valueName":"search_term_string"}}],"inLanguage":"es-AR"},{"@type":"Organization","@id":"http:\/\/www.drink.com.ar\/wordpress\/#organization","name":"Drink & Co","url":"http:\/\/www.drink.com.ar\/wordpress\/","logo":{"@type":"ImageObject","inLanguage":"es-AR","@id":"http:\/\/www.drink.com.ar\/wordpress\/#\/schema\/logo\/image\/","url":"http:\/\/www.drink.com.ar\/wordpress\/wp-content\/uploads\/2019\/03\/otro-logo2-scaled.png","contentUrl":"http:\/\/www.drink.com.ar\/wordpress\/wp-content\/uploads\/2019\/03\/otro-logo2-scaled.png","width":2560,"height":477,"caption":"Drink & Co"},"image":{"@id":"http:\/\/www.drink.com.ar\/wordpress\/#\/schema\/logo\/image\/"}}]}},"jetpack_sharing_enabled":true,"_links":{"self":[{"href":"http:\/\/www.drink.com.ar\/wordpress\/index.php\/wp-json\/wp\/v2\/product\/561","targetHints":{"allow":["GET"]}}],"collection":[{"href":"http:\/\/www.drink.com.ar\/wordpress\/index.php\/wp-json\/wp\/v2\/product"}],"about":[{"href":"http:\/\/www.drink.com.ar\/wordpress\/index.php\/wp-json\/wp\/v2\/types\/product"}],"replies":[{"embeddable":true,"href":"http:\/\/www.drink.com.ar\/wordpress\/index.php\/wp-json\/wp\/v2\/comments?post=561"}],"wp:featuredmedia":[{"embeddable":true,"href":"http:\/\/www.drink.com.ar\/wordpress\/index.php\/wp-json\/wp\/v2\/media\/1118"}],"wp:attachment":[{"href":"http:\/\/www.drink.com.ar\/wordpress\/index.php\/wp-json\/wp\/v2\/media?parent=561"}],"curies":[{"name":"wp","href":"https:\/\/api.w.org\/{rel}","templated":true}]}}