{"id":568,"date":"2019-03-20T00:44:37","date_gmt":"2019-03-20T03:44:37","guid":{"rendered":"http:\/\/www.drink.com.ar\/wordpress\/index.php\/product\/whisky-johnie-walker-red-label-1l\/"},"modified":"2026-03-30T13:18:55","modified_gmt":"2026-03-30T16:18:55","slug":"whisky-johnie-walker-red-label-1l","status":"publish","type":"product","link":"http:\/\/www.drink.com.ar\/wordpress\/index.php\/product\/whisky-johnie-walker-red-label-1l\/","title":{"rendered":"Whisky Johnnie Walker Red Label  750 CC."},"content":{"rendered":"<h3>Elaboraci\u00f3n<\/h3>\n<p>El\u00a0<strong>whisky\u00a0Johnnie Walker Red Label<\/strong>, con su combinaci\u00f3n de whiskies ligeros de la costa Este de Escocia y whiskies ahumados y oscuros de la costa Oeste, resulta una mezcla con una extraordinaria profundidad de sabor.<\/p>\n<p>Alexander Walker cre\u00f3 en 1860 la botella cuadrada caracter\u00edstica de la marca, lo cual hizo que la botella y por lo tanto la marca, se diferenciase del resto y fuese conocida a nivel internacional.<\/p>\n<h3>Nota de cata de\u00a0<strong>whisky\u00a0Johnnie Walker Red Label<\/strong><\/h3>\n<ul>\n<li>Vista: El\u00a0whisky\u00a0Johnnie Walker Red Label se presenta de un color dorado ambarino.<\/li>\n<li>Nariz: Tiene\u00a0notas de ra\u00edces de brezo, hierbas cortadas, un toque de frutas frescas y miel.<\/li>\n<li>Boca: Tiene un sabor intenso, especiado, terso, chispeante. Explota en el paladar con mucha frescura, seguida por un estallido de especias arom\u00e1ticas y un final persistente y ahumado. Una buena descripci\u00f3n de este sabor ser\u00eda la de un \u00abchilli dulce\u00bb con una sensaci\u00f3n hormigueante en la boca.<\/li>\n<\/ul>\n","protected":false},"excerpt":{"rendered":"<p>Elaboraci\u00f3n El\u00a0whisky\u00a0Johnnie Walker Red Label, con su combinaci\u00f3n de whiskies ligeros de la costa Este de Escocia y whiskies ahumados y oscuros de la costa Oeste, resulta una mezcla con una extraordinaria profundidad de sabor. Alexander Walker cre\u00f3 en 1860 la botella cuadrada caracter\u00edstica de la marca, lo cual hizo que la botella y por [&hellip;]<\/p>\n","protected":false},"featured_media":1105,"comment_status":"open","ping_status":"closed","template":"","meta":{"jetpack_post_was_ever_published":false,"jetpack_publicize_message":"","jetpack_publicize_feature_enabled":true,"jetpack_social_post_already_shared":true,"jetpack_social_options":{"image_generator_settings":{"template":"highway","enabled":false},"version":2}},"class_list":["post-568","product","type-product","status-publish","has-post-thumbnail","hentry","pwb-brand-johnie-walker","product_cat-whisky"],"jetpack_publicize_connections":[],"brands":[{"id":68,"name":"Johnie Walker","slug":"johnie-walker"}],"yoast_head":"<!-- This site is optimized with the Yoast SEO plugin v24.7 - https:\/\/yoast.com\/wordpress\/plugins\/seo\/ -->\n<title>Whisky Johnnie Walker Red Label 750 CC. - Drink.com<\/title>\n<meta name=\"robots\" content=\"index, follow, max-snippet:-1, max-image-preview:large, max-video-preview:-1\" \/>\n<link rel=\"canonical\" href=\"http:\/\/www.drink.com.ar\/wordpress\/index.php\/product\/whisky-johnie-walker-red-label-1l\/\" \/>\n<meta property=\"og:locale\" content=\"es_ES\" \/>\n<meta property=\"og:type\" content=\"article\" \/>\n<meta property=\"og:title\" content=\"Whisky Johnnie Walker Red Label 750 CC. - Drink.com\" \/>\n<meta property=\"og:description\" content=\"Elaboraci\u00f3n El\u00a0whisky\u00a0Johnnie Walker Red Label, con su combinaci\u00f3n de whiskies ligeros de la costa Este de Escocia y whiskies ahumados y oscuros de la costa Oeste, resulta una mezcla con una extraordinaria profundidad de sabor. Alexander Walker cre\u00f3 en 1860 la botella cuadrada caracter\u00edstica de la marca, lo cual hizo que la botella y por [&hellip;]\" \/>\n<meta property=\"og:url\" content=\"http:\/\/www.drink.com.ar\/wordpress\/index.php\/product\/whisky-johnie-walker-red-label-1l\/\" \/>\n<meta property=\"og:site_name\" content=\"Drink.com\" \/>\n<meta property=\"article:modified_time\" content=\"2026-03-30T16:18:55+00:00\" \/>\n<meta property=\"og:image\" content=\"http:\/\/www.drink.com.ar\/wordpress\/wp-content\/uploads\/2019\/03\/whisky-johnnie-walker-red-label-1l.jpg\" \/>\n\t<meta property=\"og:image:width\" content=\"486\" \/>\n\t<meta property=\"og:image:height\" content=\"603\" \/>\n\t<meta property=\"og:image:type\" content=\"image\/jpeg\" \/>\n<meta name=\"twitter:card\" content=\"summary_large_image\" \/>\n<meta name=\"twitter:label1\" content=\"Tiempo de lectura\" \/>\n\t<meta name=\"twitter:data1\" content=\"1 minuto\" \/>\n<script type=\"application\/ld+json\" class=\"yoast-schema-graph\">{\"@context\":\"https:\/\/schema.org\",\"@graph\":[{\"@type\":\"WebPage\",\"@id\":\"http:\/\/www.drink.com.ar\/wordpress\/index.php\/product\/whisky-johnie-walker-red-label-1l\/\",\"url\":\"http:\/\/www.drink.com.ar\/wordpress\/index.php\/product\/whisky-johnie-walker-red-label-1l\/\",\"name\":\"Whisky Johnnie Walker Red Label 750 CC. - Drink.com\",\"isPartOf\":{\"@id\":\"http:\/\/www.drink.com.ar\/wordpress\/#website\"},\"primaryImageOfPage\":{\"@id\":\"http:\/\/www.drink.com.ar\/wordpress\/index.php\/product\/whisky-johnie-walker-red-label-1l\/#primaryimage\"},\"image\":{\"@id\":\"http:\/\/www.drink.com.ar\/wordpress\/index.php\/product\/whisky-johnie-walker-red-label-1l\/#primaryimage\"},\"thumbnailUrl\":\"http:\/\/www.drink.com.ar\/wordpress\/wp-content\/uploads\/2019\/03\/whisky-johnnie-walker-red-label-1l.jpg\",\"datePublished\":\"2019-03-20T03:44:37+00:00\",\"dateModified\":\"2026-03-30T16:18:55+00:00\",\"breadcrumb\":{\"@id\":\"http:\/\/www.drink.com.ar\/wordpress\/index.php\/product\/whisky-johnie-walker-red-label-1l\/#breadcrumb\"},\"inLanguage\":\"es-AR\",\"potentialAction\":[{\"@type\":\"ReadAction\",\"target\":[\"http:\/\/www.drink.com.ar\/wordpress\/index.php\/product\/whisky-johnie-walker-red-label-1l\/\"]}]},{\"@type\":\"ImageObject\",\"inLanguage\":\"es-AR\",\"@id\":\"http:\/\/www.drink.com.ar\/wordpress\/index.php\/product\/whisky-johnie-walker-red-label-1l\/#primaryimage\",\"url\":\"http:\/\/www.drink.com.ar\/wordpress\/wp-content\/uploads\/2019\/03\/whisky-johnnie-walker-red-label-1l.jpg\",\"contentUrl\":\"http:\/\/www.drink.com.ar\/wordpress\/wp-content\/uploads\/2019\/03\/whisky-johnnie-walker-red-label-1l.jpg\",\"width\":486,\"height\":603},{\"@type\":\"BreadcrumbList\",\"@id\":\"http:\/\/www.drink.com.ar\/wordpress\/index.php\/product\/whisky-johnie-walker-red-label-1l\/#breadcrumb\",\"itemListElement\":[{\"@type\":\"ListItem\",\"position\":1,\"name\":\"Inicio\",\"item\":\"http:\/\/www.drink.com.ar\/wordpress\/\"},{\"@type\":\"ListItem\",\"position\":2,\"name\":\"Nuestra tienda\",\"item\":\"http:\/\/www.drink.com.ar\/wordpress\/\"},{\"@type\":\"ListItem\",\"position\":3,\"name\":\"Whisky Johnnie Walker Red Label 750 CC.\"}]},{\"@type\":\"WebSite\",\"@id\":\"http:\/\/www.drink.com.ar\/wordpress\/#website\",\"url\":\"http:\/\/www.drink.com.ar\/wordpress\/\",\"name\":\"Drink &amp; Co\",\"description\":\"No tomar\u00e1s en vano, inventa siempre un pretexto\",\"publisher\":{\"@id\":\"http:\/\/www.drink.com.ar\/wordpress\/#organization\"},\"potentialAction\":[{\"@type\":\"SearchAction\",\"target\":{\"@type\":\"EntryPoint\",\"urlTemplate\":\"http:\/\/www.drink.com.ar\/wordpress\/?s={search_term_string}\"},\"query-input\":{\"@type\":\"PropertyValueSpecification\",\"valueRequired\":true,\"valueName\":\"search_term_string\"}}],\"inLanguage\":\"es-AR\"},{\"@type\":\"Organization\",\"@id\":\"http:\/\/www.drink.com.ar\/wordpress\/#organization\",\"name\":\"Drink & Co\",\"url\":\"http:\/\/www.drink.com.ar\/wordpress\/\",\"logo\":{\"@type\":\"ImageObject\",\"inLanguage\":\"es-AR\",\"@id\":\"http:\/\/www.drink.com.ar\/wordpress\/#\/schema\/logo\/image\/\",\"url\":\"http:\/\/www.drink.com.ar\/wordpress\/wp-content\/uploads\/2019\/03\/otro-logo2-scaled.png\",\"contentUrl\":\"http:\/\/www.drink.com.ar\/wordpress\/wp-content\/uploads\/2019\/03\/otro-logo2-scaled.png\",\"width\":2560,\"height\":477,\"caption\":\"Drink & Co\"},\"image\":{\"@id\":\"http:\/\/www.drink.com.ar\/wordpress\/#\/schema\/logo\/image\/\"}}]}<\/script>\n<!-- \/ Yoast SEO plugin. -->","yoast_head_json":{"title":"Whisky Johnnie Walker Red Label 750 CC. - Drink.com","robots":{"index":"index","follow":"follow","max-snippet":"max-snippet:-1","max-image-preview":"max-image-preview:large","max-video-preview":"max-video-preview:-1"},"canonical":"http:\/\/www.drink.com.ar\/wordpress\/index.php\/product\/whisky-johnie-walker-red-label-1l\/","og_locale":"es_ES","og_type":"article","og_title":"Whisky Johnnie Walker Red Label 750 CC. - Drink.com","og_description":"Elaboraci\u00f3n El\u00a0whisky\u00a0Johnnie Walker Red Label, con su combinaci\u00f3n de whiskies ligeros de la costa Este de Escocia y whiskies ahumados y oscuros de la costa Oeste, resulta una mezcla con una extraordinaria profundidad de sabor. Alexander Walker cre\u00f3 en 1860 la botella cuadrada caracter\u00edstica de la marca, lo cual hizo que la botella y por [&hellip;]","og_url":"http:\/\/www.drink.com.ar\/wordpress\/index.php\/product\/whisky-johnie-walker-red-label-1l\/","og_site_name":"Drink.com","article_modified_time":"2026-03-30T16:18:55+00:00","og_image":[{"width":486,"height":603,"url":"http:\/\/www.drink.com.ar\/wordpress\/wp-content\/uploads\/2019\/03\/whisky-johnnie-walker-red-label-1l.jpg","type":"image\/jpeg"}],"twitter_card":"summary_large_image","twitter_misc":{"Tiempo de lectura":"1 minuto"},"schema":{"@context":"https:\/\/schema.org","@graph":[{"@type":"WebPage","@id":"http:\/\/www.drink.com.ar\/wordpress\/index.php\/product\/whisky-johnie-walker-red-label-1l\/","url":"http:\/\/www.drink.com.ar\/wordpress\/index.php\/product\/whisky-johnie-walker-red-label-1l\/","name":"Whisky Johnnie Walker Red Label 750 CC. - Drink.com","isPartOf":{"@id":"http:\/\/www.drink.com.ar\/wordpress\/#website"},"primaryImageOfPage":{"@id":"http:\/\/www.drink.com.ar\/wordpress\/index.php\/product\/whisky-johnie-walker-red-label-1l\/#primaryimage"},"image":{"@id":"http:\/\/www.drink.com.ar\/wordpress\/index.php\/product\/whisky-johnie-walker-red-label-1l\/#primaryimage"},"thumbnailUrl":"http:\/\/www.drink.com.ar\/wordpress\/wp-content\/uploads\/2019\/03\/whisky-johnnie-walker-red-label-1l.jpg","datePublished":"2019-03-20T03:44:37+00:00","dateModified":"2026-03-30T16:18:55+00:00","breadcrumb":{"@id":"http:\/\/www.drink.com.ar\/wordpress\/index.php\/product\/whisky-johnie-walker-red-label-1l\/#breadcrumb"},"inLanguage":"es-AR","potentialAction":[{"@type":"ReadAction","target":["http:\/\/www.drink.com.ar\/wordpress\/index.php\/product\/whisky-johnie-walker-red-label-1l\/"]}]},{"@type":"ImageObject","inLanguage":"es-AR","@id":"http:\/\/www.drink.com.ar\/wordpress\/index.php\/product\/whisky-johnie-walker-red-label-1l\/#primaryimage","url":"http:\/\/www.drink.com.ar\/wordpress\/wp-content\/uploads\/2019\/03\/whisky-johnnie-walker-red-label-1l.jpg","contentUrl":"http:\/\/www.drink.com.ar\/wordpress\/wp-content\/uploads\/2019\/03\/whisky-johnnie-walker-red-label-1l.jpg","width":486,"height":603},{"@type":"BreadcrumbList","@id":"http:\/\/www.drink.com.ar\/wordpress\/index.php\/product\/whisky-johnie-walker-red-label-1l\/#breadcrumb","itemListElement":[{"@type":"ListItem","position":1,"name":"Inicio","item":"http:\/\/www.drink.com.ar\/wordpress\/"},{"@type":"ListItem","position":2,"name":"Nuestra tienda","item":"http:\/\/www.drink.com.ar\/wordpress\/"},{"@type":"ListItem","position":3,"name":"Whisky Johnnie Walker Red Label 750 CC."}]},{"@type":"WebSite","@id":"http:\/\/www.drink.com.ar\/wordpress\/#website","url":"http:\/\/www.drink.com.ar\/wordpress\/","name":"Drink &amp; Co","description":"No tomar\u00e1s en vano, inventa siempre un pretexto","publisher":{"@id":"http:\/\/www.drink.com.ar\/wordpress\/#organization"},"potentialAction":[{"@type":"SearchAction","target":{"@type":"EntryPoint","urlTemplate":"http:\/\/www.drink.com.ar\/wordpress\/?s={search_term_string}"},"query-input":{"@type":"PropertyValueSpecification","valueRequired":true,"valueName":"search_term_string"}}],"inLanguage":"es-AR"},{"@type":"Organization","@id":"http:\/\/www.drink.com.ar\/wordpress\/#organization","name":"Drink & Co","url":"http:\/\/www.drink.com.ar\/wordpress\/","logo":{"@type":"ImageObject","inLanguage":"es-AR","@id":"http:\/\/www.drink.com.ar\/wordpress\/#\/schema\/logo\/image\/","url":"http:\/\/www.drink.com.ar\/wordpress\/wp-content\/uploads\/2019\/03\/otro-logo2-scaled.png","contentUrl":"http:\/\/www.drink.com.ar\/wordpress\/wp-content\/uploads\/2019\/03\/otro-logo2-scaled.png","width":2560,"height":477,"caption":"Drink & Co"},"image":{"@id":"http:\/\/www.drink.com.ar\/wordpress\/#\/schema\/logo\/image\/"}}]}},"jetpack_sharing_enabled":true,"_links":{"self":[{"href":"http:\/\/www.drink.com.ar\/wordpress\/index.php\/wp-json\/wp\/v2\/product\/568","targetHints":{"allow":["GET"]}}],"collection":[{"href":"http:\/\/www.drink.com.ar\/wordpress\/index.php\/wp-json\/wp\/v2\/product"}],"about":[{"href":"http:\/\/www.drink.com.ar\/wordpress\/index.php\/wp-json\/wp\/v2\/types\/product"}],"replies":[{"embeddable":true,"href":"http:\/\/www.drink.com.ar\/wordpress\/index.php\/wp-json\/wp\/v2\/comments?post=568"}],"wp:featuredmedia":[{"embeddable":true,"href":"http:\/\/www.drink.com.ar\/wordpress\/index.php\/wp-json\/wp\/v2\/media\/1105"}],"wp:attachment":[{"href":"http:\/\/www.drink.com.ar\/wordpress\/index.php\/wp-json\/wp\/v2\/media?parent=568"}],"curies":[{"name":"wp","href":"https:\/\/api.w.org\/{rel}","templated":true}]}}