{"id":592,"date":"2019-03-20T00:45:08","date_gmt":"2019-03-20T03:45:08","guid":{"rendered":"http:\/\/www.drink.com.ar\/wordpress\/index.php\/product\/sidra-1888\/"},"modified":"2025-06-14T14:04:36","modified_gmt":"2025-06-14T17:04:36","slug":"sidra-1888","status":"publish","type":"product","link":"http:\/\/www.drink.com.ar\/wordpress\/index.php\/product\/sidra-1888\/","title":{"rendered":"Sidra 1888 750 CC, x 06 unidades."},"content":{"rendered":"<div class=\"attribute col-md-4 col-sm-6 col-xs-12\">\n<div class=\"title\">CATEGOR\u00cdA<\/div>\n<div class=\"value\">Vinos<\/div>\n<\/div>\n<div class=\"attribute col-md-4 col-sm-6 col-xs-12\">\n<div class=\"title\">PRODUCTOR<\/div>\n<div class=\"value\"><a href=\"https:\/\/www.espaciovino.com.ar\/bodegas-ficha\/Saenz-Briones\">S\u00e1enz Briones<\/a><\/div>\n<\/div>\n<div class=\"attribute col-md-4 col-sm-6 col-xs-12\">\n<div class=\"title\">TIPO<\/div>\n<div class=\"value\">Sidra<\/div>\n<\/div>\n<div class=\"attribute col-md-4 col-sm-6 col-xs-12\">\n<div class=\"title\">VARIEDAD<\/div>\n<div class=\"value\">Blend<\/div>\n<\/div>\n<div class=\"attribute col-md-4 col-sm-6 col-xs-12\">\n<div class=\"title\">CORTE<\/div>\n<div class=\"value\">Sidra<\/div>\n<\/div>\n<div class=\"attribute col-md-4 col-sm-6 col-xs-12\">\n<div class=\"title\">LUGAR DE ELABORACI\u00d3N<\/div>\n<div class=\"value\">Alto Valle de R\u00edo Negro. Provincia de R\u00edo Negro, Argentina.<\/div>\n<\/div>\n<div class=\"attribute col-md-4 col-sm-6 col-xs-12\"><\/div>\n<div class=\"attribute col-md-12\">\n<div class=\"title\">ELABORACI\u00d3N<\/div>\n<div class=\"value\">Saenz Briones 1888, como su nombre lo indica, se elabora desde 1888 con total dedicaci\u00f3n, paciencia, delicadeza y extremo cuidado en cada uno de sus rigurosos procesos de elaboraci\u00f3n. Ubicada donde la tierra da lo mejor de s\u00ed, durante los meses de verano S\u00e1enz Briones 1888 cosecha y selecciona las mejores manzanas en el coraz\u00f3n del Alto Valle de R\u00edo Negro. Su receta, e incluso su forma de cosechado y producci\u00f3n de manzanas, involucran un cuidado tratamiento artesanal de peque\u00f1as parcelas de tierra donde la naturaleza aporta toda su sabidur\u00eda durante los meses de verano.<\/div>\n<\/div>\n<div class=\"attribute col-md-4 col-sm-6 col-xs-12\">\n<div class=\"title\">PA\u00cdS<\/div>\n<div class=\"value\">Argentina<\/div>\n<\/div>\n","protected":false},"excerpt":{"rendered":"<p>CATEGOR\u00cdA Vinos PRODUCTOR S\u00e1enz Briones TIPO Sidra VARIEDAD Blend CORTE Sidra LUGAR DE ELABORACI\u00d3N Alto Valle de R\u00edo Negro. Provincia de R\u00edo Negro, Argentina. ELABORACI\u00d3N Saenz Briones 1888, como su nombre lo indica, se elabora desde 1888 con total dedicaci\u00f3n, paciencia, delicadeza y extremo cuidado en cada uno de sus rigurosos procesos de elaboraci\u00f3n. Ubicada [&hellip;]<\/p>\n","protected":false},"featured_media":1064,"comment_status":"open","ping_status":"closed","template":"","meta":{"jetpack_post_was_ever_published":false,"jetpack_publicize_message":"","jetpack_publicize_feature_enabled":true,"jetpack_social_post_already_shared":true,"jetpack_social_options":{"image_generator_settings":{"template":"highway","enabled":false},"version":2}},"class_list":["post-592","product","type-product","status-publish","has-post-thumbnail","hentry","product_cat-espumantes"],"jetpack_publicize_connections":[],"brands":[],"yoast_head":"<!-- This site is optimized with the Yoast SEO plugin v24.7 - https:\/\/yoast.com\/wordpress\/plugins\/seo\/ -->\n<title>Sidra 1888 750 CC, x 06 unidades. - Drink.com<\/title>\n<meta name=\"robots\" content=\"index, follow, max-snippet:-1, max-image-preview:large, max-video-preview:-1\" \/>\n<link rel=\"canonical\" href=\"http:\/\/www.drink.com.ar\/wordpress\/index.php\/product\/sidra-1888\/\" \/>\n<meta property=\"og:locale\" content=\"es_ES\" \/>\n<meta property=\"og:type\" content=\"article\" \/>\n<meta property=\"og:title\" content=\"Sidra 1888 750 CC, x 06 unidades. - Drink.com\" \/>\n<meta property=\"og:description\" content=\"CATEGOR\u00cdA Vinos PRODUCTOR S\u00e1enz Briones TIPO Sidra VARIEDAD Blend CORTE Sidra LUGAR DE ELABORACI\u00d3N Alto Valle de R\u00edo Negro. Provincia de R\u00edo Negro, Argentina. ELABORACI\u00d3N Saenz Briones 1888, como su nombre lo indica, se elabora desde 1888 con total dedicaci\u00f3n, paciencia, delicadeza y extremo cuidado en cada uno de sus rigurosos procesos de elaboraci\u00f3n. Ubicada [&hellip;]\" \/>\n<meta property=\"og:url\" content=\"http:\/\/www.drink.com.ar\/wordpress\/index.php\/product\/sidra-1888\/\" \/>\n<meta property=\"og:site_name\" content=\"Drink.com\" \/>\n<meta property=\"article:modified_time\" content=\"2025-06-14T17:04:36+00:00\" \/>\n<meta property=\"og:image\" content=\"http:\/\/www.drink.com.ar\/wordpress\/wp-content\/uploads\/2019\/03\/thumb_59253_default_medium.jpeg\" \/>\n\t<meta property=\"og:image:width\" content=\"308\" \/>\n\t<meta property=\"og:image:height\" content=\"436\" \/>\n\t<meta property=\"og:image:type\" content=\"image\/jpeg\" \/>\n<meta name=\"twitter:card\" content=\"summary_large_image\" \/>\n<meta name=\"twitter:label1\" content=\"Tiempo de lectura\" \/>\n\t<meta name=\"twitter:data1\" content=\"1 minuto\" \/>\n<script type=\"application\/ld+json\" class=\"yoast-schema-graph\">{\"@context\":\"https:\/\/schema.org\",\"@graph\":[{\"@type\":\"WebPage\",\"@id\":\"http:\/\/www.drink.com.ar\/wordpress\/index.php\/product\/sidra-1888\/\",\"url\":\"http:\/\/www.drink.com.ar\/wordpress\/index.php\/product\/sidra-1888\/\",\"name\":\"Sidra 1888 750 CC, x 06 unidades. - Drink.com\",\"isPartOf\":{\"@id\":\"http:\/\/www.drink.com.ar\/wordpress\/#website\"},\"primaryImageOfPage\":{\"@id\":\"http:\/\/www.drink.com.ar\/wordpress\/index.php\/product\/sidra-1888\/#primaryimage\"},\"image\":{\"@id\":\"http:\/\/www.drink.com.ar\/wordpress\/index.php\/product\/sidra-1888\/#primaryimage\"},\"thumbnailUrl\":\"http:\/\/www.drink.com.ar\/wordpress\/wp-content\/uploads\/2019\/03\/thumb_59253_default_medium.jpeg\",\"datePublished\":\"2019-03-20T03:45:08+00:00\",\"dateModified\":\"2025-06-14T17:04:36+00:00\",\"breadcrumb\":{\"@id\":\"http:\/\/www.drink.com.ar\/wordpress\/index.php\/product\/sidra-1888\/#breadcrumb\"},\"inLanguage\":\"es-AR\",\"potentialAction\":[{\"@type\":\"ReadAction\",\"target\":[\"http:\/\/www.drink.com.ar\/wordpress\/index.php\/product\/sidra-1888\/\"]}]},{\"@type\":\"ImageObject\",\"inLanguage\":\"es-AR\",\"@id\":\"http:\/\/www.drink.com.ar\/wordpress\/index.php\/product\/sidra-1888\/#primaryimage\",\"url\":\"http:\/\/www.drink.com.ar\/wordpress\/wp-content\/uploads\/2019\/03\/thumb_59253_default_medium.jpeg\",\"contentUrl\":\"http:\/\/www.drink.com.ar\/wordpress\/wp-content\/uploads\/2019\/03\/thumb_59253_default_medium.jpeg\",\"width\":308,\"height\":436},{\"@type\":\"BreadcrumbList\",\"@id\":\"http:\/\/www.drink.com.ar\/wordpress\/index.php\/product\/sidra-1888\/#breadcrumb\",\"itemListElement\":[{\"@type\":\"ListItem\",\"position\":1,\"name\":\"Inicio\",\"item\":\"http:\/\/www.drink.com.ar\/wordpress\/\"},{\"@type\":\"ListItem\",\"position\":2,\"name\":\"Nuestra tienda\",\"item\":\"http:\/\/www.drink.com.ar\/wordpress\/\"},{\"@type\":\"ListItem\",\"position\":3,\"name\":\"Sidra 1888 750 CC, x 06 unidades.\"}]},{\"@type\":\"WebSite\",\"@id\":\"http:\/\/www.drink.com.ar\/wordpress\/#website\",\"url\":\"http:\/\/www.drink.com.ar\/wordpress\/\",\"name\":\"Drink &amp; Co\",\"description\":\"No tomar\u00e1s en vano, inventa siempre un pretexto\",\"publisher\":{\"@id\":\"http:\/\/www.drink.com.ar\/wordpress\/#organization\"},\"potentialAction\":[{\"@type\":\"SearchAction\",\"target\":{\"@type\":\"EntryPoint\",\"urlTemplate\":\"http:\/\/www.drink.com.ar\/wordpress\/?s={search_term_string}\"},\"query-input\":{\"@type\":\"PropertyValueSpecification\",\"valueRequired\":true,\"valueName\":\"search_term_string\"}}],\"inLanguage\":\"es-AR\"},{\"@type\":\"Organization\",\"@id\":\"http:\/\/www.drink.com.ar\/wordpress\/#organization\",\"name\":\"Drink & Co\",\"url\":\"http:\/\/www.drink.com.ar\/wordpress\/\",\"logo\":{\"@type\":\"ImageObject\",\"inLanguage\":\"es-AR\",\"@id\":\"http:\/\/www.drink.com.ar\/wordpress\/#\/schema\/logo\/image\/\",\"url\":\"http:\/\/www.drink.com.ar\/wordpress\/wp-content\/uploads\/2019\/03\/otro-logo2-scaled.png\",\"contentUrl\":\"http:\/\/www.drink.com.ar\/wordpress\/wp-content\/uploads\/2019\/03\/otro-logo2-scaled.png\",\"width\":2560,\"height\":477,\"caption\":\"Drink & Co\"},\"image\":{\"@id\":\"http:\/\/www.drink.com.ar\/wordpress\/#\/schema\/logo\/image\/\"}}]}<\/script>\n<!-- \/ Yoast SEO plugin. -->","yoast_head_json":{"title":"Sidra 1888 750 CC, x 06 unidades. - Drink.com","robots":{"index":"index","follow":"follow","max-snippet":"max-snippet:-1","max-image-preview":"max-image-preview:large","max-video-preview":"max-video-preview:-1"},"canonical":"http:\/\/www.drink.com.ar\/wordpress\/index.php\/product\/sidra-1888\/","og_locale":"es_ES","og_type":"article","og_title":"Sidra 1888 750 CC, x 06 unidades. - Drink.com","og_description":"CATEGOR\u00cdA Vinos PRODUCTOR S\u00e1enz Briones TIPO Sidra VARIEDAD Blend CORTE Sidra LUGAR DE ELABORACI\u00d3N Alto Valle de R\u00edo Negro. Provincia de R\u00edo Negro, Argentina. ELABORACI\u00d3N Saenz Briones 1888, como su nombre lo indica, se elabora desde 1888 con total dedicaci\u00f3n, paciencia, delicadeza y extremo cuidado en cada uno de sus rigurosos procesos de elaboraci\u00f3n. Ubicada [&hellip;]","og_url":"http:\/\/www.drink.com.ar\/wordpress\/index.php\/product\/sidra-1888\/","og_site_name":"Drink.com","article_modified_time":"2025-06-14T17:04:36+00:00","og_image":[{"width":308,"height":436,"url":"http:\/\/www.drink.com.ar\/wordpress\/wp-content\/uploads\/2019\/03\/thumb_59253_default_medium.jpeg","type":"image\/jpeg"}],"twitter_card":"summary_large_image","twitter_misc":{"Tiempo de lectura":"1 minuto"},"schema":{"@context":"https:\/\/schema.org","@graph":[{"@type":"WebPage","@id":"http:\/\/www.drink.com.ar\/wordpress\/index.php\/product\/sidra-1888\/","url":"http:\/\/www.drink.com.ar\/wordpress\/index.php\/product\/sidra-1888\/","name":"Sidra 1888 750 CC, x 06 unidades. - Drink.com","isPartOf":{"@id":"http:\/\/www.drink.com.ar\/wordpress\/#website"},"primaryImageOfPage":{"@id":"http:\/\/www.drink.com.ar\/wordpress\/index.php\/product\/sidra-1888\/#primaryimage"},"image":{"@id":"http:\/\/www.drink.com.ar\/wordpress\/index.php\/product\/sidra-1888\/#primaryimage"},"thumbnailUrl":"http:\/\/www.drink.com.ar\/wordpress\/wp-content\/uploads\/2019\/03\/thumb_59253_default_medium.jpeg","datePublished":"2019-03-20T03:45:08+00:00","dateModified":"2025-06-14T17:04:36+00:00","breadcrumb":{"@id":"http:\/\/www.drink.com.ar\/wordpress\/index.php\/product\/sidra-1888\/#breadcrumb"},"inLanguage":"es-AR","potentialAction":[{"@type":"ReadAction","target":["http:\/\/www.drink.com.ar\/wordpress\/index.php\/product\/sidra-1888\/"]}]},{"@type":"ImageObject","inLanguage":"es-AR","@id":"http:\/\/www.drink.com.ar\/wordpress\/index.php\/product\/sidra-1888\/#primaryimage","url":"http:\/\/www.drink.com.ar\/wordpress\/wp-content\/uploads\/2019\/03\/thumb_59253_default_medium.jpeg","contentUrl":"http:\/\/www.drink.com.ar\/wordpress\/wp-content\/uploads\/2019\/03\/thumb_59253_default_medium.jpeg","width":308,"height":436},{"@type":"BreadcrumbList","@id":"http:\/\/www.drink.com.ar\/wordpress\/index.php\/product\/sidra-1888\/#breadcrumb","itemListElement":[{"@type":"ListItem","position":1,"name":"Inicio","item":"http:\/\/www.drink.com.ar\/wordpress\/"},{"@type":"ListItem","position":2,"name":"Nuestra tienda","item":"http:\/\/www.drink.com.ar\/wordpress\/"},{"@type":"ListItem","position":3,"name":"Sidra 1888 750 CC, x 06 unidades."}]},{"@type":"WebSite","@id":"http:\/\/www.drink.com.ar\/wordpress\/#website","url":"http:\/\/www.drink.com.ar\/wordpress\/","name":"Drink &amp; Co","description":"No tomar\u00e1s en vano, inventa siempre un pretexto","publisher":{"@id":"http:\/\/www.drink.com.ar\/wordpress\/#organization"},"potentialAction":[{"@type":"SearchAction","target":{"@type":"EntryPoint","urlTemplate":"http:\/\/www.drink.com.ar\/wordpress\/?s={search_term_string}"},"query-input":{"@type":"PropertyValueSpecification","valueRequired":true,"valueName":"search_term_string"}}],"inLanguage":"es-AR"},{"@type":"Organization","@id":"http:\/\/www.drink.com.ar\/wordpress\/#organization","name":"Drink & Co","url":"http:\/\/www.drink.com.ar\/wordpress\/","logo":{"@type":"ImageObject","inLanguage":"es-AR","@id":"http:\/\/www.drink.com.ar\/wordpress\/#\/schema\/logo\/image\/","url":"http:\/\/www.drink.com.ar\/wordpress\/wp-content\/uploads\/2019\/03\/otro-logo2-scaled.png","contentUrl":"http:\/\/www.drink.com.ar\/wordpress\/wp-content\/uploads\/2019\/03\/otro-logo2-scaled.png","width":2560,"height":477,"caption":"Drink & Co"},"image":{"@id":"http:\/\/www.drink.com.ar\/wordpress\/#\/schema\/logo\/image\/"}}]}},"jetpack_sharing_enabled":true,"_links":{"self":[{"href":"http:\/\/www.drink.com.ar\/wordpress\/index.php\/wp-json\/wp\/v2\/product\/592","targetHints":{"allow":["GET"]}}],"collection":[{"href":"http:\/\/www.drink.com.ar\/wordpress\/index.php\/wp-json\/wp\/v2\/product"}],"about":[{"href":"http:\/\/www.drink.com.ar\/wordpress\/index.php\/wp-json\/wp\/v2\/types\/product"}],"replies":[{"embeddable":true,"href":"http:\/\/www.drink.com.ar\/wordpress\/index.php\/wp-json\/wp\/v2\/comments?post=592"}],"wp:featuredmedia":[{"embeddable":true,"href":"http:\/\/www.drink.com.ar\/wordpress\/index.php\/wp-json\/wp\/v2\/media\/1064"}],"wp:attachment":[{"href":"http:\/\/www.drink.com.ar\/wordpress\/index.php\/wp-json\/wp\/v2\/media?parent=592"}],"curies":[{"name":"wp","href":"https:\/\/api.w.org\/{rel}","templated":true}]}}