{"id":857,"date":"2019-04-01T14:04:19","date_gmt":"2019-04-01T17:04:19","guid":{"rendered":"http:\/\/www.drink.com.ar\/wordpress\/index.php\/product\/alaris-malbec-trapiche-caja-x-6\/"},"modified":"2025-07-28T16:42:18","modified_gmt":"2025-07-28T19:42:18","slug":"alaris-malbec-trapiche-caja-x-6","status":"publish","type":"product","link":"http:\/\/www.drink.com.ar\/wordpress\/index.php\/product\/alaris-malbec-trapiche-caja-x-6\/","title":{"rendered":"Alaris Malbec ( Trapiche ) 750 CC, x 06 unidades."},"content":{"rendered":"<div class=\"attribute col-md-4 col-sm-6 col-xs-12\">\n<div class=\"title\">CATEGOR\u00cdA<\/div>\n<div class=\"value\">Vinos<\/div>\n<\/div>\n<div class=\"attribute col-md-4 col-sm-6 col-xs-12\">\n<div class=\"title\">PRODUCTOR<\/div>\n<div class=\"value\"><a href=\"https:\/\/www.espaciovino.com.ar\/bodegas-ficha\/Trapiche\">Trapiche<\/a><\/div>\n<\/div>\n<div class=\"attribute col-md-4 col-sm-6 col-xs-12\">\n<div class=\"title\">TIPO<\/div>\n<div class=\"value\">Tinto<\/div>\n<\/div>\n<div class=\"attribute col-md-4 col-sm-6 col-xs-12\">\n<div class=\"title\">VARIEDAD<\/div>\n<div class=\"value\">Malbec<\/div>\n<\/div>\n<div class=\"attribute col-md-4 col-sm-6 col-xs-12\">\n<div class=\"title\">CORTE<\/div>\n<div class=\"value\">100% Malbec<\/div>\n<\/div>\n<div class=\"attribute col-md-4 col-sm-6 col-xs-12\">\n<div class=\"title\">LUGAR DE ELABORACI\u00d3N<\/div>\n<div class=\"value\">Vi\u00f1edos seleccionados de la zona este y la zona alta del R\u00edo Mendoza. Provincia de Mendoza, Argentina.<\/div>\n<\/div>\n<div class=\"attribute col-md-4 col-sm-6 col-xs-12\"><\/div>\n<div class=\"attribute col-md-4 col-sm-6 col-xs-12\">\n<div class=\"title\">TEMPERATURA DE SERVICIO<\/div>\n<div class=\"value\">15\u00ba a 17\u00ba C<\/div>\n<\/div>\n<div class=\"attribute col-md-4 col-sm-6 col-xs-12\"><\/div>\n<div class=\"attribute col-md-4 col-sm-6 col-xs-12\">\n<div class=\"title\">PA\u00cdS<\/div>\n<div class=\"value\">Argentina<\/div>\n<\/div>\n","protected":false},"excerpt":{"rendered":"<p>CATEGOR\u00cdA Vinos PRODUCTOR Trapiche TIPO Tinto VARIEDAD Malbec CORTE 100% Malbec LUGAR DE ELABORACI\u00d3N Vi\u00f1edos seleccionados de la zona este y la zona alta del R\u00edo Mendoza. Provincia de Mendoza, Argentina. TEMPERATURA DE SERVICIO 15\u00ba a 17\u00ba C PA\u00cdS Argentina<\/p>\n","protected":false},"featured_media":15805,"comment_status":"open","ping_status":"closed","template":"","meta":{"jetpack_post_was_ever_published":false,"jetpack_publicize_message":"","jetpack_publicize_feature_enabled":true,"jetpack_social_post_already_shared":true,"jetpack_social_options":{"image_generator_settings":{"template":"highway","enabled":false},"version":2}},"class_list":["post-857","product","type-product","status-publish","has-post-thumbnail","hentry","product_cat-malbec","product_cat-tintos"],"jetpack_publicize_connections":[],"brands":[],"yoast_head":"<!-- This site is optimized with the Yoast SEO plugin v24.7 - https:\/\/yoast.com\/wordpress\/plugins\/seo\/ -->\n<title>Alaris Malbec ( Trapiche ) 750 CC, x 06 unidades. - Drink.com<\/title>\n<meta name=\"robots\" content=\"index, follow, max-snippet:-1, max-image-preview:large, max-video-preview:-1\" \/>\n<link rel=\"canonical\" href=\"http:\/\/www.drink.com.ar\/wordpress\/index.php\/product\/alaris-malbec-trapiche-caja-x-6\/\" \/>\n<meta property=\"og:locale\" content=\"es_ES\" \/>\n<meta property=\"og:type\" content=\"article\" \/>\n<meta property=\"og:title\" content=\"Alaris Malbec ( Trapiche ) 750 CC, x 06 unidades. - Drink.com\" \/>\n<meta property=\"og:description\" content=\"CATEGOR\u00cdA Vinos PRODUCTOR Trapiche TIPO Tinto VARIEDAD Malbec CORTE 100% Malbec LUGAR DE ELABORACI\u00d3N Vi\u00f1edos seleccionados de la zona este y la zona alta del R\u00edo Mendoza. Provincia de Mendoza, Argentina. TEMPERATURA DE SERVICIO 15\u00ba a 17\u00ba C PA\u00cdS Argentina\" \/>\n<meta property=\"og:url\" content=\"http:\/\/www.drink.com.ar\/wordpress\/index.php\/product\/alaris-malbec-trapiche-caja-x-6\/\" \/>\n<meta property=\"og:site_name\" content=\"Drink.com\" \/>\n<meta property=\"article:modified_time\" content=\"2025-07-28T19:42:18+00:00\" \/>\n<meta property=\"og:image\" content=\"http:\/\/www.drink.com.ar\/wordpress\/wp-content\/uploads\/2019\/04\/image.png\" \/>\n\t<meta property=\"og:image:width\" content=\"706\" \/>\n\t<meta property=\"og:image:height\" content=\"1000\" \/>\n\t<meta property=\"og:image:type\" content=\"image\/png\" \/>\n<meta name=\"twitter:card\" content=\"summary_large_image\" \/>\n<meta name=\"twitter:label1\" content=\"Tiempo de lectura\" \/>\n\t<meta name=\"twitter:data1\" content=\"1 minuto\" \/>\n<script type=\"application\/ld+json\" class=\"yoast-schema-graph\">{\"@context\":\"https:\/\/schema.org\",\"@graph\":[{\"@type\":\"WebPage\",\"@id\":\"http:\/\/www.drink.com.ar\/wordpress\/index.php\/product\/alaris-malbec-trapiche-caja-x-6\/\",\"url\":\"http:\/\/www.drink.com.ar\/wordpress\/index.php\/product\/alaris-malbec-trapiche-caja-x-6\/\",\"name\":\"Alaris Malbec ( Trapiche ) 750 CC, x 06 unidades. - Drink.com\",\"isPartOf\":{\"@id\":\"http:\/\/www.drink.com.ar\/wordpress\/#website\"},\"primaryImageOfPage\":{\"@id\":\"http:\/\/www.drink.com.ar\/wordpress\/index.php\/product\/alaris-malbec-trapiche-caja-x-6\/#primaryimage\"},\"image\":{\"@id\":\"http:\/\/www.drink.com.ar\/wordpress\/index.php\/product\/alaris-malbec-trapiche-caja-x-6\/#primaryimage\"},\"thumbnailUrl\":\"http:\/\/www.drink.com.ar\/wordpress\/wp-content\/uploads\/2019\/04\/image.png\",\"datePublished\":\"2019-04-01T17:04:19+00:00\",\"dateModified\":\"2025-07-28T19:42:18+00:00\",\"breadcrumb\":{\"@id\":\"http:\/\/www.drink.com.ar\/wordpress\/index.php\/product\/alaris-malbec-trapiche-caja-x-6\/#breadcrumb\"},\"inLanguage\":\"es-AR\",\"potentialAction\":[{\"@type\":\"ReadAction\",\"target\":[\"http:\/\/www.drink.com.ar\/wordpress\/index.php\/product\/alaris-malbec-trapiche-caja-x-6\/\"]}]},{\"@type\":\"ImageObject\",\"inLanguage\":\"es-AR\",\"@id\":\"http:\/\/www.drink.com.ar\/wordpress\/index.php\/product\/alaris-malbec-trapiche-caja-x-6\/#primaryimage\",\"url\":\"http:\/\/www.drink.com.ar\/wordpress\/wp-content\/uploads\/2019\/04\/image.png\",\"contentUrl\":\"http:\/\/www.drink.com.ar\/wordpress\/wp-content\/uploads\/2019\/04\/image.png\",\"width\":706,\"height\":1000},{\"@type\":\"BreadcrumbList\",\"@id\":\"http:\/\/www.drink.com.ar\/wordpress\/index.php\/product\/alaris-malbec-trapiche-caja-x-6\/#breadcrumb\",\"itemListElement\":[{\"@type\":\"ListItem\",\"position\":1,\"name\":\"Inicio\",\"item\":\"http:\/\/www.drink.com.ar\/wordpress\/\"},{\"@type\":\"ListItem\",\"position\":2,\"name\":\"Nuestra tienda\",\"item\":\"http:\/\/www.drink.com.ar\/wordpress\/\"},{\"@type\":\"ListItem\",\"position\":3,\"name\":\"Alaris Malbec ( Trapiche ) 750 CC, x 06 unidades.\"}]},{\"@type\":\"WebSite\",\"@id\":\"http:\/\/www.drink.com.ar\/wordpress\/#website\",\"url\":\"http:\/\/www.drink.com.ar\/wordpress\/\",\"name\":\"Drink &amp; Co\",\"description\":\"No tomar\u00e1s en vano, inventa siempre un pretexto\",\"publisher\":{\"@id\":\"http:\/\/www.drink.com.ar\/wordpress\/#organization\"},\"potentialAction\":[{\"@type\":\"SearchAction\",\"target\":{\"@type\":\"EntryPoint\",\"urlTemplate\":\"http:\/\/www.drink.com.ar\/wordpress\/?s={search_term_string}\"},\"query-input\":{\"@type\":\"PropertyValueSpecification\",\"valueRequired\":true,\"valueName\":\"search_term_string\"}}],\"inLanguage\":\"es-AR\"},{\"@type\":\"Organization\",\"@id\":\"http:\/\/www.drink.com.ar\/wordpress\/#organization\",\"name\":\"Drink & Co\",\"url\":\"http:\/\/www.drink.com.ar\/wordpress\/\",\"logo\":{\"@type\":\"ImageObject\",\"inLanguage\":\"es-AR\",\"@id\":\"http:\/\/www.drink.com.ar\/wordpress\/#\/schema\/logo\/image\/\",\"url\":\"http:\/\/www.drink.com.ar\/wordpress\/wp-content\/uploads\/2019\/03\/otro-logo2-scaled.png\",\"contentUrl\":\"http:\/\/www.drink.com.ar\/wordpress\/wp-content\/uploads\/2019\/03\/otro-logo2-scaled.png\",\"width\":2560,\"height\":477,\"caption\":\"Drink & Co\"},\"image\":{\"@id\":\"http:\/\/www.drink.com.ar\/wordpress\/#\/schema\/logo\/image\/\"}}]}<\/script>\n<!-- \/ Yoast SEO plugin. -->","yoast_head_json":{"title":"Alaris Malbec ( Trapiche ) 750 CC, x 06 unidades. - Drink.com","robots":{"index":"index","follow":"follow","max-snippet":"max-snippet:-1","max-image-preview":"max-image-preview:large","max-video-preview":"max-video-preview:-1"},"canonical":"http:\/\/www.drink.com.ar\/wordpress\/index.php\/product\/alaris-malbec-trapiche-caja-x-6\/","og_locale":"es_ES","og_type":"article","og_title":"Alaris Malbec ( Trapiche ) 750 CC, x 06 unidades. - Drink.com","og_description":"CATEGOR\u00cdA Vinos PRODUCTOR Trapiche TIPO Tinto VARIEDAD Malbec CORTE 100% Malbec LUGAR DE ELABORACI\u00d3N Vi\u00f1edos seleccionados de la zona este y la zona alta del R\u00edo Mendoza. Provincia de Mendoza, Argentina. TEMPERATURA DE SERVICIO 15\u00ba a 17\u00ba C PA\u00cdS Argentina","og_url":"http:\/\/www.drink.com.ar\/wordpress\/index.php\/product\/alaris-malbec-trapiche-caja-x-6\/","og_site_name":"Drink.com","article_modified_time":"2025-07-28T19:42:18+00:00","og_image":[{"width":706,"height":1000,"url":"http:\/\/www.drink.com.ar\/wordpress\/wp-content\/uploads\/2019\/04\/image.png","type":"image\/png"}],"twitter_card":"summary_large_image","twitter_misc":{"Tiempo de lectura":"1 minuto"},"schema":{"@context":"https:\/\/schema.org","@graph":[{"@type":"WebPage","@id":"http:\/\/www.drink.com.ar\/wordpress\/index.php\/product\/alaris-malbec-trapiche-caja-x-6\/","url":"http:\/\/www.drink.com.ar\/wordpress\/index.php\/product\/alaris-malbec-trapiche-caja-x-6\/","name":"Alaris Malbec ( Trapiche ) 750 CC, x 06 unidades. - Drink.com","isPartOf":{"@id":"http:\/\/www.drink.com.ar\/wordpress\/#website"},"primaryImageOfPage":{"@id":"http:\/\/www.drink.com.ar\/wordpress\/index.php\/product\/alaris-malbec-trapiche-caja-x-6\/#primaryimage"},"image":{"@id":"http:\/\/www.drink.com.ar\/wordpress\/index.php\/product\/alaris-malbec-trapiche-caja-x-6\/#primaryimage"},"thumbnailUrl":"http:\/\/www.drink.com.ar\/wordpress\/wp-content\/uploads\/2019\/04\/image.png","datePublished":"2019-04-01T17:04:19+00:00","dateModified":"2025-07-28T19:42:18+00:00","breadcrumb":{"@id":"http:\/\/www.drink.com.ar\/wordpress\/index.php\/product\/alaris-malbec-trapiche-caja-x-6\/#breadcrumb"},"inLanguage":"es-AR","potentialAction":[{"@type":"ReadAction","target":["http:\/\/www.drink.com.ar\/wordpress\/index.php\/product\/alaris-malbec-trapiche-caja-x-6\/"]}]},{"@type":"ImageObject","inLanguage":"es-AR","@id":"http:\/\/www.drink.com.ar\/wordpress\/index.php\/product\/alaris-malbec-trapiche-caja-x-6\/#primaryimage","url":"http:\/\/www.drink.com.ar\/wordpress\/wp-content\/uploads\/2019\/04\/image.png","contentUrl":"http:\/\/www.drink.com.ar\/wordpress\/wp-content\/uploads\/2019\/04\/image.png","width":706,"height":1000},{"@type":"BreadcrumbList","@id":"http:\/\/www.drink.com.ar\/wordpress\/index.php\/product\/alaris-malbec-trapiche-caja-x-6\/#breadcrumb","itemListElement":[{"@type":"ListItem","position":1,"name":"Inicio","item":"http:\/\/www.drink.com.ar\/wordpress\/"},{"@type":"ListItem","position":2,"name":"Nuestra tienda","item":"http:\/\/www.drink.com.ar\/wordpress\/"},{"@type":"ListItem","position":3,"name":"Alaris Malbec ( Trapiche ) 750 CC, x 06 unidades."}]},{"@type":"WebSite","@id":"http:\/\/www.drink.com.ar\/wordpress\/#website","url":"http:\/\/www.drink.com.ar\/wordpress\/","name":"Drink &amp; Co","description":"No tomar\u00e1s en vano, inventa siempre un pretexto","publisher":{"@id":"http:\/\/www.drink.com.ar\/wordpress\/#organization"},"potentialAction":[{"@type":"SearchAction","target":{"@type":"EntryPoint","urlTemplate":"http:\/\/www.drink.com.ar\/wordpress\/?s={search_term_string}"},"query-input":{"@type":"PropertyValueSpecification","valueRequired":true,"valueName":"search_term_string"}}],"inLanguage":"es-AR"},{"@type":"Organization","@id":"http:\/\/www.drink.com.ar\/wordpress\/#organization","name":"Drink & Co","url":"http:\/\/www.drink.com.ar\/wordpress\/","logo":{"@type":"ImageObject","inLanguage":"es-AR","@id":"http:\/\/www.drink.com.ar\/wordpress\/#\/schema\/logo\/image\/","url":"http:\/\/www.drink.com.ar\/wordpress\/wp-content\/uploads\/2019\/03\/otro-logo2-scaled.png","contentUrl":"http:\/\/www.drink.com.ar\/wordpress\/wp-content\/uploads\/2019\/03\/otro-logo2-scaled.png","width":2560,"height":477,"caption":"Drink & Co"},"image":{"@id":"http:\/\/www.drink.com.ar\/wordpress\/#\/schema\/logo\/image\/"}}]}},"jetpack_sharing_enabled":true,"_links":{"self":[{"href":"http:\/\/www.drink.com.ar\/wordpress\/index.php\/wp-json\/wp\/v2\/product\/857","targetHints":{"allow":["GET"]}}],"collection":[{"href":"http:\/\/www.drink.com.ar\/wordpress\/index.php\/wp-json\/wp\/v2\/product"}],"about":[{"href":"http:\/\/www.drink.com.ar\/wordpress\/index.php\/wp-json\/wp\/v2\/types\/product"}],"replies":[{"embeddable":true,"href":"http:\/\/www.drink.com.ar\/wordpress\/index.php\/wp-json\/wp\/v2\/comments?post=857"}],"wp:featuredmedia":[{"embeddable":true,"href":"http:\/\/www.drink.com.ar\/wordpress\/index.php\/wp-json\/wp\/v2\/media\/15805"}],"wp:attachment":[{"href":"http:\/\/www.drink.com.ar\/wordpress\/index.php\/wp-json\/wp\/v2\/media?parent=857"}],"curies":[{"name":"wp","href":"https:\/\/api.w.org\/{rel}","templated":true}]}}