{"id":917,"date":"2019-04-01T14:11:07","date_gmt":"2019-04-01T17:11:07","guid":{"rendered":"http:\/\/www.drink.com.ar\/wordpress\/index.php\/product\/navarro-correas-seleccion-del-enologo-caja-x-6\/"},"modified":"2021-07-04T19:02:23","modified_gmt":"2021-07-04T22:02:23","slug":"navarro-correas-seleccion-del-enologo-caja-x-6","status":"publish","type":"product","link":"http:\/\/www.drink.com.ar\/wordpress\/index.php\/product\/navarro-correas-seleccion-del-enologo-caja-x-6\/","title":{"rendered":"Vino Navarro Correas Selecci\u00f3n Del Enologo 750 cc x 06 unidades"},"content":{"rendered":"<p>elecci\u00f3n del En\u00f3logo nace del esp\u00edritu inquieto y creador de los en\u00f3logos e ingenieros de Navarro Correas, que invitan a experimentar partidas especialmente seleccionadas, para dar origen a un vino \u00fanico en cada cosecha.<\/p>\n<p>De notable color Rojo viol\u00e1ceo intenso.<\/p>\n<p>Gran variedad de aromas y sabores intensos a frutas y flores como cerezas rojas, frambuesas y rosas. Notas especiadas a canela, nuez moscada, regaliz, grafito, cedro y caja de cigarros.<\/p>\n<p>De mucho cuerpo y taninos sedosos con un final prolongado fresco y especiado.<\/p>\n<p>Ideal para acompa\u00f1ar platos de cordero en preparaciones especiadas. Servir a 18\u00b0 C.<\/p>\n<p>Potencial de guarda 10 a\u00f1os Varietal 100% Malbec<\/p>\n","protected":false},"excerpt":{"rendered":"<p>elecci\u00f3n del En\u00f3logo nace del esp\u00edritu inquieto y creador de los en\u00f3logos e ingenieros de Navarro Correas, que invitan a experimentar partidas especialmente seleccionadas, para dar origen a un vino \u00fanico en cada cosecha. De notable color Rojo viol\u00e1ceo intenso. Gran variedad de aromas y sabores intensos a frutas y flores como cerezas rojas, frambuesas [&hellip;]<\/p>\n","protected":false},"featured_media":956,"comment_status":"open","ping_status":"closed","template":"","meta":{"jetpack_post_was_ever_published":false,"jetpack_publicize_message":"","jetpack_publicize_feature_enabled":true,"jetpack_social_post_already_shared":true,"jetpack_social_options":{"image_generator_settings":{"template":"highway","enabled":false},"version":2}},"class_list":["post-917","product","type-product","status-publish","has-post-thumbnail","hentry","product_cat-malbec","product_cat-tintos"],"jetpack_publicize_connections":[],"brands":[],"yoast_head":"<!-- This site is optimized with the Yoast SEO plugin v24.7 - https:\/\/yoast.com\/wordpress\/plugins\/seo\/ -->\n<title>Vino Navarro Correas Selecci\u00f3n Del Enologo 750 cc x 06 unidades - Drink.com<\/title>\n<meta name=\"robots\" content=\"index, follow, max-snippet:-1, max-image-preview:large, max-video-preview:-1\" \/>\n<link rel=\"canonical\" href=\"http:\/\/www.drink.com.ar\/wordpress\/index.php\/product\/navarro-correas-seleccion-del-enologo-caja-x-6\/\" \/>\n<meta property=\"og:locale\" content=\"es_ES\" \/>\n<meta property=\"og:type\" content=\"article\" \/>\n<meta property=\"og:title\" content=\"Vino Navarro Correas Selecci\u00f3n Del Enologo 750 cc x 06 unidades - Drink.com\" \/>\n<meta property=\"og:description\" content=\"elecci\u00f3n del En\u00f3logo nace del esp\u00edritu inquieto y creador de los en\u00f3logos e ingenieros de Navarro Correas, que invitan a experimentar partidas especialmente seleccionadas, para dar origen a un vino \u00fanico en cada cosecha. De notable color Rojo viol\u00e1ceo intenso. Gran variedad de aromas y sabores intensos a frutas y flores como cerezas rojas, frambuesas [&hellip;]\" \/>\n<meta property=\"og:url\" content=\"http:\/\/www.drink.com.ar\/wordpress\/index.php\/product\/navarro-correas-seleccion-del-enologo-caja-x-6\/\" \/>\n<meta property=\"og:site_name\" content=\"Drink.com\" \/>\n<meta property=\"article:modified_time\" content=\"2021-07-04T22:02:23+00:00\" \/>\n<meta property=\"og:image\" content=\"http:\/\/www.drink.com.ar\/wordpress\/wp-content\/uploads\/2019\/04\/semalbec.png\" \/>\n\t<meta property=\"og:image:width\" content=\"215\" \/>\n\t<meta property=\"og:image:height\" content=\"558\" \/>\n\t<meta property=\"og:image:type\" content=\"image\/png\" \/>\n<meta name=\"twitter:card\" content=\"summary_large_image\" \/>\n<meta name=\"twitter:label1\" content=\"Tiempo de lectura\" \/>\n\t<meta name=\"twitter:data1\" content=\"1 minuto\" \/>\n<script type=\"application\/ld+json\" class=\"yoast-schema-graph\">{\"@context\":\"https:\/\/schema.org\",\"@graph\":[{\"@type\":\"WebPage\",\"@id\":\"http:\/\/www.drink.com.ar\/wordpress\/index.php\/product\/navarro-correas-seleccion-del-enologo-caja-x-6\/\",\"url\":\"http:\/\/www.drink.com.ar\/wordpress\/index.php\/product\/navarro-correas-seleccion-del-enologo-caja-x-6\/\",\"name\":\"Vino Navarro Correas Selecci\u00f3n Del Enologo 750 cc x 06 unidades - Drink.com\",\"isPartOf\":{\"@id\":\"http:\/\/www.drink.com.ar\/wordpress\/#website\"},\"primaryImageOfPage\":{\"@id\":\"http:\/\/www.drink.com.ar\/wordpress\/index.php\/product\/navarro-correas-seleccion-del-enologo-caja-x-6\/#primaryimage\"},\"image\":{\"@id\":\"http:\/\/www.drink.com.ar\/wordpress\/index.php\/product\/navarro-correas-seleccion-del-enologo-caja-x-6\/#primaryimage\"},\"thumbnailUrl\":\"http:\/\/www.drink.com.ar\/wordpress\/wp-content\/uploads\/2019\/04\/semalbec.png\",\"datePublished\":\"2019-04-01T17:11:07+00:00\",\"dateModified\":\"2021-07-04T22:02:23+00:00\",\"breadcrumb\":{\"@id\":\"http:\/\/www.drink.com.ar\/wordpress\/index.php\/product\/navarro-correas-seleccion-del-enologo-caja-x-6\/#breadcrumb\"},\"inLanguage\":\"es-AR\",\"potentialAction\":[{\"@type\":\"ReadAction\",\"target\":[\"http:\/\/www.drink.com.ar\/wordpress\/index.php\/product\/navarro-correas-seleccion-del-enologo-caja-x-6\/\"]}]},{\"@type\":\"ImageObject\",\"inLanguage\":\"es-AR\",\"@id\":\"http:\/\/www.drink.com.ar\/wordpress\/index.php\/product\/navarro-correas-seleccion-del-enologo-caja-x-6\/#primaryimage\",\"url\":\"http:\/\/www.drink.com.ar\/wordpress\/wp-content\/uploads\/2019\/04\/semalbec.png\",\"contentUrl\":\"http:\/\/www.drink.com.ar\/wordpress\/wp-content\/uploads\/2019\/04\/semalbec.png\",\"width\":215,\"height\":558},{\"@type\":\"BreadcrumbList\",\"@id\":\"http:\/\/www.drink.com.ar\/wordpress\/index.php\/product\/navarro-correas-seleccion-del-enologo-caja-x-6\/#breadcrumb\",\"itemListElement\":[{\"@type\":\"ListItem\",\"position\":1,\"name\":\"Inicio\",\"item\":\"http:\/\/www.drink.com.ar\/wordpress\/\"},{\"@type\":\"ListItem\",\"position\":2,\"name\":\"Nuestra tienda\",\"item\":\"http:\/\/www.drink.com.ar\/wordpress\/\"},{\"@type\":\"ListItem\",\"position\":3,\"name\":\"Vino Navarro Correas Selecci\u00f3n Del Enologo 750 cc x 06 unidades\"}]},{\"@type\":\"WebSite\",\"@id\":\"http:\/\/www.drink.com.ar\/wordpress\/#website\",\"url\":\"http:\/\/www.drink.com.ar\/wordpress\/\",\"name\":\"Drink &amp; Co\",\"description\":\"No tomar\u00e1s en vano, inventa siempre un pretexto\",\"publisher\":{\"@id\":\"http:\/\/www.drink.com.ar\/wordpress\/#organization\"},\"potentialAction\":[{\"@type\":\"SearchAction\",\"target\":{\"@type\":\"EntryPoint\",\"urlTemplate\":\"http:\/\/www.drink.com.ar\/wordpress\/?s={search_term_string}\"},\"query-input\":{\"@type\":\"PropertyValueSpecification\",\"valueRequired\":true,\"valueName\":\"search_term_string\"}}],\"inLanguage\":\"es-AR\"},{\"@type\":\"Organization\",\"@id\":\"http:\/\/www.drink.com.ar\/wordpress\/#organization\",\"name\":\"Drink & Co\",\"url\":\"http:\/\/www.drink.com.ar\/wordpress\/\",\"logo\":{\"@type\":\"ImageObject\",\"inLanguage\":\"es-AR\",\"@id\":\"http:\/\/www.drink.com.ar\/wordpress\/#\/schema\/logo\/image\/\",\"url\":\"http:\/\/www.drink.com.ar\/wordpress\/wp-content\/uploads\/2019\/03\/otro-logo2-scaled.png\",\"contentUrl\":\"http:\/\/www.drink.com.ar\/wordpress\/wp-content\/uploads\/2019\/03\/otro-logo2-scaled.png\",\"width\":2560,\"height\":477,\"caption\":\"Drink & Co\"},\"image\":{\"@id\":\"http:\/\/www.drink.com.ar\/wordpress\/#\/schema\/logo\/image\/\"}}]}<\/script>\n<!-- \/ Yoast SEO plugin. -->","yoast_head_json":{"title":"Vino Navarro Correas Selecci\u00f3n Del Enologo 750 cc x 06 unidades - Drink.com","robots":{"index":"index","follow":"follow","max-snippet":"max-snippet:-1","max-image-preview":"max-image-preview:large","max-video-preview":"max-video-preview:-1"},"canonical":"http:\/\/www.drink.com.ar\/wordpress\/index.php\/product\/navarro-correas-seleccion-del-enologo-caja-x-6\/","og_locale":"es_ES","og_type":"article","og_title":"Vino Navarro Correas Selecci\u00f3n Del Enologo 750 cc x 06 unidades - Drink.com","og_description":"elecci\u00f3n del En\u00f3logo nace del esp\u00edritu inquieto y creador de los en\u00f3logos e ingenieros de Navarro Correas, que invitan a experimentar partidas especialmente seleccionadas, para dar origen a un vino \u00fanico en cada cosecha. De notable color Rojo viol\u00e1ceo intenso. Gran variedad de aromas y sabores intensos a frutas y flores como cerezas rojas, frambuesas [&hellip;]","og_url":"http:\/\/www.drink.com.ar\/wordpress\/index.php\/product\/navarro-correas-seleccion-del-enologo-caja-x-6\/","og_site_name":"Drink.com","article_modified_time":"2021-07-04T22:02:23+00:00","og_image":[{"width":215,"height":558,"url":"http:\/\/www.drink.com.ar\/wordpress\/wp-content\/uploads\/2019\/04\/semalbec.png","type":"image\/png"}],"twitter_card":"summary_large_image","twitter_misc":{"Tiempo de lectura":"1 minuto"},"schema":{"@context":"https:\/\/schema.org","@graph":[{"@type":"WebPage","@id":"http:\/\/www.drink.com.ar\/wordpress\/index.php\/product\/navarro-correas-seleccion-del-enologo-caja-x-6\/","url":"http:\/\/www.drink.com.ar\/wordpress\/index.php\/product\/navarro-correas-seleccion-del-enologo-caja-x-6\/","name":"Vino Navarro Correas Selecci\u00f3n Del Enologo 750 cc x 06 unidades - Drink.com","isPartOf":{"@id":"http:\/\/www.drink.com.ar\/wordpress\/#website"},"primaryImageOfPage":{"@id":"http:\/\/www.drink.com.ar\/wordpress\/index.php\/product\/navarro-correas-seleccion-del-enologo-caja-x-6\/#primaryimage"},"image":{"@id":"http:\/\/www.drink.com.ar\/wordpress\/index.php\/product\/navarro-correas-seleccion-del-enologo-caja-x-6\/#primaryimage"},"thumbnailUrl":"http:\/\/www.drink.com.ar\/wordpress\/wp-content\/uploads\/2019\/04\/semalbec.png","datePublished":"2019-04-01T17:11:07+00:00","dateModified":"2021-07-04T22:02:23+00:00","breadcrumb":{"@id":"http:\/\/www.drink.com.ar\/wordpress\/index.php\/product\/navarro-correas-seleccion-del-enologo-caja-x-6\/#breadcrumb"},"inLanguage":"es-AR","potentialAction":[{"@type":"ReadAction","target":["http:\/\/www.drink.com.ar\/wordpress\/index.php\/product\/navarro-correas-seleccion-del-enologo-caja-x-6\/"]}]},{"@type":"ImageObject","inLanguage":"es-AR","@id":"http:\/\/www.drink.com.ar\/wordpress\/index.php\/product\/navarro-correas-seleccion-del-enologo-caja-x-6\/#primaryimage","url":"http:\/\/www.drink.com.ar\/wordpress\/wp-content\/uploads\/2019\/04\/semalbec.png","contentUrl":"http:\/\/www.drink.com.ar\/wordpress\/wp-content\/uploads\/2019\/04\/semalbec.png","width":215,"height":558},{"@type":"BreadcrumbList","@id":"http:\/\/www.drink.com.ar\/wordpress\/index.php\/product\/navarro-correas-seleccion-del-enologo-caja-x-6\/#breadcrumb","itemListElement":[{"@type":"ListItem","position":1,"name":"Inicio","item":"http:\/\/www.drink.com.ar\/wordpress\/"},{"@type":"ListItem","position":2,"name":"Nuestra tienda","item":"http:\/\/www.drink.com.ar\/wordpress\/"},{"@type":"ListItem","position":3,"name":"Vino Navarro Correas Selecci\u00f3n Del Enologo 750 cc x 06 unidades"}]},{"@type":"WebSite","@id":"http:\/\/www.drink.com.ar\/wordpress\/#website","url":"http:\/\/www.drink.com.ar\/wordpress\/","name":"Drink &amp; Co","description":"No tomar\u00e1s en vano, inventa siempre un pretexto","publisher":{"@id":"http:\/\/www.drink.com.ar\/wordpress\/#organization"},"potentialAction":[{"@type":"SearchAction","target":{"@type":"EntryPoint","urlTemplate":"http:\/\/www.drink.com.ar\/wordpress\/?s={search_term_string}"},"query-input":{"@type":"PropertyValueSpecification","valueRequired":true,"valueName":"search_term_string"}}],"inLanguage":"es-AR"},{"@type":"Organization","@id":"http:\/\/www.drink.com.ar\/wordpress\/#organization","name":"Drink & Co","url":"http:\/\/www.drink.com.ar\/wordpress\/","logo":{"@type":"ImageObject","inLanguage":"es-AR","@id":"http:\/\/www.drink.com.ar\/wordpress\/#\/schema\/logo\/image\/","url":"http:\/\/www.drink.com.ar\/wordpress\/wp-content\/uploads\/2019\/03\/otro-logo2-scaled.png","contentUrl":"http:\/\/www.drink.com.ar\/wordpress\/wp-content\/uploads\/2019\/03\/otro-logo2-scaled.png","width":2560,"height":477,"caption":"Drink & Co"},"image":{"@id":"http:\/\/www.drink.com.ar\/wordpress\/#\/schema\/logo\/image\/"}}]}},"jetpack_sharing_enabled":true,"_links":{"self":[{"href":"http:\/\/www.drink.com.ar\/wordpress\/index.php\/wp-json\/wp\/v2\/product\/917","targetHints":{"allow":["GET"]}}],"collection":[{"href":"http:\/\/www.drink.com.ar\/wordpress\/index.php\/wp-json\/wp\/v2\/product"}],"about":[{"href":"http:\/\/www.drink.com.ar\/wordpress\/index.php\/wp-json\/wp\/v2\/types\/product"}],"replies":[{"embeddable":true,"href":"http:\/\/www.drink.com.ar\/wordpress\/index.php\/wp-json\/wp\/v2\/comments?post=917"}],"wp:featuredmedia":[{"embeddable":true,"href":"http:\/\/www.drink.com.ar\/wordpress\/index.php\/wp-json\/wp\/v2\/media\/956"}],"wp:attachment":[{"href":"http:\/\/www.drink.com.ar\/wordpress\/index.php\/wp-json\/wp\/v2\/media?parent=917"}],"curies":[{"name":"wp","href":"https:\/\/api.w.org\/{rel}","templated":true}]}}