{"id":919,"date":"2019-04-01T14:11:09","date_gmt":"2019-04-01T17:11:09","guid":{"rendered":"http:\/\/www.drink.com.ar\/wordpress\/index.php\/product\/perro-callejero-malbec-caja-x-6\/"},"modified":"2025-11-04T14:06:12","modified_gmt":"2025-11-04T17:06:12","slug":"perro-callejero-malbec-caja-x-6","status":"publish","type":"product","link":"http:\/\/www.drink.com.ar\/wordpress\/index.php\/product\/perro-callejero-malbec-caja-x-6\/","title":{"rendered":"Vino Perro Callejero Malbec 750 CC x 06 unidades."},"content":{"rendered":"<blockquote><p>Perro Callejero, fiel a sus convicciones e incansable buscador.<\/p>\n<p>Guiado por su olfato enfrenta d\u00eda a d\u00eda su propio destino.<\/p>\n<p>Perro Callejero que busca ese hueso de oro hasta las \u00faltimas consecuencias.<\/p>\n<p>No intentes domesticarlo\u2026 \u00e9l es su propio due\u00f1o.<\/p><\/blockquote>\n<p>&nbsp;<\/p>\n<p><a href=\"http:\/\/www.mosquitamuertawines.com\/wp-content\/uploads\/2018\/10\/PERRO-CALLEJERO-BLEND-DE-MALBEC-ES-liviano.pdf\">Ficha T\u00e9cnica<\/a><\/p>\n<p>&nbsp;<\/p>\n<p><strong>BLEND DE TINTAS<\/strong><\/p>\n<p>Perdriel | 50% Malbec<\/p>\n<p>El Manzano | 25% Malbec<\/p>\n<p>Los Chacayes | 25% Malbec<\/p>\n<p>Cosecha manual en cajas de 15 Kg.\u00a0Cada cuartel se cosecha en diferentes etapas, obteni\u00e9ndose perfiles de vinos totalmente diferenciados en cada caso.<\/p>\n","protected":false},"excerpt":{"rendered":"<p>Perro Callejero, fiel a sus convicciones e incansable buscador. Guiado por su olfato enfrenta d\u00eda a d\u00eda su propio destino. Perro Callejero que busca ese hueso de oro hasta las \u00faltimas consecuencias. No intentes domesticarlo\u2026 \u00e9l es su propio due\u00f1o. &nbsp; Ficha T\u00e9cnica &nbsp; BLEND DE TINTAS Perdriel | 50% Malbec El Manzano | 25% [&hellip;]<\/p>\n","protected":false},"featured_media":945,"comment_status":"open","ping_status":"closed","template":"","meta":{"jetpack_post_was_ever_published":false,"jetpack_publicize_message":"","jetpack_publicize_feature_enabled":true,"jetpack_social_post_already_shared":true,"jetpack_social_options":{"image_generator_settings":{"template":"highway","enabled":false},"version":2}},"class_list":["post-919","product","type-product","status-publish","has-post-thumbnail","hentry","product_cat-vinos","product_cat-malbec","product_cat-tintos"],"jetpack_publicize_connections":[],"brands":[],"yoast_head":"<!-- This site is optimized with the Yoast SEO plugin v24.7 - https:\/\/yoast.com\/wordpress\/plugins\/seo\/ -->\n<title>Vino Perro Callejero Malbec 750 CC x 06 unidades. - Drink.com<\/title>\n<meta name=\"robots\" content=\"index, follow, max-snippet:-1, max-image-preview:large, max-video-preview:-1\" \/>\n<link rel=\"canonical\" href=\"http:\/\/www.drink.com.ar\/wordpress\/index.php\/product\/perro-callejero-malbec-caja-x-6\/\" \/>\n<meta property=\"og:locale\" content=\"es_ES\" \/>\n<meta property=\"og:type\" content=\"article\" \/>\n<meta property=\"og:title\" content=\"Vino Perro Callejero Malbec 750 CC x 06 unidades. - Drink.com\" \/>\n<meta property=\"og:description\" content=\"Perro Callejero, fiel a sus convicciones e incansable buscador. Guiado por su olfato enfrenta d\u00eda a d\u00eda su propio destino. Perro Callejero que busca ese hueso de oro hasta las \u00faltimas consecuencias. No intentes domesticarlo\u2026 \u00e9l es su propio due\u00f1o. &nbsp; Ficha T\u00e9cnica &nbsp; BLEND DE TINTAS Perdriel | 50% Malbec El Manzano | 25% [&hellip;]\" \/>\n<meta property=\"og:url\" content=\"http:\/\/www.drink.com.ar\/wordpress\/index.php\/product\/perro-callejero-malbec-caja-x-6\/\" \/>\n<meta property=\"og:site_name\" content=\"Drink.com\" \/>\n<meta property=\"article:modified_time\" content=\"2025-11-04T17:06:12+00:00\" \/>\n<meta property=\"og:image\" content=\"http:\/\/www.drink.com.ar\/wordpress\/wp-content\/uploads\/2019\/04\/thumb_53085_default_medium.jpeg\" \/>\n\t<meta property=\"og:image:width\" content=\"308\" \/>\n\t<meta property=\"og:image:height\" content=\"436\" \/>\n\t<meta property=\"og:image:type\" content=\"image\/jpeg\" \/>\n<meta name=\"twitter:card\" content=\"summary_large_image\" \/>\n<script type=\"application\/ld+json\" class=\"yoast-schema-graph\">{\"@context\":\"https:\/\/schema.org\",\"@graph\":[{\"@type\":\"WebPage\",\"@id\":\"http:\/\/www.drink.com.ar\/wordpress\/index.php\/product\/perro-callejero-malbec-caja-x-6\/\",\"url\":\"http:\/\/www.drink.com.ar\/wordpress\/index.php\/product\/perro-callejero-malbec-caja-x-6\/\",\"name\":\"Vino Perro Callejero Malbec 750 CC x 06 unidades. - Drink.com\",\"isPartOf\":{\"@id\":\"http:\/\/www.drink.com.ar\/wordpress\/#website\"},\"primaryImageOfPage\":{\"@id\":\"http:\/\/www.drink.com.ar\/wordpress\/index.php\/product\/perro-callejero-malbec-caja-x-6\/#primaryimage\"},\"image\":{\"@id\":\"http:\/\/www.drink.com.ar\/wordpress\/index.php\/product\/perro-callejero-malbec-caja-x-6\/#primaryimage\"},\"thumbnailUrl\":\"http:\/\/www.drink.com.ar\/wordpress\/wp-content\/uploads\/2019\/04\/thumb_53085_default_medium.jpeg\",\"datePublished\":\"2019-04-01T17:11:09+00:00\",\"dateModified\":\"2025-11-04T17:06:12+00:00\",\"breadcrumb\":{\"@id\":\"http:\/\/www.drink.com.ar\/wordpress\/index.php\/product\/perro-callejero-malbec-caja-x-6\/#breadcrumb\"},\"inLanguage\":\"es-AR\",\"potentialAction\":[{\"@type\":\"ReadAction\",\"target\":[\"http:\/\/www.drink.com.ar\/wordpress\/index.php\/product\/perro-callejero-malbec-caja-x-6\/\"]}]},{\"@type\":\"ImageObject\",\"inLanguage\":\"es-AR\",\"@id\":\"http:\/\/www.drink.com.ar\/wordpress\/index.php\/product\/perro-callejero-malbec-caja-x-6\/#primaryimage\",\"url\":\"http:\/\/www.drink.com.ar\/wordpress\/wp-content\/uploads\/2019\/04\/thumb_53085_default_medium.jpeg\",\"contentUrl\":\"http:\/\/www.drink.com.ar\/wordpress\/wp-content\/uploads\/2019\/04\/thumb_53085_default_medium.jpeg\",\"width\":308,\"height\":436},{\"@type\":\"BreadcrumbList\",\"@id\":\"http:\/\/www.drink.com.ar\/wordpress\/index.php\/product\/perro-callejero-malbec-caja-x-6\/#breadcrumb\",\"itemListElement\":[{\"@type\":\"ListItem\",\"position\":1,\"name\":\"Inicio\",\"item\":\"http:\/\/www.drink.com.ar\/wordpress\/\"},{\"@type\":\"ListItem\",\"position\":2,\"name\":\"Nuestra tienda\",\"item\":\"http:\/\/www.drink.com.ar\/wordpress\/\"},{\"@type\":\"ListItem\",\"position\":3,\"name\":\"Vino Perro Callejero Malbec 750 CC x 06 unidades.\"}]},{\"@type\":\"WebSite\",\"@id\":\"http:\/\/www.drink.com.ar\/wordpress\/#website\",\"url\":\"http:\/\/www.drink.com.ar\/wordpress\/\",\"name\":\"Drink &amp; Co\",\"description\":\"No tomar\u00e1s en vano, inventa siempre un pretexto\",\"publisher\":{\"@id\":\"http:\/\/www.drink.com.ar\/wordpress\/#organization\"},\"potentialAction\":[{\"@type\":\"SearchAction\",\"target\":{\"@type\":\"EntryPoint\",\"urlTemplate\":\"http:\/\/www.drink.com.ar\/wordpress\/?s={search_term_string}\"},\"query-input\":{\"@type\":\"PropertyValueSpecification\",\"valueRequired\":true,\"valueName\":\"search_term_string\"}}],\"inLanguage\":\"es-AR\"},{\"@type\":\"Organization\",\"@id\":\"http:\/\/www.drink.com.ar\/wordpress\/#organization\",\"name\":\"Drink & Co\",\"url\":\"http:\/\/www.drink.com.ar\/wordpress\/\",\"logo\":{\"@type\":\"ImageObject\",\"inLanguage\":\"es-AR\",\"@id\":\"http:\/\/www.drink.com.ar\/wordpress\/#\/schema\/logo\/image\/\",\"url\":\"http:\/\/www.drink.com.ar\/wordpress\/wp-content\/uploads\/2019\/03\/otro-logo2-scaled.png\",\"contentUrl\":\"http:\/\/www.drink.com.ar\/wordpress\/wp-content\/uploads\/2019\/03\/otro-logo2-scaled.png\",\"width\":2560,\"height\":477,\"caption\":\"Drink & Co\"},\"image\":{\"@id\":\"http:\/\/www.drink.com.ar\/wordpress\/#\/schema\/logo\/image\/\"}}]}<\/script>\n<!-- \/ Yoast SEO plugin. -->","yoast_head_json":{"title":"Vino Perro Callejero Malbec 750 CC x 06 unidades. - Drink.com","robots":{"index":"index","follow":"follow","max-snippet":"max-snippet:-1","max-image-preview":"max-image-preview:large","max-video-preview":"max-video-preview:-1"},"canonical":"http:\/\/www.drink.com.ar\/wordpress\/index.php\/product\/perro-callejero-malbec-caja-x-6\/","og_locale":"es_ES","og_type":"article","og_title":"Vino Perro Callejero Malbec 750 CC x 06 unidades. - Drink.com","og_description":"Perro Callejero, fiel a sus convicciones e incansable buscador. Guiado por su olfato enfrenta d\u00eda a d\u00eda su propio destino. Perro Callejero que busca ese hueso de oro hasta las \u00faltimas consecuencias. No intentes domesticarlo\u2026 \u00e9l es su propio due\u00f1o. &nbsp; Ficha T\u00e9cnica &nbsp; BLEND DE TINTAS Perdriel | 50% Malbec El Manzano | 25% [&hellip;]","og_url":"http:\/\/www.drink.com.ar\/wordpress\/index.php\/product\/perro-callejero-malbec-caja-x-6\/","og_site_name":"Drink.com","article_modified_time":"2025-11-04T17:06:12+00:00","og_image":[{"width":308,"height":436,"url":"http:\/\/www.drink.com.ar\/wordpress\/wp-content\/uploads\/2019\/04\/thumb_53085_default_medium.jpeg","type":"image\/jpeg"}],"twitter_card":"summary_large_image","schema":{"@context":"https:\/\/schema.org","@graph":[{"@type":"WebPage","@id":"http:\/\/www.drink.com.ar\/wordpress\/index.php\/product\/perro-callejero-malbec-caja-x-6\/","url":"http:\/\/www.drink.com.ar\/wordpress\/index.php\/product\/perro-callejero-malbec-caja-x-6\/","name":"Vino Perro Callejero Malbec 750 CC x 06 unidades. - Drink.com","isPartOf":{"@id":"http:\/\/www.drink.com.ar\/wordpress\/#website"},"primaryImageOfPage":{"@id":"http:\/\/www.drink.com.ar\/wordpress\/index.php\/product\/perro-callejero-malbec-caja-x-6\/#primaryimage"},"image":{"@id":"http:\/\/www.drink.com.ar\/wordpress\/index.php\/product\/perro-callejero-malbec-caja-x-6\/#primaryimage"},"thumbnailUrl":"http:\/\/www.drink.com.ar\/wordpress\/wp-content\/uploads\/2019\/04\/thumb_53085_default_medium.jpeg","datePublished":"2019-04-01T17:11:09+00:00","dateModified":"2025-11-04T17:06:12+00:00","breadcrumb":{"@id":"http:\/\/www.drink.com.ar\/wordpress\/index.php\/product\/perro-callejero-malbec-caja-x-6\/#breadcrumb"},"inLanguage":"es-AR","potentialAction":[{"@type":"ReadAction","target":["http:\/\/www.drink.com.ar\/wordpress\/index.php\/product\/perro-callejero-malbec-caja-x-6\/"]}]},{"@type":"ImageObject","inLanguage":"es-AR","@id":"http:\/\/www.drink.com.ar\/wordpress\/index.php\/product\/perro-callejero-malbec-caja-x-6\/#primaryimage","url":"http:\/\/www.drink.com.ar\/wordpress\/wp-content\/uploads\/2019\/04\/thumb_53085_default_medium.jpeg","contentUrl":"http:\/\/www.drink.com.ar\/wordpress\/wp-content\/uploads\/2019\/04\/thumb_53085_default_medium.jpeg","width":308,"height":436},{"@type":"BreadcrumbList","@id":"http:\/\/www.drink.com.ar\/wordpress\/index.php\/product\/perro-callejero-malbec-caja-x-6\/#breadcrumb","itemListElement":[{"@type":"ListItem","position":1,"name":"Inicio","item":"http:\/\/www.drink.com.ar\/wordpress\/"},{"@type":"ListItem","position":2,"name":"Nuestra tienda","item":"http:\/\/www.drink.com.ar\/wordpress\/"},{"@type":"ListItem","position":3,"name":"Vino Perro Callejero Malbec 750 CC x 06 unidades."}]},{"@type":"WebSite","@id":"http:\/\/www.drink.com.ar\/wordpress\/#website","url":"http:\/\/www.drink.com.ar\/wordpress\/","name":"Drink &amp; Co","description":"No tomar\u00e1s en vano, inventa siempre un pretexto","publisher":{"@id":"http:\/\/www.drink.com.ar\/wordpress\/#organization"},"potentialAction":[{"@type":"SearchAction","target":{"@type":"EntryPoint","urlTemplate":"http:\/\/www.drink.com.ar\/wordpress\/?s={search_term_string}"},"query-input":{"@type":"PropertyValueSpecification","valueRequired":true,"valueName":"search_term_string"}}],"inLanguage":"es-AR"},{"@type":"Organization","@id":"http:\/\/www.drink.com.ar\/wordpress\/#organization","name":"Drink & Co","url":"http:\/\/www.drink.com.ar\/wordpress\/","logo":{"@type":"ImageObject","inLanguage":"es-AR","@id":"http:\/\/www.drink.com.ar\/wordpress\/#\/schema\/logo\/image\/","url":"http:\/\/www.drink.com.ar\/wordpress\/wp-content\/uploads\/2019\/03\/otro-logo2-scaled.png","contentUrl":"http:\/\/www.drink.com.ar\/wordpress\/wp-content\/uploads\/2019\/03\/otro-logo2-scaled.png","width":2560,"height":477,"caption":"Drink & Co"},"image":{"@id":"http:\/\/www.drink.com.ar\/wordpress\/#\/schema\/logo\/image\/"}}]}},"jetpack_sharing_enabled":true,"_links":{"self":[{"href":"http:\/\/www.drink.com.ar\/wordpress\/index.php\/wp-json\/wp\/v2\/product\/919","targetHints":{"allow":["GET"]}}],"collection":[{"href":"http:\/\/www.drink.com.ar\/wordpress\/index.php\/wp-json\/wp\/v2\/product"}],"about":[{"href":"http:\/\/www.drink.com.ar\/wordpress\/index.php\/wp-json\/wp\/v2\/types\/product"}],"replies":[{"embeddable":true,"href":"http:\/\/www.drink.com.ar\/wordpress\/index.php\/wp-json\/wp\/v2\/comments?post=919"}],"wp:featuredmedia":[{"embeddable":true,"href":"http:\/\/www.drink.com.ar\/wordpress\/index.php\/wp-json\/wp\/v2\/media\/945"}],"wp:attachment":[{"href":"http:\/\/www.drink.com.ar\/wordpress\/index.php\/wp-json\/wp\/v2\/media?parent=919"}],"curies":[{"name":"wp","href":"https:\/\/api.w.org\/{rel}","templated":true}]}}